{"id":4036,"date":"2026-02-03T15:27:50","date_gmt":"2026-02-03T15:27:50","guid":{"rendered":"https:\/\/demo8.izveide.id.lv\/?post_type=product&#038;p=4036"},"modified":"2026-02-03T15:27:54","modified_gmt":"2026-02-03T15:27:54","slug":"slv1099-lk","status":"publish","type":"product","link":"https:\/\/demo8.izveide.id.lv\/lv\/products\/slv1099-lk\/","title":{"rendered":"SLV1099 LK"},"content":{"rendered":"<p><img decoding=\"async\" src=\"\/wp-content\/uploads\/2026\/01\/SLV1099-LK-PARENT_desc.jpg\"\/><\/p>\n<p><p><\/p>\n<p><b>REINIGUNGSKONZENTRAT AUF BASIS NACHWACHSENER ROHSTOFFE<\/b><\/p>\n<p><b>Produktbeschreibung:<br \/><\/b><\/p>\n<p>&#8220;SLV1099 LK&#8221; ist ein Konzentrat aus nativen Rohstoffen und kann f\u00fcr die meisten Reinigungsarbeiten verwendet werden.<\/p>\n<p><b>Anwendung:<\/b><\/p>\n<p style=\"text-align: justify; \"><span style=\"letter-spacing: normal;\">&#8220;SLV1099 LK&#8221;<\/span> hat viele Einsatzm\u00f6glichkeiten z. B. Sanit\u00e4rbereiche, K\u00fcchenbereich, Glasreinigung, Nikotinentfernung und Obstfleckenentfernung, Klebstoffentferner, Farben usw. <\/p>\n<p style=\"text-align: justify; \">Wird mit Wasser in einer Verd\u00fcnnung 1:50 &#8211; 1:100 eni gesetzt. Bei der Glasreinigung mit einen trockenen, fusselfreien Tuch nachreiben. Zum Etiketten- und Farbabl\u00f6sung pur einsetzen. <\/p>\n<p style=\"text-align: justify; \">Bei Erstanwendung Materialvertr\u00e4glichkeit und auf Farbechtheit an verdeckter Stelle \u00fcberpr\u00fcfen.<\/p>\n<p style=\"text-align: justify; \"><b>Hinweise:<\/b><\/p>\n<p style=\"text-align: justify; \">Bei Reinigung von Kunststoffoberfl\u00e4chen ist umbedingt ein Materialvertr\u00e4glichkeitstest erforderlich. <\/p>\n<p style=\"text-align: justify; \">Enth\u00e4lt 5-15 % nichtionischen Tensiden, Terpene, und Alkohole.<\/p>\n<p style=\"text-align: justify; \"><b>pH-Wert (konz):<\/b> 7,2 <b><br \/><\/b><\/p><\/p>\n","protected":false},"excerpt":{"rendered":"<p>REINIGUNGSKONZENTRAT AUF BASIS NACHWACHSENER ROHSTOFFE Produktbeschreibung: &#8220;SLV1099 LK&#8221; ist ein Konzentrat aus nativen Rohstoffen und kann f\u00fcr die meisten Reinigungsarbeiten verwendet werden. Anwendung: &#8220;SLV1099 LK&#8221; hat viele Einsatzm\u00f6glichkeiten z. B. Sanit\u00e4rbereiche, K\u00fcchenbereich, Glasreinigung, Nikotinentfernung und Obstfleckenentfernung, Klebstoffentferner, Farben usw. Wird mit Wasser in einer Verd\u00fcnnung 1:50 &#8211; 1:100 eni gesetzt. Bei der Glasreinigung mit einen&#8230;<\/p>\n","protected":false},"featured_media":4037,"comment_status":"open","ping_status":"closed","template":"","meta":[],"product_brand":[319],"product_cat":[426,414,417,441,432],"product_tag":[],"class_list":{"0":"post-4036","1":"product","2":"type-product","3":"status-publish","4":"has-post-thumbnail","6":"product_brand-chemie-spezial","7":"product_cat-aukstie-tiritaji-un-specialie-skidinataji","8":"product_cat-chemie-spezial-produkti","9":"product_cat-industrija","10":"product_cat-specialie-produkti-un-disku-tiritaji","11":"product_cat-vieglo-motociklu-un-kravas-auto-tiritaji","13":"first","14":"instock","15":"shipping-taxable","16":"purchasable","17":"product-type-variable","18":"has-default-attributes"},"_links":{"self":[{"href":"https:\/\/demo8.izveide.id.lv\/lv\/wp-json\/wp\/v2\/product\/4036","targetHints":{"allow":["GET"]}}],"collection":[{"href":"https:\/\/demo8.izveide.id.lv\/lv\/wp-json\/wp\/v2\/product"}],"about":[{"href":"https:\/\/demo8.izveide.id.lv\/lv\/wp-json\/wp\/v2\/types\/product"}],"replies":[{"embeddable":true,"href":"https:\/\/demo8.izveide.id.lv\/lv\/wp-json\/wp\/v2\/comments?post=4036"}],"wp:featuredmedia":[{"embeddable":true,"href":"https:\/\/demo8.izveide.id.lv\/lv\/wp-json\/wp\/v2\/media\/4037"}],"wp:attachment":[{"href":"https:\/\/demo8.izveide.id.lv\/lv\/wp-json\/wp\/v2\/media?parent=4036"}],"wp:term":[{"taxonomy":"product_brand","embeddable":true,"href":"https:\/\/demo8.izveide.id.lv\/lv\/wp-json\/wp\/v2\/product_brand?post=4036"},{"taxonomy":"product_cat","embeddable":true,"href":"https:\/\/demo8.izveide.id.lv\/lv\/wp-json\/wp\/v2\/product_cat?post=4036"},{"taxonomy":"product_tag","embeddable":true,"href":"https:\/\/demo8.izveide.id.lv\/lv\/wp-json\/wp\/v2\/product_tag?post=4036"}],"curies":[{"name":"wp","href":"https:\/\/api.w.org\/{rel}","templated":true}]}}