{"id":4032,"date":"2026-02-03T15:27:49","date_gmt":"2026-02-03T15:27:49","guid":{"rendered":"https:\/\/demo8.izveide.id.lv\/?post_type=product&#038;p=4032"},"modified":"2026-02-03T15:27:54","modified_gmt":"2026-02-03T15:27:54","slug":"col1092-cn","status":"publish","type":"product","link":"https:\/\/demo8.izveide.id.lv\/lv\/products\/col1092-cn\/","title":{"rendered":"COL1092 CN"},"content":{"rendered":"<p><img decoding=\"async\" src=\"\/wp-content\/uploads\/2026\/01\/COL1092-CN-PARENT_desc.jpg\"\/><\/p>\n<p><p><\/p>\n<p><b>WASSERMISCHBARES, MINERAL<\/b><span style=\"font-family: Arial, Helvetica, sans-serif; font-weight: 700; letter-spacing: normal; text-align: justify; background-color: rgba(255, 255, 255, 0.8);\">\u00d6<\/span><b>LHALTIGES K<\/b><strong style=\"font-family: Arial, Helvetica, sans-serif; letter-spacing: normal; background-color: rgba(255, 255, 255, 0.8);\">\u00dc<\/strong><b>HLSCHMIERMITTEL<\/b><\/p>\n<p><b style=\"font-family: Arial; font-size: 13.3333px; letter-spacing: normal;\">Produkt beschreibung:<\/b><\/p>\n<p><span style=\"font-family: Arial; font-size: small; letter-spacing: normal; text-align: justify;\">&#8220;COL1092 CN&#8221; ist ein hochlegiertes K\u00fchlschmiermittel auf Mineral\u00f6lbasis. Das Produkt ist frei von Bor, Aminen und deren Derivaten.<\/span><\/p>\n<p><span style=\"font-family: Arial; letter-spacing: normal;\">Eine Bildung von Nitrosaminen ist somit ausgeschlossen, soweit keine nitrierten Teile verarbeitet werden.<\/span><b -webkit-left;\"=\"\" font-size:=\"\" medium;=\"\" new=\"\" roman\";=\"\" style=\"letter-spacing: normal; font-family: \" text-align:=\"\" times=\"\"><span style=\"font-size: 10pt; font-family: Arial;\">Anwendungstechnik:<\/span><\/b><br \/><span style=\"font-family: Arial; letter-spacing: normal;\">&#8220;COL1092 CN&#8221;<\/span><span style=\"font-family: Arial; letter-spacing: normal; text-align: left;\"> besitzt in seiner Anwendungskonzentration ein hohes Netzverm\u00f6gen und eine gute Sp\u00fclwirkung. <\/span><span style=\"font-family: Arial; letter-spacing: normal;\">&#8220;COL1092 CN&#8221;<\/span><span style=\"font-family: Arial; letter-spacing: normal; text-align: left;\"> eignet sich zum Einsatz in einzelbef\u00fcllten Anlagen und Zentralanlagen wo &#8211; bedingt durch dauerhafte Begrenzung des mikrobiziden Bewuchses und wirksame Puffersubstanzen zur pH &#8211; Wert &#8211; Erhaltung, ein problemloser Einsatz gew\u00e4hrleistet ist.<\/span><span style=\"font-family: Arial; letter-spacing: normal; text-align: left;\"><span style=\"font-family: Arial; letter-spacing: normal;\">Aufgrund seines Aufbaus wird <\/span><span style=\"font-family: Arial; letter-spacing: normal;\">&#8220;COL1092 CN&#8221;<\/span><span style=\"font-family: Arial; letter-spacing: normal;\"> mit Erfolg bei Werkstoffen bis zu einer Festigkeit von 1000 N\/mm\u00b2 beim Drehen, Bohren und S\u00e4gen eingesetzt.<\/span><\/span><span style=\"font-family: Arial; letter-spacing: normal; text-align: left;\"><span style=\"font-family: Arial; letter-spacing: normal;\">Eine Bearbeitung von Buntmetalle ist aufgrund seiner Inhibierung m\u00f6glich. Aluminiumlegierungen werden ebenfalls nicht angegriffen. Die Vertr\u00e4glichkeit gegen\u00fcber handels\u00fcblichen Maschinenlacken ist bis zu einer Konzentration von 15 % gew\u00e4hrleistet.<\/span><\/span><span style=\"font-family: Arial; letter-spacing: normal; text-align: left;\"><span style=\"font-family: Arial; letter-spacing: normal;\">&#8220;COL1092 CN&#8221;<\/span><span style=\"font-family: Arial; letter-spacing: normal;\"> verf\u00fcgt \u00fcber ausgepr\u00e4gte Korrosionschutzeigenschaften, sowie einem Legierungssystem f\u00fcr h\u00f6here Zerspanungsleistung.<\/span><\/span><span style=\"font-family: Arial; letter-spacing: normal; text-align: left;\"><span style=\"font-family: Arial; letter-spacing: normal;\">&#8220;COL1092 CN&#8221;<\/span><span style=\"font-family: Arial; letter-spacing: normal;\"> ist frei von Konservierungsmittel und daher sehr hautfreundlich.<\/span><b -webkit-left;\"=\"\" font-size:=\"\" letter-spacing:=\"\" medium;=\"\" new=\"\" normal;=\"\" roman\";=\"\" style=\"font-family: \" text-align:=\"\" times=\"\"><span style=\"font-size: 10pt; font-family: Arial;\">Technische Daten: <\/span><\/b><span style=\"font-family: Arial; letter-spacing: normal;\"><br \/><\/span><\/span><span style=\"font-family: Arial; letter-spacing: normal; text-align: left;\"><b>Dichte ( 20 \u00b0C ): <\/b><span style=\"font-family: Arial; letter-spacing: normal; text-align: -webkit-left;\">0,95 g\/cm\u00b3<\/span><\/span><span style=\"font-family: Arial; letter-spacing: normal; text-align: left;\"><b>pH-Wert (5 %): <\/b><span style=\"font-family: Arial; letter-spacing: normal; text-align: -webkit-left;\">9,3<\/span><\/span><span style=\"font-family: Arial; letter-spacing: normal; text-align: left;\"><b>Einsatzkonzentration: <\/b><span style=\"font-family: Arial; letter-spacing: normal; text-align: -webkit-left;\">4 &#8211; 6 % je nach Materialbeschaffenheit<\/span><\/span><span style=\"font-family: Arial; letter-spacing: normal; text-align: left;\"><b>Viskosit\u00e4t ( 20 \u00b0C ): <\/b><span style=\"font-family: Arial; letter-spacing: normal; text-align: -webkit-left;\">150 mm\u00b2\/s<\/span><\/span><span style=\"font-family: Arial; letter-spacing: normal; text-align: left;\"><b>Refraktometerwert: <\/b><span style=\"font-family: Arial; letter-spacing: normal; text-align: -webkit-left;\">1,0<\/span><br style=\"font-family: Arial; letter-spacing: normal; text-align: -webkit-left;\"\/><b><span style=\"font-family: Arial; letter-spacing: normal; text-align: -webkit-left;\">Korrosionsschutz: <\/b><\/span><span style=\"font-family: Arial; font-size: 13.3333px; letter-spacing: normal; text-align: -webkit-left;\">0 und 0 bis 4 % nach DIN 51360 T2<\/span><b><span -webkit-left;\"=\"\" font-size:=\"\" letter-spacing:=\"\" medium;=\"\" new=\"\" normal;=\"\" roman\";=\"\" style=\"font-family: \" text-align:=\"\" times=\"\"><span style=\"font-size: 10pt; font-family: Arial;\"><br \/><\/b><\/span><\/span><b style=\"font-family: Arial; font-size: 13.3333px; letter-spacing: normal; text-align: -webkit-left;\">Anmerkung:<\/b><span style=\"font-family: Arial; font-size: 13.3333px; letter-spacing: normal; text-align: -webkit-left;\"><br \/><\/span><span style=\"font-family: Arial; font-size: 13.3333px; letter-spacing: normal; text-align: -webkit-left;\">Dieses Merkblatt soll Sie nach bestem Wissen beraten, der Inhalt ist jedoch ohne Rechtsverbindlichkeit!<\/span><b style=\"font-family: Arial; font-size: 13.3333px; letter-spacing: normal; text-align: -webkit-left;\"><br \/><\/b><\/span><\/p>\n","protected":false},"excerpt":{"rendered":"<p>WASSERMISCHBARES, MINERAL\u00d6LHALTIGES K\u00dcHLSCHMIERMITTEL Produkt beschreibung: &#8220;COL1092 CN&#8221; ist ein hochlegiertes K\u00fchlschmiermittel auf Mineral\u00f6lbasis. Das Produkt ist frei von Bor, Aminen und deren Derivaten. Eine Bildung von Nitrosaminen ist somit ausgeschlossen, soweit keine nitrierten Teile verarbeitet werden.Anwendungstechnik:&#8220;COL1092 CN&#8221; besitzt in seiner Anwendungskonzentration ein hohes Netzverm\u00f6gen und eine gute Sp\u00fclwirkung. &#8220;COL1092 CN&#8221; eignet sich zum Einsatz in&#8230;<\/p>\n","protected":false},"featured_media":4033,"comment_status":"open","ping_status":"closed","template":"","meta":[],"product_brand":[319],"product_cat":[414,423,417],"product_tag":[],"class_list":{"0":"post-4032","1":"product","2":"type-product","3":"status-publish","4":"has-post-thumbnail","6":"product_brand-chemie-spezial","7":"product_cat-chemie-spezial-produkti","8":"product_cat-dzesesanas-smervielas","9":"product_cat-industrija","11":"first","12":"instock","13":"shipping-taxable","14":"purchasable","15":"product-type-variable","16":"has-default-attributes"},"_links":{"self":[{"href":"https:\/\/demo8.izveide.id.lv\/lv\/wp-json\/wp\/v2\/product\/4032","targetHints":{"allow":["GET"]}}],"collection":[{"href":"https:\/\/demo8.izveide.id.lv\/lv\/wp-json\/wp\/v2\/product"}],"about":[{"href":"https:\/\/demo8.izveide.id.lv\/lv\/wp-json\/wp\/v2\/types\/product"}],"replies":[{"embeddable":true,"href":"https:\/\/demo8.izveide.id.lv\/lv\/wp-json\/wp\/v2\/comments?post=4032"}],"wp:featuredmedia":[{"embeddable":true,"href":"https:\/\/demo8.izveide.id.lv\/lv\/wp-json\/wp\/v2\/media\/4033"}],"wp:attachment":[{"href":"https:\/\/demo8.izveide.id.lv\/lv\/wp-json\/wp\/v2\/media?parent=4032"}],"wp:term":[{"taxonomy":"product_brand","embeddable":true,"href":"https:\/\/demo8.izveide.id.lv\/lv\/wp-json\/wp\/v2\/product_brand?post=4032"},{"taxonomy":"product_cat","embeddable":true,"href":"https:\/\/demo8.izveide.id.lv\/lv\/wp-json\/wp\/v2\/product_cat?post=4032"},{"taxonomy":"product_tag","embeddable":true,"href":"https:\/\/demo8.izveide.id.lv\/lv\/wp-json\/wp\/v2\/product_tag?post=4032"}],"curies":[{"name":"wp","href":"https:\/\/api.w.org\/{rel}","templated":true}]}}