{"id":4026,"date":"2026-02-03T15:27:47","date_gmt":"2026-02-03T15:27:47","guid":{"rendered":"https:\/\/demo8.izveide.id.lv\/?post_type=product&#038;p=4026"},"modified":"2026-02-03T15:27:54","modified_gmt":"2026-02-03T15:27:54","slug":"alk56-lk","status":"publish","type":"product","link":"https:\/\/demo8.izveide.id.lv\/lv\/products\/alk56-lk\/","title":{"rendered":"ALK56 LK"},"content":{"rendered":"<p><img decoding=\"async\" src=\"\/wp-content\/uploads\/2026\/01\/ALK56-LK-PARENT_desc.jpg\"\/><\/p>\n<p><p><\/p>\n<p><b>KALTREINIGER UND ENTFETTUNGSMITTEL<\/b><\/p>\n<p><b>Produkt beschreibung:<br \/><\/b><\/p>\n<p style=\"text-align: justify; \">&#8220;ALK56 LK&#8221; ist ein Kaltreiniger und Entfettungsmittel mit Schnelltrennender Wirkung in \u00d6labscheidern. L\u00f6st radikal auch dicke \u00d6l- und Fettablagerungen auf Maschinen, Motoren, Werkstattb\u00f6den usw. <\/p>\n<p style=\"text-align: justify; \">Das Produkt ist geruchslos, materialschonend, mit oberfl\u00e4chenaktiven Spezialzus\u00e4tzen f\u00fcr eine gute Entfettung von Metallteilen und anderen Materialien.<\/p>\n<p style=\"\"><b>Verarbeitung:<\/b><\/p>\n<p style=\"text-align: justify; \"><span style=\"letter-spacing: normal;\">&#8220;ALK56 LK&#8221;<\/span> kann im Tauch-, Einpinsel- oder Einspr\u00fchverfahren angewendet werden. Dieses Produkt sollte bei der Anwendung eine Auftrefftemperatur von 75 \u00b0C nicht \u00fcberschreiten. Es ist nicht wassermischbar.<\/p>\n<p style=\"\"><b>Hinweise:<\/b><\/p>\n<p style=\"text-align: justify; \"><span style=\"letter-spacing: normal;\">&#8220;ALK56 LK&#8221;<\/span> nur auf l\u00f6sungsmittelfesten Materialien verwenden. Im Zweifelsfall an verdeckter Stelle einen Probeauftrag vornehmen. Geeignete Schutzkleidung (Handschuhe, Schutzbrille, K\u00f6rperschutz) tragen. <\/p>\n<p style=\"text-align: justify; \"><span style=\"letter-spacing: normal;\">&#8220;ALK56 LK&#8221;<\/span> kann bedenkenlos auf Klinker, Marmor, Keramik, Beton, Eisen, Kupfer, Messing, Bronze und Linoleum eingesetzt werden. Die Verordnungen \u00fcber den Umgang mit l\u00f6sungsmittelhaltigen Kaltreinigern beachten.<\/p>\n<p style=\"text-align: justify; \"><b>pH (konz.):<\/b> 11 <\/p><\/p>\n","protected":false},"excerpt":{"rendered":"<p>KALTREINIGER UND ENTFETTUNGSMITTEL Produkt beschreibung: &#8220;ALK56 LK&#8221; ist ein Kaltreiniger und Entfettungsmittel mit Schnelltrennender Wirkung in \u00d6labscheidern. L\u00f6st radikal auch dicke \u00d6l- und Fettablagerungen auf Maschinen, Motoren, Werkstattb\u00f6den usw. Das Produkt ist geruchslos, materialschonend, mit oberfl\u00e4chenaktiven Spezialzus\u00e4tzen f\u00fcr eine gute Entfettung von Metallteilen und anderen Materialien. Verarbeitung: &#8220;ALK56 LK&#8221; kann im Tauch-, Einpinsel- oder Einspr\u00fchverfahren&#8230;<\/p>\n","protected":false},"featured_media":4027,"comment_status":"open","ping_status":"closed","template":"","meta":[],"product_brand":[319],"product_cat":[426,414,417],"product_tag":[],"class_list":{"0":"post-4026","1":"product","2":"type-product","3":"status-publish","4":"has-post-thumbnail","6":"product_brand-chemie-spezial","7":"product_cat-aukstie-tiritaji-un-specialie-skidinataji","8":"product_cat-chemie-spezial-produkti","9":"product_cat-industrija","11":"first","12":"instock","13":"shipping-taxable","14":"purchasable","15":"product-type-variable","16":"has-default-attributes"},"_links":{"self":[{"href":"https:\/\/demo8.izveide.id.lv\/lv\/wp-json\/wp\/v2\/product\/4026","targetHints":{"allow":["GET"]}}],"collection":[{"href":"https:\/\/demo8.izveide.id.lv\/lv\/wp-json\/wp\/v2\/product"}],"about":[{"href":"https:\/\/demo8.izveide.id.lv\/lv\/wp-json\/wp\/v2\/types\/product"}],"replies":[{"embeddable":true,"href":"https:\/\/demo8.izveide.id.lv\/lv\/wp-json\/wp\/v2\/comments?post=4026"}],"wp:featuredmedia":[{"embeddable":true,"href":"https:\/\/demo8.izveide.id.lv\/lv\/wp-json\/wp\/v2\/media\/4027"}],"wp:attachment":[{"href":"https:\/\/demo8.izveide.id.lv\/lv\/wp-json\/wp\/v2\/media?parent=4026"}],"wp:term":[{"taxonomy":"product_brand","embeddable":true,"href":"https:\/\/demo8.izveide.id.lv\/lv\/wp-json\/wp\/v2\/product_brand?post=4026"},{"taxonomy":"product_cat","embeddable":true,"href":"https:\/\/demo8.izveide.id.lv\/lv\/wp-json\/wp\/v2\/product_cat?post=4026"},{"taxonomy":"product_tag","embeddable":true,"href":"https:\/\/demo8.izveide.id.lv\/lv\/wp-json\/wp\/v2\/product_tag?post=4026"}],"curies":[{"name":"wp","href":"https:\/\/api.w.org\/{rel}","templated":true}]}}