{"id":4014,"date":"2026-02-03T15:27:45","date_gmt":"2026-02-03T15:27:45","guid":{"rendered":"https:\/\/demo8.izveide.id.lv\/?post_type=product&#038;p=4014"},"modified":"2026-02-03T15:27:54","modified_gmt":"2026-02-03T15:27:54","slug":"acd1028-lk","status":"publish","type":"product","link":"https:\/\/demo8.izveide.id.lv\/lv\/products\/acd1028-lk\/","title":{"rendered":"ACD1028 LK"},"content":{"rendered":"<p><img decoding=\"async\" src=\"\/wp-content\/uploads\/2026\/01\/ACD1028-LK-PARENT_desc.jpg\"\/><\/p>\n<p><p><\/p>\n<p><b>STEINFLUAT F\u00dcR KALKHALTIGE NATUR- UND KUNSTSTEINE<\/b><\/p>\n<p style=\"text-align: justify; \"><b>Produkt beschreibung<\/b>:<\/p>\n<p style=\"text-align: justify; \">&#8220;ACD1028 LK&#8221; ist ein gebrauchsfertiges Verkieselungsmittel f\u00fcr die Kristallisation von Marmor, Terrazzo, Betonwerkstein etc.. <\/p>\n<p style=\"text-align: justify; \">Die Steinbel\u00e4ge erhalten ihre urspr\u00fcngliche, hochgl\u00e4nzende und trittsichere Oberfl\u00e4che zur\u00fcck.<\/p>\n<p style=\"text-align: justify; \"><span style=\"letter-spacing: normal;\">&#8220;ACD1028 LK&#8221;<\/span> enth\u00e4lt zus\u00e4tzlich Hartacrylate f\u00fcr eine optimale Optik. Geeignet f\u00fcr alle kalkhaltigen Steinarten wie z. B. Marmor, Terrazzo etc.<\/p>\n<p style=\"text-align: justify; \"><b>Verarbeitung<\/b>:<\/p>\n<p style=\"text-align: justify; \"><span style=\"letter-spacing: normal;\">&#8220;ACD1028 LK&#8221;<\/span> wird konzentriert oder bis max. 1:5 mit Wasser verd\u00fcnnt f\u00fcr das Kristallisationsverfahren mit Stahlwollpad aufgebracht und auspoliert.<\/p>\n<p style=\"text-align: justify; \"><b>Hinweise<\/b>:<\/p>\n<p style=\"text-align: justify; \"><span style=\"letter-spacing: normal;\">&#8220;ACD1028 LK&#8221;<\/span> enth\u00e4lt Copolymere Dispersionen, Hexafluorkiesels\u00e4ure, Emulgatoren, Netz- und Verlaufsmittel. Bei der Verarbeitung geeignete Schutzkleidung tragen. <\/p>\n<p style=\"text-align: justify; \">Achtung! Produkt ist s\u00e4urehaltig. Probeauftrag durchf\u00fchren.<\/p>\n<p style=\"text-align: justify; \"><b>pH (konz.)<\/b>: 0 &#8211; 2 <\/p><\/p>\n","protected":false},"excerpt":{"rendered":"<p>STEINFLUAT F\u00dcR KALKHALTIGE NATUR- UND KUNSTSTEINE Produkt beschreibung: &#8220;ACD1028 LK&#8221; ist ein gebrauchsfertiges Verkieselungsmittel f\u00fcr die Kristallisation von Marmor, Terrazzo, Betonwerkstein etc.. Die Steinbel\u00e4ge erhalten ihre urspr\u00fcngliche, hochgl\u00e4nzende und trittsichere Oberfl\u00e4che zur\u00fcck. &#8220;ACD1028 LK&#8221; enth\u00e4lt zus\u00e4tzlich Hartacrylate f\u00fcr eine optimale Optik. Geeignet f\u00fcr alle kalkhaltigen Steinarten wie z. B. Marmor, Terrazzo etc. Verarbeitung: &#8220;ACD1028 LK&#8221;&#8230;<\/p>\n","protected":false},"featured_media":4015,"comment_status":"open","ping_status":"closed","template":"","meta":[],"product_brand":[319],"product_cat":[414,429],"product_tag":[],"class_list":{"0":"post-4014","1":"product","2":"type-product","3":"status-publish","4":"has-post-thumbnail","6":"product_brand-chemie-spezial","7":"product_cat-chemie-spezial-produkti","8":"product_cat-specialie-produkti","10":"first","11":"instock","12":"shipping-taxable","13":"purchasable","14":"product-type-variable","15":"has-default-attributes"},"_links":{"self":[{"href":"https:\/\/demo8.izveide.id.lv\/lv\/wp-json\/wp\/v2\/product\/4014","targetHints":{"allow":["GET"]}}],"collection":[{"href":"https:\/\/demo8.izveide.id.lv\/lv\/wp-json\/wp\/v2\/product"}],"about":[{"href":"https:\/\/demo8.izveide.id.lv\/lv\/wp-json\/wp\/v2\/types\/product"}],"replies":[{"embeddable":true,"href":"https:\/\/demo8.izveide.id.lv\/lv\/wp-json\/wp\/v2\/comments?post=4014"}],"wp:featuredmedia":[{"embeddable":true,"href":"https:\/\/demo8.izveide.id.lv\/lv\/wp-json\/wp\/v2\/media\/4015"}],"wp:attachment":[{"href":"https:\/\/demo8.izveide.id.lv\/lv\/wp-json\/wp\/v2\/media?parent=4014"}],"wp:term":[{"taxonomy":"product_brand","embeddable":true,"href":"https:\/\/demo8.izveide.id.lv\/lv\/wp-json\/wp\/v2\/product_brand?post=4014"},{"taxonomy":"product_cat","embeddable":true,"href":"https:\/\/demo8.izveide.id.lv\/lv\/wp-json\/wp\/v2\/product_cat?post=4014"},{"taxonomy":"product_tag","embeddable":true,"href":"https:\/\/demo8.izveide.id.lv\/lv\/wp-json\/wp\/v2\/product_tag?post=4014"}],"curies":[{"name":"wp","href":"https:\/\/api.w.org\/{rel}","templated":true}]}}