{"id":3996,"date":"2026-02-03T15:27:38","date_gmt":"2026-02-03T15:27:38","guid":{"rendered":"https:\/\/demo8.izveide.id.lv\/?post_type=product&#038;p=3996"},"modified":"2026-02-03T15:27:43","modified_gmt":"2026-02-03T15:27:43","slug":"alk068-lk","status":"publish","type":"product","link":"https:\/\/demo8.izveide.id.lv\/lv\/products\/alk068-lk\/","title":{"rendered":"ALK068 LK"},"content":{"rendered":"<p><img decoding=\"async\" src=\"\/wp-content\/uploads\/2026\/01\/ALK068-LK-PARENT_desc.jpg\"\/><\/p>\n<p><p><\/p>\n<p><b>PLANENREINIGER F<span style=\"font-family: Arial, Helvetica, sans-serif; letter-spacing: normal; background-color: rgba(255, 255, 255, 0.8);\">\u00dc<\/b>R LKW-PLANEN, MARKISEN UND ZELTE<\/span><\/p>\n<p><b>Product beschreibung:<br \/><\/b><\/p>\n<p style=\"text-align: justify; \">&#8220;ALK068 LK&#8221; ist ein speziell auf Kunststoffplanen abgestimmtes Produkt. Das Produkt wirkt trotz seiner hohen Reinigungskraft extrem materialschonend. <\/p>\n<p style=\"text-align: justify; \"><span style=\"letter-spacing: normal;\">&#8220;ALK068 LK&#8221;<\/span> kann auf allen Arten von Stoffen, Kunststoff- und Textilplanen eingesetzt werden. <\/p>\n<p style=\"text-align: justify; \">Die Farben der Textilien werden wieder aufgefrischt. <\/p>\n<p style=\"text-align: justify; \">Eine Vergilbung tritt selbst nach mehrfacher Behandlung nicht auf.<\/p>\n<p style=\"text-align: justify; \"><b>Verarbeitung:<\/b><\/p>\n<p style=\"text-align: justify; \"><span style=\"letter-spacing: normal;\">&#8220;ALK068 LK&#8221;<\/span> sollte je nach Grad der Verschmutzung 1:5 &#8211; 1:15 mit Wasser verd\u00fcnnt werden. <\/p>\n<p style=\"text-align: justify; \">Die so angemischte Reinigungsl\u00f6sung auf die Verschmutzungen aufspr\u00fchen oder mit einem Schwamm oder Tuch aufbringen und kurz einwirken lassen. Die gel\u00f6sten Ablagerungen mit einem Hochdruckger\u00e4t oder Wasserstrahl gut absp\u00fclen. <\/p>\n<p style=\"text-align: justify; \">Bei Extremverschmutzungen kann <span style=\"letter-spacing: normal;\">&#8220;ALK068 LK&#8221;<\/span> auch unverd\u00fcnnt verwendet werden.<b><br \/><\/b><\/p>\n<p style=\"text-align: justify; \"><b>Hinweise:<\/b><\/p>\n<p style=\"text-align: justify; \"><span style=\"letter-spacing: normal;\">&#8220;ALK068 LK&#8221;<\/span> entspricht in seiner Zusammensetzung den Anforderungen auf biologische Abbaubarkeit des Deutschen Waschmittelgesetzes. <\/p>\n<p style=\"text-align: justify; \">Vor der Erstanwendung sollte an verdeckter Stelle ein Probeauftrag durchgef\u00fchrt werden.<b><br \/><\/b><\/p>\n<p style=\"text-align: justify; \"><b>pH (konz.):<\/b> 10 &#8211; 12<\/p><\/p>\n","protected":false},"excerpt":{"rendered":"<p>PLANENREINIGER F\u00dcR LKW-PLANEN, MARKISEN UND ZELTE Product beschreibung: &#8220;ALK068 LK&#8221; ist ein speziell auf Kunststoffplanen abgestimmtes Produkt. Das Produkt wirkt trotz seiner hohen Reinigungskraft extrem materialschonend. &#8220;ALK068 LK&#8221; kann auf allen Arten von Stoffen, Kunststoff- und Textilplanen eingesetzt werden. Die Farben der Textilien werden wieder aufgefrischt. Eine Vergilbung tritt selbst nach mehrfacher Behandlung nicht auf&#8230;.<\/p>\n","protected":false},"featured_media":3997,"comment_status":"open","ping_status":"closed","template":"","meta":[],"product_brand":[319],"product_cat":[414,435,432],"product_tag":[],"class_list":{"0":"post-3996","1":"product","2":"type-product","3":"status-publish","4":"has-post-thumbnail","6":"product_brand-chemie-spezial","7":"product_cat-chemie-spezial-produkti","8":"product_cat-prieksmazgasanas-lidzekli","9":"product_cat-vieglo-motociklu-un-kravas-auto-tiritaji","11":"first","12":"instock","13":"shipping-taxable","14":"purchasable","15":"product-type-variable","16":"has-default-attributes"},"_links":{"self":[{"href":"https:\/\/demo8.izveide.id.lv\/lv\/wp-json\/wp\/v2\/product\/3996","targetHints":{"allow":["GET"]}}],"collection":[{"href":"https:\/\/demo8.izveide.id.lv\/lv\/wp-json\/wp\/v2\/product"}],"about":[{"href":"https:\/\/demo8.izveide.id.lv\/lv\/wp-json\/wp\/v2\/types\/product"}],"replies":[{"embeddable":true,"href":"https:\/\/demo8.izveide.id.lv\/lv\/wp-json\/wp\/v2\/comments?post=3996"}],"wp:featuredmedia":[{"embeddable":true,"href":"https:\/\/demo8.izveide.id.lv\/lv\/wp-json\/wp\/v2\/media\/3997"}],"wp:attachment":[{"href":"https:\/\/demo8.izveide.id.lv\/lv\/wp-json\/wp\/v2\/media?parent=3996"}],"wp:term":[{"taxonomy":"product_brand","embeddable":true,"href":"https:\/\/demo8.izveide.id.lv\/lv\/wp-json\/wp\/v2\/product_brand?post=3996"},{"taxonomy":"product_cat","embeddable":true,"href":"https:\/\/demo8.izveide.id.lv\/lv\/wp-json\/wp\/v2\/product_cat?post=3996"},{"taxonomy":"product_tag","embeddable":true,"href":"https:\/\/demo8.izveide.id.lv\/lv\/wp-json\/wp\/v2\/product_tag?post=3996"}],"curies":[{"name":"wp","href":"https:\/\/api.w.org\/{rel}","templated":true}]}}