{"id":3954,"date":"2026-02-03T15:27:27","date_gmt":"2026-02-03T15:27:27","guid":{"rendered":"https:\/\/demo8.izveide.id.lv\/?post_type=product&#038;p=3954"},"modified":"2026-02-03T15:27:31","modified_gmt":"2026-02-03T15:27:31","slug":"acd1588-lk","status":"publish","type":"product","link":"https:\/\/demo8.izveide.id.lv\/lv\/products\/acd1588-lk\/","title":{"rendered":"ACD1588 LK"},"content":{"rendered":"<p><img decoding=\"async\" src=\"\/wp-content\/uploads\/2026\/01\/ACD1588-LK-PARENT_desc.jpg\"\/><\/p>\n<p><p><\/p>\n<p><b>GUMMI- UND KUNSTSTOFFPFLEGE<\/b><\/p>\n<p><b>Anwendungsgebiete:<br \/><\/b><\/p>\n<p style=\"text-align: justify; \">&#8220;ACD1588 LK&#8221; ist f\u00fcr den Innen- und Aussenbereich bestens geeignet. <\/p>\n<p style=\"text-align: justify; \">Es verleiht veralteten, fleckigen und spr\u00f6den Fl\u00e4chen langanhaltendes und neuwertiges Aussehen. <\/p>\n<p style=\"text-align: justify; \"><span style=\"letter-spacing: normal;\">&#8220;ACD1588 LK&#8221;<\/span> ist ebenfalls bestens zur Reifenpflege geeignet. <\/p>\n<p style=\"text-align: justify; \"><span style=\"letter-spacing: normal;\">&#8220;ACD1588 LK&#8221;<\/span> wird an Kunststoff- und Gummiteilen am PKW, LKW, Boot, Wohnwagen Motorrad, Gartenm\u00f6bel, Reifen und verschiedenste andere Anwendungsgebiete eingesetzt.<b><br \/><\/b><\/p>\n<p style=\"text-align: justify; \"><b>Verarbeitung:<\/b><\/p>\n<p style=\"text-align: justify; \"><span style=\"letter-spacing: normal;\">&#8220;ACD1588 LK&#8221;<\/span> auf die trockenen Fl\u00e4chen aufspr\u00fchen oder mit einem fusselfreien Tuch auftragen. Gleichm\u00e4\u00dfig einreiben und bei por\u00f6sen Oberfl\u00e4chen ggfs. wiederholen. <\/p>\n<p style=\"text-align: justify; \">Behandelte Fl\u00e4chen gut durchtrocknen lassen, danach die Fl\u00e4che auspolieren. <\/p>\n<p style=\"text-align: justify; \">Bei extremer Verschmutzung der Kunststoffoberfl\u00e4chen ist eine Vorreinigung mit &#8220;NEU1458 LK&#8221;.<b><br \/><\/b><\/p>\n<p style=\"text-align: justify; \"><b>Hinweise:<\/b><\/p>\n<p style=\"text-align: justify; \">Vor Erstanwendung an unauff\u00e4lliger Stelle auf Eignung pr\u00fcfen! <\/p>\n<p style=\"text-align: justify; \">Nicht geeignet f\u00fcr Leder. <\/p>\n<p style=\"text-align: justify; \">Nie auf heissen Oberfl\u00e4chen oder in der Sonne verarbeiten. Nicht auf Lenker, Pedale oder Gas und Bremsgriffen verarbeiten. Abrutschgefahr! <\/p>\n<p style=\"text-align: justify; \"><span style=\"letter-spacing: normal;\">&#8220;ACD1588 LK&#8221;<\/span> enth\u00e4lt: Silikon\u00f6le, Pflegesubstanzen, wasserl\u00f6sliche L\u00f6sungsmittel.<\/p>\n<p style=\"text-align: justify; \"><b>pH:<\/b> 4,3<\/p><\/p>\n","protected":false},"excerpt":{"rendered":"<p>GUMMI- UND KUNSTSTOFFPFLEGE Anwendungsgebiete: &#8220;ACD1588 LK&#8221; ist f\u00fcr den Innen- und Aussenbereich bestens geeignet. Es verleiht veralteten, fleckigen und spr\u00f6den Fl\u00e4chen langanhaltendes und neuwertiges Aussehen. &#8220;ACD1588 LK&#8221; ist ebenfalls bestens zur Reifenpflege geeignet. &#8220;ACD1588 LK&#8221; wird an Kunststoff- und Gummiteilen am PKW, LKW, Boot, Wohnwagen Motorrad, Gartenm\u00f6bel, Reifen und verschiedenste andere Anwendungsgebiete eingesetzt. Verarbeitung: &#8220;ACD1588&#8230;<\/p>\n","protected":false},"featured_media":3955,"comment_status":"open","ping_status":"closed","template":"","meta":[],"product_brand":[319],"product_cat":[414,441,432],"product_tag":[],"class_list":{"0":"post-3954","1":"product","2":"type-product","3":"status-publish","4":"has-post-thumbnail","6":"product_brand-chemie-spezial","7":"product_cat-chemie-spezial-produkti","8":"product_cat-specialie-produkti-un-disku-tiritaji","9":"product_cat-vieglo-motociklu-un-kravas-auto-tiritaji","11":"first","12":"instock","13":"shipping-taxable","14":"purchasable","15":"product-type-variable","16":"has-default-attributes"},"_links":{"self":[{"href":"https:\/\/demo8.izveide.id.lv\/lv\/wp-json\/wp\/v2\/product\/3954","targetHints":{"allow":["GET"]}}],"collection":[{"href":"https:\/\/demo8.izveide.id.lv\/lv\/wp-json\/wp\/v2\/product"}],"about":[{"href":"https:\/\/demo8.izveide.id.lv\/lv\/wp-json\/wp\/v2\/types\/product"}],"replies":[{"embeddable":true,"href":"https:\/\/demo8.izveide.id.lv\/lv\/wp-json\/wp\/v2\/comments?post=3954"}],"wp:featuredmedia":[{"embeddable":true,"href":"https:\/\/demo8.izveide.id.lv\/lv\/wp-json\/wp\/v2\/media\/3955"}],"wp:attachment":[{"href":"https:\/\/demo8.izveide.id.lv\/lv\/wp-json\/wp\/v2\/media?parent=3954"}],"wp:term":[{"taxonomy":"product_brand","embeddable":true,"href":"https:\/\/demo8.izveide.id.lv\/lv\/wp-json\/wp\/v2\/product_brand?post=3954"},{"taxonomy":"product_cat","embeddable":true,"href":"https:\/\/demo8.izveide.id.lv\/lv\/wp-json\/wp\/v2\/product_cat?post=3954"},{"taxonomy":"product_tag","embeddable":true,"href":"https:\/\/demo8.izveide.id.lv\/lv\/wp-json\/wp\/v2\/product_tag?post=3954"}],"curies":[{"name":"wp","href":"https:\/\/api.w.org\/{rel}","templated":true}]}}