{"id":3930,"date":"2026-02-03T15:27:22","date_gmt":"2026-02-03T15:27:22","guid":{"rendered":"https:\/\/demo8.izveide.id.lv\/?post_type=product&#038;p=3930"},"modified":"2026-02-03T15:27:31","modified_gmt":"2026-02-03T15:27:31","slug":"alk1197-lk","status":"publish","type":"product","link":"https:\/\/demo8.izveide.id.lv\/lv\/products\/alk1197-lk\/","title":{"rendered":"ALK1197 LK"},"content":{"rendered":"<p><img decoding=\"async\" src=\"\/wp-content\/uploads\/2026\/01\/ALK1197-LK-PARENT_desc.jpg\"\/><\/p>\n<p><p><\/p>\n<p><b>TEPPICHEXTRAKTIONSMITTEL UND FLECKENENTFERNER<\/b><\/p>\n<p><b>Anwendungsgebiete:<br \/><\/b><\/p>\n<p style=\"text-align: justify; \">&#8220;ALK1197 LK&#8221; ist ein starker Teppichund Polsterreiniger, welcher zuverl\u00e4ssig Flecken und Schmutz aus Textilien entfernt. <\/p>\n<p style=\"text-align: justify; \">Er ist speziell zur Verwendung in Extraktionsmaschinen entwickelt worden und zeichnet sich durch seine \u00e4u\u00dferst effektive Fleckenentfernung aus. <span style=\"letter-spacing: normal;\">&#8220;ALK1197 LK&#8221;<\/span> entfernt auch starke Verschmutzungen in jeglichen Textilien. <\/p>\n<p style=\"text-align: justify; \"><span style=\"letter-spacing: normal;\">&#8220;ALK1197 LK&#8221;<\/span> wird ebenfalls erfolgreich bei der Charly Pad und Queen Bonnet Reinigung eingesetzt.<b><br \/><\/b><\/p>\n<p style=\"text-align: justify; \"><b>Verarbeitung:<\/b><\/p>\n<p style=\"text-align: justify; \"><span style=\"letter-spacing: normal;\">&#8220;ALK1197 LK&#8221;<\/span> kann bis 1:10 mit Wasser verd\u00fcnnt angewandt werden. <\/p>\n<p style=\"text-align: justify; \">Zur Fleckenentfernung wird das Produkt pur oder bis 1:5 verd\u00fcnnt eingesetzt.<b><br \/><\/b><\/p>\n<p style=\"text-align: justify; \"><b>Hinweise:<\/b><\/p>\n<p style=\"text-align: justify; \"><span style=\"letter-spacing: normal;\">&#8220;ALK1197 LK&#8221;<\/span> muss bei jeder Erstanwendung durch einen Probeauftrag auf Farbechtheit und Vertr\u00e4glichkeit der Materialien gepr\u00fcft werden. Das Produkt ist frei von Komplexbildnern wie EDTA, NTA, Phosphonaten und silikonhaltigen Entsch\u00e4umern.<b><br \/><\/b><\/p>\n<p style=\"text-align: justify; \"><b>pH:<\/b> 8,5 (Konz.)<\/p><\/p>\n","protected":false},"excerpt":{"rendered":"<p>TEPPICHEXTRAKTIONSMITTEL UND FLECKENENTFERNER Anwendungsgebiete: &#8220;ALK1197 LK&#8221; ist ein starker Teppichund Polsterreiniger, welcher zuverl\u00e4ssig Flecken und Schmutz aus Textilien entfernt. Er ist speziell zur Verwendung in Extraktionsmaschinen entwickelt worden und zeichnet sich durch seine \u00e4u\u00dferst effektive Fleckenentfernung aus. &#8220;ALK1197 LK&#8221; entfernt auch starke Verschmutzungen in jeglichen Textilien. &#8220;ALK1197 LK&#8221; wird ebenfalls erfolgreich bei der Charly Pad&#8230;<\/p>\n","protected":false},"featured_media":3931,"comment_status":"open","ping_status":"closed","template":"","meta":[],"product_brand":[319],"product_cat":[414,441,432],"product_tag":[],"class_list":{"0":"post-3930","1":"product","2":"type-product","3":"status-publish","4":"has-post-thumbnail","6":"product_brand-chemie-spezial","7":"product_cat-chemie-spezial-produkti","8":"product_cat-specialie-produkti-un-disku-tiritaji","9":"product_cat-vieglo-motociklu-un-kravas-auto-tiritaji","11":"first","12":"instock","13":"shipping-taxable","14":"purchasable","15":"product-type-variable","16":"has-default-attributes"},"_links":{"self":[{"href":"https:\/\/demo8.izveide.id.lv\/lv\/wp-json\/wp\/v2\/product\/3930","targetHints":{"allow":["GET"]}}],"collection":[{"href":"https:\/\/demo8.izveide.id.lv\/lv\/wp-json\/wp\/v2\/product"}],"about":[{"href":"https:\/\/demo8.izveide.id.lv\/lv\/wp-json\/wp\/v2\/types\/product"}],"replies":[{"embeddable":true,"href":"https:\/\/demo8.izveide.id.lv\/lv\/wp-json\/wp\/v2\/comments?post=3930"}],"wp:featuredmedia":[{"embeddable":true,"href":"https:\/\/demo8.izveide.id.lv\/lv\/wp-json\/wp\/v2\/media\/3931"}],"wp:attachment":[{"href":"https:\/\/demo8.izveide.id.lv\/lv\/wp-json\/wp\/v2\/media?parent=3930"}],"wp:term":[{"taxonomy":"product_brand","embeddable":true,"href":"https:\/\/demo8.izveide.id.lv\/lv\/wp-json\/wp\/v2\/product_brand?post=3930"},{"taxonomy":"product_cat","embeddable":true,"href":"https:\/\/demo8.izveide.id.lv\/lv\/wp-json\/wp\/v2\/product_cat?post=3930"},{"taxonomy":"product_tag","embeddable":true,"href":"https:\/\/demo8.izveide.id.lv\/lv\/wp-json\/wp\/v2\/product_tag?post=3930"}],"curies":[{"name":"wp","href":"https:\/\/api.w.org\/{rel}","templated":true}]}}