{"id":3913,"date":"2026-02-03T15:27:16","date_gmt":"2026-02-03T15:27:16","guid":{"rendered":"https:\/\/demo8.izveide.id.lv\/?post_type=product&#038;p=3913"},"modified":"2026-02-03T15:27:19","modified_gmt":"2026-02-03T15:27:19","slug":"alk1153-lk","status":"publish","type":"product","link":"https:\/\/demo8.izveide.id.lv\/lv\/products\/alk1153-lk\/","title":{"rendered":"ALK1153 LK"},"content":{"rendered":"<p><img decoding=\"async\" src=\"\/wp-content\/uploads\/2026\/01\/ALK1153-LK-PARENT_desc.jpg\"\/><\/p>\n<p><p><\/p>\n<p style=\"\"><b>FETT- UND <\/b><b>\u00d6<\/b><b>LL<\/b><b>\u00d6<\/b><b>SER F\u00dcR DEN LEBENSMITTELBEREICH UND MASCHINENREINIGUNG<\/b><\/p>\n<p style=\"text-align: justify; \"><b>Produkt beschreibung:<\/b> <\/p>\n<p style=\"text-align: justify; \">&#8220;ALK1153 LK&#8221; ist ein Fett- und \u00d6ll\u00f6ser f\u00fcr die Gastronomie und s\u00e4mtliche lebensmittel- verarbeitende Betriebe. Es ist geeignet f\u00fcr den Einsatz in Hochdruckger\u00e4ten. <span style=\"letter-spacing: normal;\">&#8220;ALK1153 LK&#8221;<\/span> zeichnet sich besonders durch starkes Fett-, \u00d6l-, und Ru\u00dfl\u00f6severm\u00f6gen aus. Es besitzt eine gute Dispergierwirkung! Der Reiniger kann manuell wie maschinell verarbeitet werden. F\u00fcr die Reinigung von alkalibest\u00e4ndigen Boden-, Wand-, Decken- und Arbeitsfl\u00e4chen, sowie Maschinen und Ger\u00e4ten hervorragend geeignet.<b><br \/><\/b><\/p>\n<p style=\"text-align: justify; \"><b>Anwendung\/ Dosierung:<\/b> <\/p>\n<p style=\"text-align: justify; \"><span style=\"letter-spacing: normal;\">&#8220;ALK1153 LK&#8221;<\/span> wird je nach Verschmutzung 1:100 bis unverd\u00fcnnt eingesetzt. Gegenst\u00e4nde mit direktem Kontakt zu Lebensmitteln m\u00fcssen nach der Reinigung gr\u00fcndlich mit klarem Wasser nachsp\u00fclen werden.<\/p>\n<p style=\"\"><b>pH Wert:<\/b> 13,1<\/p><\/p>\n","protected":false},"excerpt":{"rendered":"<p>FETT- UND \u00d6LL\u00d6SER F\u00dcR DEN LEBENSMITTELBEREICH UND MASCHINENREINIGUNG Produkt beschreibung: &#8220;ALK1153 LK&#8221; ist ein Fett- und \u00d6ll\u00f6ser f\u00fcr die Gastronomie und s\u00e4mtliche lebensmittel- verarbeitende Betriebe. Es ist geeignet f\u00fcr den Einsatz in Hochdruckger\u00e4ten. &#8220;ALK1153 LK&#8221; zeichnet sich besonders durch starkes Fett-, \u00d6l-, und Ru\u00dfl\u00f6severm\u00f6gen aus. Es besitzt eine gute Dispergierwirkung! Der Reiniger kann manuell wie&#8230;<\/p>\n","protected":false},"featured_media":3914,"comment_status":"open","ping_status":"closed","template":"","meta":[],"product_brand":[319],"product_cat":[414,444,447],"product_tag":[],"class_list":{"0":"post-3913","1":"product","2":"type-product","3":"status-publish","4":"has-post-thumbnail","6":"product_brand-chemie-spezial","7":"product_cat-chemie-spezial-produkti","8":"product_cat-gastronomija-un-partikas-preces","9":"product_cat-tirisanas-un-attaukosanas-lidzekli-profesionalajam-virtuvem","11":"first","12":"instock","13":"shipping-taxable","14":"purchasable","15":"product-type-variable","16":"has-default-attributes"},"_links":{"self":[{"href":"https:\/\/demo8.izveide.id.lv\/lv\/wp-json\/wp\/v2\/product\/3913","targetHints":{"allow":["GET"]}}],"collection":[{"href":"https:\/\/demo8.izveide.id.lv\/lv\/wp-json\/wp\/v2\/product"}],"about":[{"href":"https:\/\/demo8.izveide.id.lv\/lv\/wp-json\/wp\/v2\/types\/product"}],"replies":[{"embeddable":true,"href":"https:\/\/demo8.izveide.id.lv\/lv\/wp-json\/wp\/v2\/comments?post=3913"}],"wp:featuredmedia":[{"embeddable":true,"href":"https:\/\/demo8.izveide.id.lv\/lv\/wp-json\/wp\/v2\/media\/3914"}],"wp:attachment":[{"href":"https:\/\/demo8.izveide.id.lv\/lv\/wp-json\/wp\/v2\/media?parent=3913"}],"wp:term":[{"taxonomy":"product_brand","embeddable":true,"href":"https:\/\/demo8.izveide.id.lv\/lv\/wp-json\/wp\/v2\/product_brand?post=3913"},{"taxonomy":"product_cat","embeddable":true,"href":"https:\/\/demo8.izveide.id.lv\/lv\/wp-json\/wp\/v2\/product_cat?post=3913"},{"taxonomy":"product_tag","embeddable":true,"href":"https:\/\/demo8.izveide.id.lv\/lv\/wp-json\/wp\/v2\/product_tag?post=3913"}],"curies":[{"name":"wp","href":"https:\/\/api.w.org\/{rel}","templated":true}]}}