{"id":3865,"date":"2026-02-03T15:27:00","date_gmt":"2026-02-03T15:27:00","guid":{"rendered":"https:\/\/demo8.izveide.id.lv\/?post_type=product&#038;p=3865"},"modified":"2026-02-03T15:27:05","modified_gmt":"2026-02-03T15:27:05","slug":"alk048-lk","status":"publish","type":"product","link":"https:\/\/demo8.izveide.id.lv\/lv\/products\/alk048-lk\/","title":{"rendered":"ALK048 LK"},"content":{"rendered":"<p><img decoding=\"async\" src=\"\/wp-content\/uploads\/2026\/01\/ALK048-LK-PARENT_desc.jpg\"\/><\/p>\n<p><p><\/p>\n<p><b>STARKER GRILLREINIGER UND KONVEKTOMATENREINIGER<\/b><\/p>\n<p><b>Anwendungsgebiete:<br \/><\/b><\/p>\n<p style=\"text-align: justify; \">&#8220;ALK048 LK&#8221; ist ein extra starkes Reinigungskonzentrat f\u00fcr extreme Verschmutzungen und Verkrustungen. Dieses Produkt wird f\u00fcr die Grillreinigung, Rauchharzentfernung und Konvektomatenreinigung eingesetzt. <\/p>\n<p style=\"text-align: justify; \"><span style=\"letter-spacing: normal;\">&#8220;ALK048 LK&#8221;<\/span> ist extra stark eingestellt.<b><br \/><\/b><\/p>\n<p style=\"text-align: justify; \"><b>Verarbeitung:<\/b><\/p>\n<p style=\"text-align: justify; \"><span style=\"letter-spacing: normal;\">&#8220;ALK048 LK&#8221;<\/span> wird konzentriert oder bis 1:20 verd\u00fcnnt f\u00fcr die Rauchharzentfernung und Konvektomatenreinigung eingesetzt. <\/p>\n<p style=\"text-align: justify; \">Kann f\u00fcr die Unterhaltsreinigung von alkalifesten Bel\u00e4gen oder Fliesen 1:10 bis 1:100 verd\u00fcnnt verarbeitet werden. <\/p>\n<p style=\"text-align: justify; \">F\u00fcr Hochdruckger\u00e4te sollte eine 25 %ige Stamml\u00f6sung hergestellt werden. Konzentration im austretenden Strahl 1 &#8211; 2 %. Nach der Reinigung gr\u00fcndlich mit klarem Wasser nachsp\u00fclen. Nicht geeignet f\u00fcr die Reinigung von verzinkten Oberfl\u00e4chen, Aluminium und Buntmetallen.<b><br \/><\/b><\/p>\n<p style=\"text-align: justify; \"><b>Hinweise:<\/b><\/p>\n<p style=\"text-align: justify; \">Material vor der Reinigung auf Vertr\u00e4glichkeit pr\u00fcfen. <\/p>\n<p style=\"text-align: justify; \">Alkaliresistente Schutzhandschuhe und Schutzbrille tragen.<b><br \/><\/b><\/p>\n<p style=\"text-align: justify; \"><b>pH:<\/b> 14 (Konz.)<\/p><\/p>\n","protected":false},"excerpt":{"rendered":"<p>STARKER GRILLREINIGER UND KONVEKTOMATENREINIGER Anwendungsgebiete: &#8220;ALK048 LK&#8221; ist ein extra starkes Reinigungskonzentrat f\u00fcr extreme Verschmutzungen und Verkrustungen. Dieses Produkt wird f\u00fcr die Grillreinigung, Rauchharzentfernung und Konvektomatenreinigung eingesetzt. &#8220;ALK048 LK&#8221; ist extra stark eingestellt. Verarbeitung: &#8220;ALK048 LK&#8221; wird konzentriert oder bis 1:20 verd\u00fcnnt f\u00fcr die Rauchharzentfernung und Konvektomatenreinigung eingesetzt. Kann f\u00fcr die Unterhaltsreinigung von alkalifesten Bel\u00e4gen&#8230;<\/p>\n","protected":false},"featured_media":3866,"comment_status":"open","ping_status":"closed","template":"","meta":[],"product_brand":[319],"product_cat":[414,444,450],"product_tag":[],"class_list":{"0":"post-3865","1":"product","2":"type-product","3":"status-publish","4":"has-post-thumbnail","6":"product_brand-chemie-spezial","7":"product_cat-chemie-spezial-produkti","8":"product_cat-gastronomija-un-partikas-preces","9":"product_cat-grilla-cepeskrasns-un-konvekcijas-krasns-tiritaji","11":"first","12":"instock","13":"shipping-taxable","14":"purchasable","15":"product-type-variable","16":"has-default-attributes"},"_links":{"self":[{"href":"https:\/\/demo8.izveide.id.lv\/lv\/wp-json\/wp\/v2\/product\/3865","targetHints":{"allow":["GET"]}}],"collection":[{"href":"https:\/\/demo8.izveide.id.lv\/lv\/wp-json\/wp\/v2\/product"}],"about":[{"href":"https:\/\/demo8.izveide.id.lv\/lv\/wp-json\/wp\/v2\/types\/product"}],"replies":[{"embeddable":true,"href":"https:\/\/demo8.izveide.id.lv\/lv\/wp-json\/wp\/v2\/comments?post=3865"}],"wp:featuredmedia":[{"embeddable":true,"href":"https:\/\/demo8.izveide.id.lv\/lv\/wp-json\/wp\/v2\/media\/3866"}],"wp:attachment":[{"href":"https:\/\/demo8.izveide.id.lv\/lv\/wp-json\/wp\/v2\/media?parent=3865"}],"wp:term":[{"taxonomy":"product_brand","embeddable":true,"href":"https:\/\/demo8.izveide.id.lv\/lv\/wp-json\/wp\/v2\/product_brand?post=3865"},{"taxonomy":"product_cat","embeddable":true,"href":"https:\/\/demo8.izveide.id.lv\/lv\/wp-json\/wp\/v2\/product_cat?post=3865"},{"taxonomy":"product_tag","embeddable":true,"href":"https:\/\/demo8.izveide.id.lv\/lv\/wp-json\/wp\/v2\/product_tag?post=3865"}],"curies":[{"name":"wp","href":"https:\/\/api.w.org\/{rel}","templated":true}]}}