{"id":3853,"date":"2026-02-03T15:26:57","date_gmt":"2026-02-03T15:26:57","guid":{"rendered":"https:\/\/demo8.izveide.id.lv\/?post_type=product&#038;p=3853"},"modified":"2026-02-03T15:27:05","modified_gmt":"2026-02-03T15:27:05","slug":"acd112-lk","status":"publish","type":"product","link":"https:\/\/demo8.izveide.id.lv\/lv\/products\/acd112-lk\/","title":{"rendered":"ACD112 LK"},"content":{"rendered":"<p><img decoding=\"async\" src=\"\/wp-content\/uploads\/2026\/01\/ACD112-LK-PARENT_desc.jpg\"\/><\/p>\n<p><p><\/p>\n<p><b>VIELSEITIG EINSETZBARER SANIT<\/b><span style=\"font-family: Arial, Helvetica, sans-serif; font-weight: 700; letter-spacing: normal; background-color: rgba(255, 255, 255, 0.8);\">\u00c4<\/span><b>RREINIGER<\/b><\/p>\n<p><b>Anwendungsgebiete:<br \/><\/b><\/p>\n<p style=\"text-align: justify; \">&#8220;ACD112 LK&#8221; ist ein schonender Sanit\u00e4runterhalts- und kr\u00e4ftiger Urinalreiniger f\u00fcr alle Sanit\u00e4r-, K\u00fcchen- und B\u00e4derbereiche. Da das Produkt hochkonzentriert ist, gen\u00fcgt schon eine geringe Dosierung f\u00fcr die t\u00e4gliche Unterhaltsreinigung. Bei vorschriftsm\u00e4\u00dfiger Dosierung trocknet <span style=\"letter-spacing: normal;\">&#8220;ACD112 LK&#8221;<\/span> ohne Schleierbildung auf Fliesen, Becken und Armaturen auf, woraus eine gro\u00dfe Kraft- und Arbeitsersparnis resultiert. Au\u00dferdem hinterl\u00e4sst das Erzeugnis in den gereinigten R\u00e4umen einen nachhaltigen Frischeduft. In einem Arbeitsgang werden bei der t\u00e4glichen Anwendung Kalk- und Wasserstein gel\u00f6st und fetthaltige Ablagerungen sowie Schweissr\u00fcckst\u00e4nde restlos beseitigt. Durch die viskose Einstellung haftet das Produkt gut an senkrechten Fl\u00e4chen und kann somit einen optimalen Wirkungsgrad erzielen. <\/p>\n<p style=\"text-align: justify; \"><span style=\"letter-spacing: normal;\">&#8220;ACD112 LK&#8221;<\/span> enth\u00e4lt desodorierende und hygienische Zus\u00e4tze. S\u00e4urefeste Fliesen, Tonkacheln, Wasch- und WC-Becken, glasiertes Porzellan, Edelstahl, verchromte Armaturen, Kunststoffe u.a. werden nicht angegriffen. <span style=\"letter-spacing: normal;\">&#8220;ACD112 LK&#8221;<\/span> ist ungiftig und \u00f6kologisch leicht abbaubar, so dass es ohne Bedenken in die Abw\u00e4sser gelangen kann.<b><br \/><\/b><\/p>\n<p style=\"text-align: justify; \"><b>Verarbeitung:<\/b><\/p>\n<p style=\"text-align: justify; \">Um den Klarsp\u00fcleffekt zu erreichen, nicht mehr als 1 &#8211; 2 Tassen (ca. 100 &#8211; 200 ccm) auf einen Eimer Wasser (8 Ltr.) bzw. nur einen Spritzer auf einen nassen Schwamm geben. <\/p>\n<p style=\"text-align: justify; \">Um alte Schmutzschichten zu beseitigen oder zur Urinal- und Toilettenreinigung sollte <span style=\"letter-spacing: normal;\">&#8220;ACD112 LK&#8221;<\/span> unverd\u00fcnnt angewendet werden. In diesem Fall jedoch an einer verdeckten Stelle einen Probeauftrag vornehmen, um das zu reinigende Material auf Vertr\u00e4glichkeit zu pr\u00fcfen.<b><br \/><\/b><\/p>\n<p style=\"text-align: justify; \"><b>Hinweise:<\/b><\/p>\n<p style=\"text-align: justify; \">Die in <span style=\"letter-spacing: normal;\">&#8220;ACD112 LK&#8221;<\/span> eingesetzten Tenside, Netzmittel und Hilfsstoffe erf\u00fcllen in ihrer Abbaubarkeit die Anforderungen des deutschen Waschmittelgesetzes.<b><br \/><\/b><\/p>\n<p style=\"text-align: justify; \"><b>pH:<\/b> 2,5 (Konz.)<\/p><\/p>\n","protected":false},"excerpt":{"rendered":"<p>VIELSEITIG EINSETZBARER SANIT\u00c4RREINIGER Anwendungsgebiete: &#8220;ACD112 LK&#8221; ist ein schonender Sanit\u00e4runterhalts- und kr\u00e4ftiger Urinalreiniger f\u00fcr alle Sanit\u00e4r-, K\u00fcchen- und B\u00e4derbereiche. Da das Produkt hochkonzentriert ist, gen\u00fcgt schon eine geringe Dosierung f\u00fcr die t\u00e4gliche Unterhaltsreinigung. Bei vorschriftsm\u00e4\u00dfiger Dosierung trocknet &#8220;ACD112 LK&#8221; ohne Schleierbildung auf Fliesen, Becken und Armaturen auf, woraus eine gro\u00dfe Kraft- und Arbeitsersparnis resultiert. Au\u00dferdem&#8230;<\/p>\n","protected":false},"featured_media":3854,"comment_status":"open","ping_status":"closed","template":"","meta":[],"product_brand":[319],"product_cat":[414,444,453],"product_tag":[],"class_list":{"0":"post-3853","1":"product","2":"type-product","3":"status-publish","4":"has-post-thumbnail","6":"product_brand-chemie-spezial","7":"product_cat-chemie-spezial-produkti","8":"product_cat-gastronomija-un-partikas-preces","9":"product_cat-sanitarie-un-vannas-istabu-tiritaji","11":"first","12":"instock","13":"shipping-taxable","14":"purchasable","15":"product-type-variable","16":"has-default-attributes"},"_links":{"self":[{"href":"https:\/\/demo8.izveide.id.lv\/lv\/wp-json\/wp\/v2\/product\/3853","targetHints":{"allow":["GET"]}}],"collection":[{"href":"https:\/\/demo8.izveide.id.lv\/lv\/wp-json\/wp\/v2\/product"}],"about":[{"href":"https:\/\/demo8.izveide.id.lv\/lv\/wp-json\/wp\/v2\/types\/product"}],"replies":[{"embeddable":true,"href":"https:\/\/demo8.izveide.id.lv\/lv\/wp-json\/wp\/v2\/comments?post=3853"}],"wp:featuredmedia":[{"embeddable":true,"href":"https:\/\/demo8.izveide.id.lv\/lv\/wp-json\/wp\/v2\/media\/3854"}],"wp:attachment":[{"href":"https:\/\/demo8.izveide.id.lv\/lv\/wp-json\/wp\/v2\/media?parent=3853"}],"wp:term":[{"taxonomy":"product_brand","embeddable":true,"href":"https:\/\/demo8.izveide.id.lv\/lv\/wp-json\/wp\/v2\/product_brand?post=3853"},{"taxonomy":"product_cat","embeddable":true,"href":"https:\/\/demo8.izveide.id.lv\/lv\/wp-json\/wp\/v2\/product_cat?post=3853"},{"taxonomy":"product_tag","embeddable":true,"href":"https:\/\/demo8.izveide.id.lv\/lv\/wp-json\/wp\/v2\/product_tag?post=3853"}],"curies":[{"name":"wp","href":"https:\/\/api.w.org\/{rel}","templated":true}]}}