{"id":3781,"date":"2026-02-03T15:26:38","date_gmt":"2026-02-03T15:26:38","guid":{"rendered":"https:\/\/demo8.izveide.id.lv\/?post_type=product&#038;p=3781"},"modified":"2026-02-03T15:26:43","modified_gmt":"2026-02-03T15:26:43","slug":"neu94-lk","status":"publish","type":"product","link":"https:\/\/demo8.izveide.id.lv\/lv\/products\/neu94-lk\/","title":{"rendered":"NEU94 LK"},"content":{"rendered":"<p><img decoding=\"async\" src=\"\/wp-content\/uploads\/2026\/01\/NEU94-LK-PARENT_desc.png\"\/><\/p>\n<p><p><\/p>\n<p><b>SCHAUMLOSER ALGENVERNICHTER F\u00dcR SCHWIMMB\u00c4DER<\/b><\/p>\n<p><b>Anwendungsgebiete:<br \/><\/b><\/p>\n<p style=\"text-align: justify; \">&#8220;NEU94 LK&#8221; enth\u00e4lt eine chemische Verbindung polymeren Charakters, die schon in niedriger Dosierung das Wachsen von Algen verhindert, bzw. diese in bereits befallenen Becken abt\u00f6tet. Im Gegensatz zu vielen anderen algen- oder bakterienvernichtenden Mitteln ist schaumlos, obwohl keine aldehydischen oder chlorentwickelnden Verbindungen enthalten sind. In Wellen- oder Sprudelb\u00e4dern wirkt &#8220;NEU94 LK&#8221; ebenfalls schaumlos. &#8220;NEU94 LK&#8221; greift in der laufenden Anwendungsdosierung keine Metalle, Kunststoffe, Emaillegegenst\u00e4nde, Glas oder glasierte Becken an und ist nicht hautreizend. Kann mit Wasser in jedem Verh\u00e4ltnis ver- d\u00fcnnt werden. Auch unter sauren und alkalischen Bedingungen bleibt die algizide Wirkung des Produktes voll erhalten. Da nicht fl\u00fcchtig, entstehen keine Verdampfungs verluste. Nicht nur Algen, sondern auch Eisen- und schleimbildende Bakterien werden mit Erfolg bek\u00e4mpft. Oft ist eine Reduzierung des Chlorgehaltes um 20 &#8211; 50 % m\u00f6glich. <\/p>\n<p style=\"text-align: justify; \">Bei Klein- und Privatpools kann teilweise ganz auf Chlor verzichtet werden. <\/p>\n<p style=\"text-align: justify; \">Die Dosierung von kann problemlos \u00fcber die Zumischanlage erfolgen. Das Einsatzgebiet umfasst neben Schwimmb\u00e4dern auch K\u00fchltruhen, Wasserspeicherbecken und andere Wassersystem, die von Algen befallen werden k\u00f6nnen.<\/p>\n<p style=\"\"><b>Verarbeitung:<\/b><\/p>\n<p>Grundosierung, wenn noch kein Algenbefall vorliegt:<\/p>\n<p>2,0 Ltr. &#8220;NEU94 LK&#8221; auf 100 m\u00b3 = 100.000 Ltr. Beckenwasser.<\/p>\n<p>W\u00f6chentliche Nachdosierung:<\/p>\n<p>0,5 Ltr. &#8220;NEU94 LK&#8221; auf 100 m\u00b3 Beckenwasser.<\/p>\n<p>Bei starker Wasserbelastung kann die Dosierung auf 1,0 Ltr. erh\u00f6ht werden. <\/p>\n<p>Abt\u00f6tung von Algen 7,0 Ltr. auf 100 m\u00b3 Beckenwasser.<\/p>\n<p><b>Hinweise:<\/b><\/p>\n<p>Biozide vorsichtig verwenden. Vor Gebrauch stets Kennzeichnung und Produktinformation lesen.<\/p>\n<p>Vor Frost sch\u00fctzen!<\/p>\n<p><b>pH:<\/b><span style=\"font-family: Arial, Helvetica, sans-serif; letter-spacing: normal; background-color: rgba(255, 255, 255, 0.8);\"> 7 &#8211; 8<\/span><\/p><\/p>\n","protected":false},"excerpt":{"rendered":"<p>SCHAUMLOSER ALGENVERNICHTER F\u00dcR SCHWIMMB\u00c4DER Anwendungsgebiete: &#8220;NEU94 LK&#8221; enth\u00e4lt eine chemische Verbindung polymeren Charakters, die schon in niedriger Dosierung das Wachsen von Algen verhindert, bzw. diese in bereits befallenen Becken abt\u00f6tet. Im Gegensatz zu vielen anderen algen- oder bakterienvernichtenden Mitteln ist schaumlos, obwohl keine aldehydischen oder chlorentwickelnden Verbindungen enthalten sind. In Wellen- oder Sprudelb\u00e4dern wirkt &#8220;NEU94&#8230;<\/p>\n","protected":false},"featured_media":3782,"comment_status":"open","ping_status":"closed","template":"","meta":[],"product_brand":[319],"product_cat":[414,456,444,429],"product_tag":[],"class_list":{"0":"post-3781","1":"product","2":"type-product","3":"status-publish","4":"has-post-thumbnail","6":"product_brand-chemie-spezial","7":"product_cat-chemie-spezial-produkti","8":"product_cat-dezinfekcijas-lidzekli-un-tiritaji","9":"product_cat-gastronomija-un-partikas-preces","10":"product_cat-specialie-produkti","12":"first","13":"instock","14":"shipping-taxable","15":"purchasable","16":"product-type-variable","17":"has-default-attributes"},"_links":{"self":[{"href":"https:\/\/demo8.izveide.id.lv\/lv\/wp-json\/wp\/v2\/product\/3781","targetHints":{"allow":["GET"]}}],"collection":[{"href":"https:\/\/demo8.izveide.id.lv\/lv\/wp-json\/wp\/v2\/product"}],"about":[{"href":"https:\/\/demo8.izveide.id.lv\/lv\/wp-json\/wp\/v2\/types\/product"}],"replies":[{"embeddable":true,"href":"https:\/\/demo8.izveide.id.lv\/lv\/wp-json\/wp\/v2\/comments?post=3781"}],"wp:featuredmedia":[{"embeddable":true,"href":"https:\/\/demo8.izveide.id.lv\/lv\/wp-json\/wp\/v2\/media\/3782"}],"wp:attachment":[{"href":"https:\/\/demo8.izveide.id.lv\/lv\/wp-json\/wp\/v2\/media?parent=3781"}],"wp:term":[{"taxonomy":"product_brand","embeddable":true,"href":"https:\/\/demo8.izveide.id.lv\/lv\/wp-json\/wp\/v2\/product_brand?post=3781"},{"taxonomy":"product_cat","embeddable":true,"href":"https:\/\/demo8.izveide.id.lv\/lv\/wp-json\/wp\/v2\/product_cat?post=3781"},{"taxonomy":"product_tag","embeddable":true,"href":"https:\/\/demo8.izveide.id.lv\/lv\/wp-json\/wp\/v2\/product_tag?post=3781"}],"curies":[{"name":"wp","href":"https:\/\/api.w.org\/{rel}","templated":true}]}}