{"id":3768,"date":"2026-02-03T15:26:35","date_gmt":"2026-02-03T15:26:35","guid":{"rendered":"https:\/\/demo8.izveide.id.lv\/?post_type=product&#038;p=3768"},"modified":"2026-02-03T15:26:43","modified_gmt":"2026-02-03T15:26:43","slug":"grsw-40","status":"publish","type":"product","link":"https:\/\/demo8.izveide.id.lv\/lv\/products\/grsw-40\/","title":{"rendered":"GRSW 40"},"content":{"rendered":"<p><img decoding=\"async\" src=\"\/wp-content\/uploads\/2026\/01\/GRSW-40-PARENT_desc.jpg\"\/><\/p>\n<p><p><\/p>\n<p style=\"margin-bottom: 0px; border-style: none; line-height: 1.875rem; box-sizing: inherit; vertical-align: baseline; background-image: initial; background-position: initial; background-size: initial; background-repeat: initial; background-attachment: initial; background-origin: initial; background-clip: initial; width: 864px;\"><b>MULTIFUNKTIONS<\/b><b>\u00d6<\/b><b>L<\/b><\/p>\n<p style=\"text-align: justify;\"><b>&#8220;GRSW 40&#8221;<\/b> <\/p>\n<p style=\"text-align: justify;\">duftet gut, schmiert Scharniere, Verbindungen, Beschl\u00e4ge, R\u00e4der, Rollen, Griffe, Schl\u00f6sser an Fenstern und T\u00fcren, Federn, Blattfedern, usw. Auch f\u00fcr die Fahrrad- und Motorradpflege (Federgabel + Kette), und vieles mehr. <span style=\"letter-spacing: normal;\">&#8220;GRSW 40&#8221;<\/span>, das Fl\u00fcssigwerkzeug f\u00fcr den Handwerker.<\/p>\n<p style=\"text-align: justify;\"><span style=\"letter-spacing: normal;\">&#8220;GRSW 40&#8221;<\/span> ist ein Langzeit-Korrosionsschutz, Rostl\u00f6ser, Schmier- und Reinigungsmittel in einem. Verdr\u00e4ngt Feuchtigkeit. Kriech\u00f6l und Kontaktspray, zum Beispiel an Elektrokontakten, Z\u00fcndsystemen, Motoren und Elektrowerkzeugen, Fahr- und Motorr\u00e4dern, Kleinmotoren, etc. Reinigt, pflegt und sch\u00fctzt in einem Arbeitsgang. Unterwandert Fett, Schmutz und bildet eine korrosionsbest\u00e4ndige Schutzschicht.<\/p>\n<p style=\"text-align: justify;\"><b>Anwendung:<\/b> <\/p>\n<p style=\"text-align: justify;\">&#8211; Schmiermittel f\u00fcr Gelenke, Scharniere, Gleit- und Kugellager <\/p>\n<p style=\"text-align: justify;\">&#8211; Rostl\u00f6ser f\u00fcr festgerostete Schraub- und Metallverbindungen <\/p>\n<p style=\"text-align: justify;\">&#8211; Pflegemittel f\u00fcr Me\u00dfwerkzeuge und Pr\u00e4zisionsger\u00e4te, entfernt Flugrost und konserviert <\/p>\n<p style=\"text-align: justify;\">&#8211; Kontaktverbesserung f\u00fcr elektrische Kontakte, verhindert Kriechstr\u00f6me und verdr\u00e4ngt Wasser <\/p>\n<p style=\"text-align: justify;\">&#8211; Reinigungsmittel l\u00f6st verkrustete und verharzte Schmiermittelr\u00fcckst\u00e4nde und hinterl\u00e4\u00dft einen hauchd\u00fcnnen, antistatischen Schutzfilm.<\/p>\n<p style=\"text-align: justify;\"><b>Eigenschaften:<\/b> <\/p>\n<p style=\"text-align: justify;\">&#8211; silikonfrei <\/p>\n<p style=\"text-align: justify;\">&#8211; unterwandert Rost und verdr\u00e4ngt Feuchtigkeit <\/p>\n<p style=\"text-align: justify;\">&#8211; reinigt und pflegt metallische Oberfl\u00e4chen <\/p>\n<p style=\"text-align: justify;\">&#8211; sch\u00fctzt vor Korrosion <\/p>\n<p style=\"text-align: justify;\">&#8211; Kontakthilfe f\u00fcr elektrische Anlagen, verhindert Kriechstr\u00f6me <\/p>\n<p style=\"text-align: justify;\">&#8211; schmiert fleckenfrei und nahezu unsichtbar <\/p>\n<p style=\"text-align: justify;\">&#8211; l\u00f6st festgefrorene Schl\u00f6sser und Stifte <\/p>\n<p style=\"text-align: justify;\">&#8211; hervorragende Eigenschaften als Kriech\u00f6l.<\/p>\n<p style=\"text-align: justify;\"><b>Gebrauchsanweisung:<\/b> <\/p>\n<p style=\"text-align: justify;\">&#8220;GRSW 40&#8221; gleichm\u00e4ssig aus einer Entfernung von 20-30 cm aufspr\u00fchen und einwirken lassen&#8230; Der Vorgang kann bei Bedarf wiederholt werden.<\/p>\n<p><b>Technische Daten:<\/b> <\/p>\n<p>Farbe: transparent <\/p>\n<p>Geruch: charakteristisch <\/p>\n<p><b>Verpackung:<\/b> <\/p>\n<p><span style=\"text-align: justify;\">&#8220;GRSW 40&#8221;<\/span> ist in 400 ml Aerosoldosen lieferbar. VPE = 12 St\u00fcck<\/p>\n<p style=\"text-align: justify;\"><span style=\"letter-spacing: normal;\">&#8220;GRSW 40&#8221;<\/span> ist in 1 L<span style=\"letter-spacing: normal;\">, <\/span>5 L, 10 <span style=\"letter-spacing: normal;\">L<\/span> Gebinde lieferbar.<\/p><\/p>\n","protected":false},"excerpt":{"rendered":"<p>MULTIFUNKTIONS\u00d6L &#8220;GRSW 40&#8221; duftet gut, schmiert Scharniere, Verbindungen, Beschl\u00e4ge, R\u00e4der, Rollen, Griffe, Schl\u00f6sser an Fenstern und T\u00fcren, Federn, Blattfedern, usw. Auch f\u00fcr die Fahrrad- und Motorradpflege (Federgabel + Kette), und vieles mehr. &#8220;GRSW 40&#8221;, das Fl\u00fcssigwerkzeug f\u00fcr den Handwerker. &#8220;GRSW 40&#8221; ist ein Langzeit-Korrosionsschutz, Rostl\u00f6ser, Schmier- und Reinigungsmittel in einem. Verdr\u00e4ngt Feuchtigkeit. Kriech\u00f6l und Kontaktspray,&#8230;<\/p>\n","protected":false},"featured_media":3769,"comment_status":"open","ping_status":"closed","template":"","meta":[],"product_brand":[319],"product_cat":[465,414,462,459],"product_tag":[],"class_list":{"0":"post-3768","1":"product","2":"type-product","3":"status-publish","4":"has-post-thumbnail","6":"product_brand-chemie-spezial","7":"product_cat-apkope-un-remonts-aizsardziba-pret-koroziju","8":"product_cat-chemie-spezial-produkti","9":"product_cat-smervielas","10":"product_cat-tehniskie-aerosoli","12":"first","13":"instock","14":"shipping-taxable","15":"purchasable","16":"product-type-variable","17":"has-default-attributes"},"_links":{"self":[{"href":"https:\/\/demo8.izveide.id.lv\/lv\/wp-json\/wp\/v2\/product\/3768","targetHints":{"allow":["GET"]}}],"collection":[{"href":"https:\/\/demo8.izveide.id.lv\/lv\/wp-json\/wp\/v2\/product"}],"about":[{"href":"https:\/\/demo8.izveide.id.lv\/lv\/wp-json\/wp\/v2\/types\/product"}],"replies":[{"embeddable":true,"href":"https:\/\/demo8.izveide.id.lv\/lv\/wp-json\/wp\/v2\/comments?post=3768"}],"wp:featuredmedia":[{"embeddable":true,"href":"https:\/\/demo8.izveide.id.lv\/lv\/wp-json\/wp\/v2\/media\/3769"}],"wp:attachment":[{"href":"https:\/\/demo8.izveide.id.lv\/lv\/wp-json\/wp\/v2\/media?parent=3768"}],"wp:term":[{"taxonomy":"product_brand","embeddable":true,"href":"https:\/\/demo8.izveide.id.lv\/lv\/wp-json\/wp\/v2\/product_brand?post=3768"},{"taxonomy":"product_cat","embeddable":true,"href":"https:\/\/demo8.izveide.id.lv\/lv\/wp-json\/wp\/v2\/product_cat?post=3768"},{"taxonomy":"product_tag","embeddable":true,"href":"https:\/\/demo8.izveide.id.lv\/lv\/wp-json\/wp\/v2\/product_tag?post=3768"}],"curies":[{"name":"wp","href":"https:\/\/api.w.org\/{rel}","templated":true}]}}