{"id":3696,"date":"2026-02-03T15:26:17","date_gmt":"2026-02-03T15:26:17","guid":{"rendered":"https:\/\/demo8.izveide.id.lv\/?post_type=product&#038;p=3696"},"modified":"2026-02-03T15:26:21","modified_gmt":"2026-02-03T15:26:21","slug":"frbw-520","status":"publish","type":"product","link":"https:\/\/demo8.izveide.id.lv\/lv\/products\/frbw-520\/","title":{"rendered":"FRBW 520"},"content":{"rendered":"<p><img decoding=\"async\" src=\"\/wp-content\/uploads\/2026\/01\/FRBW-520-PARENT_desc.jpg\"\/><\/p>\n<p><p><\/p>\n<p><b>THERMOLACK SCHWARZ<\/b><\/p>\n<p style=\"text-align: justify; \"><b>&#8220;FRBW 520&#8221;<\/b> <\/p>\n<p style=\"text-align: justify; \">ist ein schnell trocknender Einbrennlack auf der Basis von Silikonbindemittel und Pigmenten. Durch seine Hitzebest\u00e4ndigkeit bis +600 \u00b0C und seine gute Haftung kann er auf allen Metallen angewendet werden. Die Endfestigkeit stellt sich erst bei einer Temperatur von ca. +300 \u00b0C ein.<\/p>\n<p style=\"\"><b>Eigenschaften:<\/b> <\/p>\n<p style=\"\">&#8211; sehr gute Haftung <\/p>\n<p style=\"\">&#8211; temperaturbest\u00e4ndig bis +600 \u00b0C.<\/p>\n<p style=\"text-align: justify; \"><b> Anwendung:<\/b> <\/p>\n<p style=\"text-align: justify; \"><span style=\"letter-spacing: normal;\">&#8220;FRBW 520&#8221;<\/span> hilft bei Ausbesserungsarbeiten an Auspuffanlagen und zur optischen Aufbereitung nach Reparaturarbeiten an Teilen, die Temperaturbelastungen ausgesetzt sind (Ansaugrohre, Bremsteile, Ofenrohre).<\/p>\n<p style=\"text-align: justify; \"><b>Verarbeitung:<\/b> <\/p>\n<p style=\"text-align: justify; \">Dose nach h\u00f6rbarem Anschlag der Kugel ca. 2 Minuten kr\u00e4ftig weitersch\u00fctteln. Zu behandelnde Teile gr\u00fcndlich reinigen und mit <span style=\"letter-spacing: normal;\">&#8220;FRBW 520&#8221;<\/span> bespr\u00fchen. Spr\u00fchabstand hierbei 20 &#8211; 25 cm. Die behandelten Teile langsam erw\u00e4rmen, bis der Lack eine Temperatur von ca. +300 \u00b0C erreicht hat. Nach Gebrauch Ventil leer spr\u00fchen. Bei Verarbeitung von <span style=\"letter-spacing: normal;\">&#8220;FRBW 520&#8221;<\/span> f\u00fcr eine ausreichende Be- und Entl\u00fcftung sorgen, um die Bildung explosionsf\u00e4higer Gas- und Luftgemische zu verhindern.<\/p>\n<p style=\"\"><b>Technische Daten:<\/b> <\/p>\n<p style=\"\">Farbe: schwarz <\/p>\n<p style=\"\">Temperaturbest\u00e4ndigkeit: bis +600 \u00b0C <\/p>\n<p style=\"\">Lagertemperatur: +5 \u00b0C bis max. +25 \u00b0C <b><br \/><\/b><\/p><\/p>\n","protected":false},"excerpt":{"rendered":"<p>THERMOLACK SCHWARZ &#8220;FRBW 520&#8221; ist ein schnell trocknender Einbrennlack auf der Basis von Silikonbindemittel und Pigmenten. Durch seine Hitzebest\u00e4ndigkeit bis +600 \u00b0C und seine gute Haftung kann er auf allen Metallen angewendet werden. Die Endfestigkeit stellt sich erst bei einer Temperatur von ca. +300 \u00b0C ein. Eigenschaften: &#8211; sehr gute Haftung &#8211; temperaturbest\u00e4ndig bis +600&#8230;<\/p>\n","protected":false},"featured_media":3697,"comment_status":"open","ping_status":"closed","template":"","meta":[],"product_brand":[319],"product_cat":[465,414,459],"product_tag":[],"class_list":{"0":"post-3696","1":"product","2":"type-product","3":"status-publish","4":"has-post-thumbnail","6":"product_brand-chemie-spezial","7":"product_cat-apkope-un-remonts-aizsardziba-pret-koroziju","8":"product_cat-chemie-spezial-produkti","9":"product_cat-tehniskie-aerosoli","11":"first","12":"instock","13":"shipping-taxable","14":"purchasable","15":"product-type-variable","16":"has-default-attributes"},"_links":{"self":[{"href":"https:\/\/demo8.izveide.id.lv\/lv\/wp-json\/wp\/v2\/product\/3696","targetHints":{"allow":["GET"]}}],"collection":[{"href":"https:\/\/demo8.izveide.id.lv\/lv\/wp-json\/wp\/v2\/product"}],"about":[{"href":"https:\/\/demo8.izveide.id.lv\/lv\/wp-json\/wp\/v2\/types\/product"}],"replies":[{"embeddable":true,"href":"https:\/\/demo8.izveide.id.lv\/lv\/wp-json\/wp\/v2\/comments?post=3696"}],"wp:featuredmedia":[{"embeddable":true,"href":"https:\/\/demo8.izveide.id.lv\/lv\/wp-json\/wp\/v2\/media\/3697"}],"wp:attachment":[{"href":"https:\/\/demo8.izveide.id.lv\/lv\/wp-json\/wp\/v2\/media?parent=3696"}],"wp:term":[{"taxonomy":"product_brand","embeddable":true,"href":"https:\/\/demo8.izveide.id.lv\/lv\/wp-json\/wp\/v2\/product_brand?post=3696"},{"taxonomy":"product_cat","embeddable":true,"href":"https:\/\/demo8.izveide.id.lv\/lv\/wp-json\/wp\/v2\/product_cat?post=3696"},{"taxonomy":"product_tag","embeddable":true,"href":"https:\/\/demo8.izveide.id.lv\/lv\/wp-json\/wp\/v2\/product_tag?post=3696"}],"curies":[{"name":"wp","href":"https:\/\/api.w.org\/{rel}","templated":true}]}}