{"id":3610,"date":"2026-02-03T15:25:55","date_gmt":"2026-02-03T15:25:55","guid":{"rendered":"https:\/\/demo8.izveide.id.lv\/?post_type=product&#038;p=3610"},"modified":"2026-02-03T15:25:59","modified_gmt":"2026-02-03T15:25:59","slug":"neu1459-lk","status":"publish","type":"product","link":"https:\/\/demo8.izveide.id.lv\/lv\/products\/neu1459-lk\/","title":{"rendered":"NEU1459 LK"},"content":{"rendered":"<p><img decoding=\"async\" src=\"\/wp-content\/uploads\/2026\/01\/NEU1459-LK-PARENT_desc.jpg\"\/><\/p>\n<p><p><\/p>\n<p><b>GL\u00c4NZENDE, TRITTSICHERE HOLZVERSIEGELUNG<\/b><\/p>\n<p style=\"text-align: justify; \"><b>Anwendungsgebiete:<\/b> <\/p>\n<p style=\"text-align: justify; \"><span style=\"letter-spacing: normal;\">&#8220;NEU1459 LK&#8221;<\/span> ist eine \u00e4u\u00dferst wirkungsvolle Acrylatbeschichtung f\u00fcr nahezu alle Holz- und Laminatarten. Diese Versiegelung verleiht der Oberfl\u00e4che eine gl\u00e4nzende, schmutzabweisende und trittsichere Schutzschicht. <\/p>\n<p style=\"text-align: justify; \"><span style=\"letter-spacing: normal;\">&#8220;NEU1459 LK&#8221;<\/span> kann auf bereits beschichteten oder offenen Holzbel\u00e4gen problemlos angewendet werden.<b><br \/><\/b><\/p>\n<p style=\"text-align: justify; \"><b>Verarbeitung:<\/b> <\/p>\n<p style=\"text-align: justify; \"><span style=\"letter-spacing: normal;\">&#8220;NEU1459 LK&#8221;<\/span> in 2 bis 3 Schichten mit einem flusenfreien Mopp d\u00fcnn aufgetragen. Es muss immer mit der Holzmaserung angewendet werden. <\/p>\n<p style=\"text-align: justify; \"><span style=\"letter-spacing: normal;\">&#8220;NEU1459 LK&#8221;<\/span> sollte zwischen den einzelnen Schichten 1 bis 2 Stunden trocknen. Vor der Aufbringung einer neuen Schicht sollte diese nicht mehr kleben (Handtest). <\/p>\n<p style=\"text-align: justify; \"><span style=\"letter-spacing: normal;\">&#8220;NEU1459 LK&#8221;<\/span> kann mit einer Poliermaschine zus\u00e4tzlich verdichtet werden. <\/p>\n<p style=\"text-align: justify; \">Verbrauch per qm und Schicht: 30 &#8211; 50 ml.<\/p>\n<p style=\"text-align: justify; \"><b>Hinweise:<\/b> <\/p>\n<p style=\"text-align: justify; \">Vor der Erstanwendung Materialien an verdeckter Stelle auf Vertr\u00e4glichkeit pr\u00fcfen. <\/p>\n<p style=\"text-align: justify; \">Nicht geeignet auf ge\u00f6lten oder gewachsten Oberfl\u00e4chen. Hierf\u00fcr muss der Belag zuerst mit <span style=\"letter-spacing: normal;\">&#8220;ALK1501 LK&#8221;<\/span> grundgereinigt werden. <\/p>\n<p style=\"text-align: justify; \">Fu\u00dfbodenheizung ausschalten und Boden anschlie\u00dfend auf Normaltemperatur runter k\u00fchlen. F\u00fcr eine gute Bel\u00fcftung sorgen!<\/p>\n<p style=\"\"><b>pH:<\/b> 7,8 (Konz.)<\/p><\/p>\n","protected":false},"excerpt":{"rendered":"<p>GL\u00c4NZENDE, TRITTSICHERE HOLZVERSIEGELUNG Anwendungsgebiete: &#8220;NEU1459 LK&#8221; ist eine \u00e4u\u00dferst wirkungsvolle Acrylatbeschichtung f\u00fcr nahezu alle Holz- und Laminatarten. Diese Versiegelung verleiht der Oberfl\u00e4che eine gl\u00e4nzende, schmutzabweisende und trittsichere Schutzschicht. &#8220;NEU1459 LK&#8221; kann auf bereits beschichteten oder offenen Holzbel\u00e4gen problemlos angewendet werden. Verarbeitung: &#8220;NEU1459 LK&#8221; in 2 bis 3 Schichten mit einem flusenfreien Mopp d\u00fcnn aufgetragen. Es&#8230;<\/p>\n","protected":false},"featured_media":3611,"comment_status":"open","ping_status":"closed","template":"","meta":[],"product_brand":[319],"product_cat":[414,471,474],"product_tag":[],"class_list":{"0":"post-3610","1":"product","2":"type-product","3":"status-publish","4":"has-post-thumbnail","6":"product_brand-chemie-spezial","7":"product_cat-chemie-spezial-produkti","8":"product_cat-eku-tirisana","9":"product_cat-koksnes-apstrade","11":"first","12":"instock","13":"shipping-taxable","14":"purchasable","15":"product-type-variable","16":"has-default-attributes"},"_links":{"self":[{"href":"https:\/\/demo8.izveide.id.lv\/lv\/wp-json\/wp\/v2\/product\/3610","targetHints":{"allow":["GET"]}}],"collection":[{"href":"https:\/\/demo8.izveide.id.lv\/lv\/wp-json\/wp\/v2\/product"}],"about":[{"href":"https:\/\/demo8.izveide.id.lv\/lv\/wp-json\/wp\/v2\/types\/product"}],"replies":[{"embeddable":true,"href":"https:\/\/demo8.izveide.id.lv\/lv\/wp-json\/wp\/v2\/comments?post=3610"}],"wp:featuredmedia":[{"embeddable":true,"href":"https:\/\/demo8.izveide.id.lv\/lv\/wp-json\/wp\/v2\/media\/3611"}],"wp:attachment":[{"href":"https:\/\/demo8.izveide.id.lv\/lv\/wp-json\/wp\/v2\/media?parent=3610"}],"wp:term":[{"taxonomy":"product_brand","embeddable":true,"href":"https:\/\/demo8.izveide.id.lv\/lv\/wp-json\/wp\/v2\/product_brand?post=3610"},{"taxonomy":"product_cat","embeddable":true,"href":"https:\/\/demo8.izveide.id.lv\/lv\/wp-json\/wp\/v2\/product_cat?post=3610"},{"taxonomy":"product_tag","embeddable":true,"href":"https:\/\/demo8.izveide.id.lv\/lv\/wp-json\/wp\/v2\/product_tag?post=3610"}],"curies":[{"name":"wp","href":"https:\/\/api.w.org\/{rel}","templated":true}]}}