{"id":3574,"date":"2026-02-03T15:25:43","date_gmt":"2026-02-03T15:25:43","guid":{"rendered":"https:\/\/demo8.izveide.id.lv\/?post_type=product&#038;p=3574"},"modified":"2026-02-03T15:25:45","modified_gmt":"2026-02-03T15:25:45","slug":"neu1466-lk","status":"publish","type":"product","link":"https:\/\/demo8.izveide.id.lv\/lv\/products\/neu1466-lk\/","title":{"rendered":"NEU1466 LK"},"content":{"rendered":"<p><img decoding=\"async\" src=\"\/wp-content\/uploads\/2026\/01\/NEU1466-LK-PARENT_desc.jpg\"\/><\/p>\n<p><p><\/p>\n<p><b>WACHSENTFERNER F\u00dcR HOLZBEL\u00c4GE<\/b><\/p>\n<p style=\"text-align: justify; \"><b>Anwendungsgebiete:<\/b> <\/p>\n<p style=\"text-align: justify; \">&#8220;NEU1466 LK&#8221; ist eine anwendungsfertige L\u00f6sung zum Entfernen von alten Wachs- und \u00d6lschichten von Holzbel\u00e4gen. <\/p>\n<p style=\"text-align: justify; \"><span style=\"letter-spacing: normal;\">&#8220;NEU1466 LK&#8221;<\/span> ist wasserfrei und verhindert somit ein Quellen der Holzbel\u00e4ge. Anwendungsfehler oder zu lange Einwirkzeiten sch\u00e4digen nicht die Holzstrukturen. <\/p>\n<p style=\"text-align: justify; \"><span style=\"letter-spacing: normal;\">&#8220;NEU1466 LK&#8221;<\/span> entfernt nahezu alle Arten von Altbeschichtungen. Das ungesch\u00fctzte Holz sollte nach der Anwendung mit &#8220;ALK1465 LK&#8221;, &#8220;ALK1194 LK&#8221;, <span style=\"font-family: Arial, Helvetica, sans-serif; letter-spacing: normal; background-color: rgba(255, 255, 255, 0.8);\">&#8220;NEU1459 LK&#8221;<\/span>, <span style=\"font-family: Arial, Helvetica, sans-serif; letter-spacing: normal; background-color: rgba(255, 255, 255, 0.8);\">&#8220;NEU1461 LK&#8221;<\/span>, <span style=\"font-family: Arial, Helvetica, sans-serif; letter-spacing: normal; background-color: rgba(255, 255, 255, 0.8);\">&#8220;NEU1460 LK&#8221;<\/span>, oder <span style=\"font-family: Arial, Helvetica, sans-serif; letter-spacing: normal; background-color: rgba(255, 255, 255, 0.8);\">&#8220;NEU1496 LK&#8221;<\/span> behandelt werden.<\/p>\n<p style=\"text-align: justify; \"><b>Verarbeitung:<\/b> <\/p>\n<p style=\"text-align: justify; \"><span style=\"letter-spacing: normal;\">&#8220;NEU1466 LK&#8221;<\/span> konzentriert auf den Belag aufbringen, nicht eintrocknen lassen und die gel\u00f6sten Schichten aufnehmen. Vorgang eventuell mehrfach durchf\u00fchren.<\/p>\n<p style=\"text-align: justify; \"><b>Hinweise:<\/b> <\/p>\n<p style=\"text-align: justify; \">Bei der Verarbeitung f\u00fcr Frischluft sorgen! <\/p><\/p>\n","protected":false},"excerpt":{"rendered":"<p>WACHSENTFERNER F\u00dcR HOLZBEL\u00c4GE Anwendungsgebiete: &#8220;NEU1466 LK&#8221; ist eine anwendungsfertige L\u00f6sung zum Entfernen von alten Wachs- und \u00d6lschichten von Holzbel\u00e4gen. &#8220;NEU1466 LK&#8221; ist wasserfrei und verhindert somit ein Quellen der Holzbel\u00e4ge. Anwendungsfehler oder zu lange Einwirkzeiten sch\u00e4digen nicht die Holzstrukturen. &#8220;NEU1466 LK&#8221; entfernt nahezu alle Arten von Altbeschichtungen. Das ungesch\u00fctzte Holz sollte nach der Anwendung mit&#8230;<\/p>\n","protected":false},"featured_media":3575,"comment_status":"open","ping_status":"closed","template":"","meta":[],"product_brand":[319],"product_cat":[414,471,474],"product_tag":[],"class_list":{"0":"post-3574","1":"product","2":"type-product","3":"status-publish","4":"has-post-thumbnail","6":"product_brand-chemie-spezial","7":"product_cat-chemie-spezial-produkti","8":"product_cat-eku-tirisana","9":"product_cat-koksnes-apstrade","11":"first","12":"instock","13":"shipping-taxable","14":"purchasable","15":"product-type-variable","16":"has-default-attributes"},"_links":{"self":[{"href":"https:\/\/demo8.izveide.id.lv\/lv\/wp-json\/wp\/v2\/product\/3574","targetHints":{"allow":["GET"]}}],"collection":[{"href":"https:\/\/demo8.izveide.id.lv\/lv\/wp-json\/wp\/v2\/product"}],"about":[{"href":"https:\/\/demo8.izveide.id.lv\/lv\/wp-json\/wp\/v2\/types\/product"}],"replies":[{"embeddable":true,"href":"https:\/\/demo8.izveide.id.lv\/lv\/wp-json\/wp\/v2\/comments?post=3574"}],"wp:featuredmedia":[{"embeddable":true,"href":"https:\/\/demo8.izveide.id.lv\/lv\/wp-json\/wp\/v2\/media\/3575"}],"wp:attachment":[{"href":"https:\/\/demo8.izveide.id.lv\/lv\/wp-json\/wp\/v2\/media?parent=3574"}],"wp:term":[{"taxonomy":"product_brand","embeddable":true,"href":"https:\/\/demo8.izveide.id.lv\/lv\/wp-json\/wp\/v2\/product_brand?post=3574"},{"taxonomy":"product_cat","embeddable":true,"href":"https:\/\/demo8.izveide.id.lv\/lv\/wp-json\/wp\/v2\/product_cat?post=3574"},{"taxonomy":"product_tag","embeddable":true,"href":"https:\/\/demo8.izveide.id.lv\/lv\/wp-json\/wp\/v2\/product_tag?post=3574"}],"curies":[{"name":"wp","href":"https:\/\/api.w.org\/{rel}","templated":true}]}}