{"id":3509,"date":"2026-02-03T15:25:27","date_gmt":"2026-02-03T15:25:27","guid":{"rendered":"https:\/\/demo8.izveide.id.lv\/?post_type=product&#038;p=3509"},"modified":"2026-02-03T15:25:34","modified_gmt":"2026-02-03T15:25:34","slug":"alk029-lk","status":"publish","type":"product","link":"https:\/\/demo8.izveide.id.lv\/lv\/products\/alk029-lk\/","title":{"rendered":"ALK029 LK"},"content":{"rendered":"<p><img decoding=\"async\" src=\"\/wp-content\/uploads\/2026\/01\/ALK029-LK-PARENT_desc.jpg\"\/><\/p>\n<p><p><\/p>\n<p><b>SALMIAKVERST\u00c4RKTER GLAS- UND RAHMENREINIGER<\/b><\/p>\n<p><b>Anwendungsgebiete:<\/b><\/p>\n<p style=\"text-align: justify; \">&#8220;ALK029 LK&#8221; ist ein \u00e4u\u00dferst kraftvoller und ergiebiger Glas und Rahmenreiniger welcher salmiakverst\u00e4rkt ist. Er enth\u00e4lt einen hohen Anteil an ISO- und Bioalkoholen in einer Abstimmung von geringen Mengen an Netzund Verlaufsmitteln, sowie Ammoniak zur Reinigungsverst\u00e4rkung. Ein angenehmer Duft verbreitet sich nach der Reinigung. Das Produkt wurde mit Klartrockeneffekt entwickelt.<b><br \/><\/b><\/p>\n<p style=\"\"><b>Verarbeitung:<\/b><\/p>\n<p style=\"text-align: justify; \"><span style=\"letter-spacing: normal;\">&#8220;ALK029 LK&#8221;<\/span> auf die Anwendungskonzentration von 100 &#8211; 200 ml (1 &#8211; 2 Tassen) pro Eimer Wasser (8 Ltr.) verd\u00fcnnen und durch Einspr\u00fchen oder Einreiben die Scheiben mit der L\u00f6sung benetzen. Anschlie\u00dfend mit einem fusselfreien Tuch trockenreiben. Auch Rahmen und andere Teile k\u00f6nnen mit <span style=\"letter-spacing: normal;\">&#8220;ALK029 LK&#8221;<\/span> gr\u00fcndlich gereinigt werden.<\/p>\n<p style=\"\"><b>Hinweise:<\/b><\/p>\n<p style=\"text-align: justify; \">Wird <span style=\"letter-spacing: normal;\">&#8220;ALK029 LK&#8221;<\/span> konzentrierter als oben angegeben angewandt, ist das zu reinigende Material auf die Vertr\u00e4glichkeit mit <span style=\"letter-spacing: normal;\">&#8220;ALK029 LK&#8221;<\/span> zu pr\u00fcfen.<\/p>\n<p style=\"\"><b>pH:<\/b> 10,1(Konz.)<\/p><\/p>\n","protected":false},"excerpt":{"rendered":"<p>SALMIAKVERST\u00c4RKTER GLAS- UND RAHMENREINIGER Anwendungsgebiete: &#8220;ALK029 LK&#8221; ist ein \u00e4u\u00dferst kraftvoller und ergiebiger Glas und Rahmenreiniger welcher salmiakverst\u00e4rkt ist. Er enth\u00e4lt einen hohen Anteil an ISO- und Bioalkoholen in einer Abstimmung von geringen Mengen an Netzund Verlaufsmitteln, sowie Ammoniak zur Reinigungsverst\u00e4rkung. Ein angenehmer Duft verbreitet sich nach der Reinigung. Das Produkt wurde mit Klartrockeneffekt entwickelt&#8230;.<\/p>\n","protected":false},"featured_media":3510,"comment_status":"open","ping_status":"closed","template":"","meta":[],"product_brand":[319],"product_cat":[414,471,480],"product_tag":[],"class_list":{"0":"post-3509","1":"product","2":"type-product","3":"status-publish","4":"has-post-thumbnail","6":"product_brand-chemie-spezial","7":"product_cat-chemie-spezial-produkti","8":"product_cat-eku-tirisana","9":"product_cat-stiklu-un-ramju-tiritajs","11":"first","12":"instock","13":"shipping-taxable","14":"purchasable","15":"product-type-variable","16":"has-default-attributes"},"_links":{"self":[{"href":"https:\/\/demo8.izveide.id.lv\/lv\/wp-json\/wp\/v2\/product\/3509","targetHints":{"allow":["GET"]}}],"collection":[{"href":"https:\/\/demo8.izveide.id.lv\/lv\/wp-json\/wp\/v2\/product"}],"about":[{"href":"https:\/\/demo8.izveide.id.lv\/lv\/wp-json\/wp\/v2\/types\/product"}],"replies":[{"embeddable":true,"href":"https:\/\/demo8.izveide.id.lv\/lv\/wp-json\/wp\/v2\/comments?post=3509"}],"wp:featuredmedia":[{"embeddable":true,"href":"https:\/\/demo8.izveide.id.lv\/lv\/wp-json\/wp\/v2\/media\/3510"}],"wp:attachment":[{"href":"https:\/\/demo8.izveide.id.lv\/lv\/wp-json\/wp\/v2\/media?parent=3509"}],"wp:term":[{"taxonomy":"product_brand","embeddable":true,"href":"https:\/\/demo8.izveide.id.lv\/lv\/wp-json\/wp\/v2\/product_brand?post=3509"},{"taxonomy":"product_cat","embeddable":true,"href":"https:\/\/demo8.izveide.id.lv\/lv\/wp-json\/wp\/v2\/product_cat?post=3509"},{"taxonomy":"product_tag","embeddable":true,"href":"https:\/\/demo8.izveide.id.lv\/lv\/wp-json\/wp\/v2\/product_tag?post=3509"}],"curies":[{"name":"wp","href":"https:\/\/api.w.org\/{rel}","templated":true}]}}