{"id":3485,"date":"2026-02-03T15:25:20","date_gmt":"2026-02-03T15:25:20","guid":{"rendered":"https:\/\/demo8.izveide.id.lv\/?post_type=product&#038;p=3485"},"modified":"2026-02-03T15:25:24","modified_gmt":"2026-02-03T15:25:24","slug":"alk096-lk","status":"publish","type":"product","link":"https:\/\/demo8.izveide.id.lv\/lv\/products\/alk096-lk\/","title":{"rendered":"ALK096 LK"},"content":{"rendered":"<p><img decoding=\"async\" src=\"\/wp-content\/uploads\/2026\/01\/ALK096-LK-PARENT_desc.jpg\"\/><\/p>\n<p><p><\/p>\n<p><b>KUNSTSTOFF- UND SCHREIBTISCHREINIGER<\/b><\/p>\n<p style=\"text-align: justify; \"><b>Produkt beschreibung:<\/b><\/p>\n<p style=\"text-align: justify; \">&#8220;ALK096 LK&#8221; ist ein Kunststoff- und Schreibtischreiniger mit ausgezeichneten L\u00f6seeigenschaften gegen\u00fcber Kugelschreiberverstrichungen, Stempelkissenfarbe, Filzschreiber, Nikotin etc. <\/p>\n<p style=\"text-align: justify; \">Auch geeignet f\u00fcr die Entfernung von Kugelschreiber- und Filzstiftparolen auf Sanit\u00e4rtrennw\u00e4nden. <\/p>\n<p style=\"text-align: justify; \"><span style=\"letter-spacing: normal;\">&#8220;ALK096 LK&#8221;<\/span> besitzt trotz seiner ausgezeichneten Reinigungseigenschaften eine hohe Materialvertr\u00e4glichkeit gegen\u00fcber allen handels\u00fcblichen Kunststoffen.<\/p>\n<p style=\"text-align: justify; \"><b>Verarbeitung:<\/b><\/p>\n<p style=\"text-align: justify;\"><span style=\"letter-spacing: normal;\">&#8220;ALK096 LK&#8221;<\/span> wird konzentriert aus der Spr\u00fchflasche auf die Verschmutzung aufgespr\u00fcht. Nach kurzer Einwirkzeit mit einem trockenem Tuch oder einem Alkoholreiniger, z. B. ISO Klarglanz, aufnehmen. <\/p>\n<p style=\"text-align: justify;\">Nicht eintrocknen lassen.<\/p>\n<p style=\"\"><b>Hinweise:<\/b><\/p>\n<p style=\"\">Nicht geeignet f\u00fcr Plexiglas und alkaliempfindliche Bel\u00e4ge.<\/p>\n<p style=\"\"><b>pH (konz.):<\/b> 8 &#8211; 10<\/p><\/p>\n","protected":false},"excerpt":{"rendered":"<p>KUNSTSTOFF- UND SCHREIBTISCHREINIGER Produkt beschreibung: &#8220;ALK096 LK&#8221; ist ein Kunststoff- und Schreibtischreiniger mit ausgezeichneten L\u00f6seeigenschaften gegen\u00fcber Kugelschreiberverstrichungen, Stempelkissenfarbe, Filzschreiber, Nikotin etc. Auch geeignet f\u00fcr die Entfernung von Kugelschreiber- und Filzstiftparolen auf Sanit\u00e4rtrennw\u00e4nden. &#8220;ALK096 LK&#8221; besitzt trotz seiner ausgezeichneten Reinigungseigenschaften eine hohe Materialvertr\u00e4glichkeit gegen\u00fcber allen handels\u00fcblichen Kunststoffen. Verarbeitung: &#8220;ALK096 LK&#8221; wird konzentriert aus der Spr\u00fchflasche auf&#8230;<\/p>\n","protected":false},"featured_media":3486,"comment_status":"open","ping_status":"closed","template":"","meta":[],"product_brand":[319],"product_cat":[483,414,471,480],"product_tag":[],"class_list":{"0":"post-3485","1":"product","2":"type-product","3":"status-publish","4":"has-post-thumbnail","6":"product_brand-chemie-spezial","7":"product_cat-buvniecibas-nobeiguma-tirisana","8":"product_cat-chemie-spezial-produkti","9":"product_cat-eku-tirisana","10":"product_cat-stiklu-un-ramju-tiritajs","12":"first","13":"instock","14":"shipping-taxable","15":"purchasable","16":"product-type-variable","17":"has-default-attributes"},"_links":{"self":[{"href":"https:\/\/demo8.izveide.id.lv\/lv\/wp-json\/wp\/v2\/product\/3485","targetHints":{"allow":["GET"]}}],"collection":[{"href":"https:\/\/demo8.izveide.id.lv\/lv\/wp-json\/wp\/v2\/product"}],"about":[{"href":"https:\/\/demo8.izveide.id.lv\/lv\/wp-json\/wp\/v2\/types\/product"}],"replies":[{"embeddable":true,"href":"https:\/\/demo8.izveide.id.lv\/lv\/wp-json\/wp\/v2\/comments?post=3485"}],"wp:featuredmedia":[{"embeddable":true,"href":"https:\/\/demo8.izveide.id.lv\/lv\/wp-json\/wp\/v2\/media\/3486"}],"wp:attachment":[{"href":"https:\/\/demo8.izveide.id.lv\/lv\/wp-json\/wp\/v2\/media?parent=3485"}],"wp:term":[{"taxonomy":"product_brand","embeddable":true,"href":"https:\/\/demo8.izveide.id.lv\/lv\/wp-json\/wp\/v2\/product_brand?post=3485"},{"taxonomy":"product_cat","embeddable":true,"href":"https:\/\/demo8.izveide.id.lv\/lv\/wp-json\/wp\/v2\/product_cat?post=3485"},{"taxonomy":"product_tag","embeddable":true,"href":"https:\/\/demo8.izveide.id.lv\/lv\/wp-json\/wp\/v2\/product_tag?post=3485"}],"curies":[{"name":"wp","href":"https:\/\/api.w.org\/{rel}","templated":true}]}}