{"id":3457,"date":"2026-02-03T15:25:15","date_gmt":"2026-02-03T15:25:15","guid":{"rendered":"https:\/\/demo8.izveide.id.lv\/?post_type=product&#038;p=3457"},"modified":"2026-02-03T15:25:23","modified_gmt":"2026-02-03T15:25:23","slug":"neu208-lk","status":"publish","type":"product","link":"https:\/\/demo8.izveide.id.lv\/lv\/products\/neu208-lk\/","title":{"rendered":"NEU208 LK"},"content":{"rendered":"<p><img decoding=\"async\" src=\"\/wp-content\/uploads\/2026\/01\/NEU208-LK-PARENT_desc.jpg\"\/><\/p>\n<p><p><b><br \/><\/b><\/p>\n<p><b>SUPERGRUNDREINIGER<\/b><\/p>\n<p style=\"text-align: justify; \"><b>Produkt- beschreibung<\/b>:<\/p>\n<p style=\"text-align: justify; \">&#8220;NEU 208 LK&#8221; ist ein pH-neutraler, aufwasserl\u00f6slichen L\u00f6semitteln aufgebauter Spezialgrundreinigerf\u00fcr die Probleml\u00f6sung. Auf alten Verschmutzungen und Verkrustungen wird eine ausgezeichnete Reinigungswirkung erzielt. <\/p>\n<p style=\"text-align: justify; \"><span style=\"letter-spacing: normal;\">&#8220;NEU 208 LK&#8221;<\/span> ist besonders f\u00fcr die Entfernung von alten \u00d6l- und Wachsverkrustungen, zur Farbenentfernung in Spr\u00fchkammern, zur Filzstiftentfernung, zum Reinigen von Druckmaschinen, Entfernung von Absatzstrichen und Staplerabrieben, sowie zur Abl\u00f6sung von alten Wachs-, Seifen- und Polymerschichtengeeignet. <\/p>\n<p style=\"text-align: justify; \"><b>Verarbeitung<\/b>:<\/p>\n<p style=\"text-align: justify; \">Bei extremen Aufbauten und Verkrustungen ist es angebracht <span style=\"letter-spacing: normal;\">&#8220;NEU 208 LK&#8221;<\/span> unverd\u00fcnnt einzusetzen. Geringe Verschmutzungen lassen sich dagegen mit wasserverd\u00fcnntem <span style=\"letter-spacing: normal;\">&#8220;NEU 208 LK&#8221;<\/span> (1:5 &#8211; 1:50) leicht entfernen. Besonders bei der konzentrierten Anwendung ist darauf zu achten, dass nach der Aufl\u00f6sung der Schmutzschicht sofort mit viel Wasser nachgewischt wird. <\/p>\n<p style=\"text-align: justify; \"><b>Hinweise<\/b>:<span style=\"letter-spacing: normal;\"><br \/><\/span><\/p>\n<p style=\"text-align: justify; \"><span style=\"letter-spacing: normal;\">&#8220;NEU 208 LK&#8221;<\/span> unterliegt den Bestimmungen \u00fcber den Umgang mit gef\u00e4hrlichen Arbeitsstoffen. Deshalb sind bei der Verarbeitung die Fenster zu \u00f6ffnen. <\/p>\n<p style=\"text-align: justify; \"><span style=\"letter-spacing: normal;\">&#8220;NEU 208 LK&#8221;<\/span> ist schwer entflammbar. <\/p>\n<p style=\"text-align: justify; \">Besonders bei Linoleumfliesen und alten, rissigen Bel\u00e4gen darf <span style=\"letter-spacing: normal;\">&#8220;NEU 208 LK&#8221;<\/span> nicht in die Fugen eindringen, damit das Abheben des Belages vermieden wird. <\/p>\n<p style=\"text-align: justify; \">Vor der ersten Anwendung Probeauftrag an einer verdeckten Stelle vornehmen, um das Material auf Vertr\u00e4glichkeit und Wasserfestigkeit zu pr\u00fcfen. <\/p>\n<p style=\"text-align: justify; \"><span style=\"letter-spacing: normal;\">&#8220;NEU 208 LK&#8221;<\/span> ist frei von PCP, PCB, chlorierten Kohlenwasserstoffen, Formaldehyd, freien Halogenen undwasserunl\u00f6slichen Kohlenwasserstoffen. <\/p>\n<p style=\"text-align: justify; \">Bei der Grundreinigung besteht durch die abgel\u00f6ste Schmutzschicht erh\u00f6hte Rutschgefahr! <span style=\"letter-spacing: normal;\">&#8220;NEU 208 LK&#8221;<\/span> nicht \u00fcber 40 \u00b0C lagern und von Z\u00fcndquellen fernhalten.<\/p>\n<p style=\"text-align: justify; \"><b>pH (konz.):<\/b> &#8211; 7<\/p><\/p>\n","protected":false},"excerpt":{"rendered":"<p>SUPERGRUNDREINIGER Produkt- beschreibung: &#8220;NEU 208 LK&#8221; ist ein pH-neutraler, aufwasserl\u00f6slichen L\u00f6semitteln aufgebauter Spezialgrundreinigerf\u00fcr die Probleml\u00f6sung. Auf alten Verschmutzungen und Verkrustungen wird eine ausgezeichnete Reinigungswirkung erzielt. &#8220;NEU 208 LK&#8221; ist besonders f\u00fcr die Entfernung von alten \u00d6l- und Wachsverkrustungen, zur Farbenentfernung in Spr\u00fchkammern, zur Filzstiftentfernung, zum Reinigen von Druckmaschinen, Entfernung von Absatzstrichen und Staplerabrieben, sowie zur&#8230;<\/p>\n","protected":false},"featured_media":3458,"comment_status":"open","ping_status":"closed","template":"","meta":[],"product_brand":[319],"product_cat":[414,471,417,486,420],"product_tag":[],"class_list":{"0":"post-3457","1":"product","2":"type-product","3":"status-publish","4":"has-post-thumbnail","6":"product_brand-chemie-spezial","7":"product_cat-chemie-spezial-produkti","8":"product_cat-eku-tirisana","9":"product_cat-industrija","10":"product_cat-pamata-tiritajs","11":"product_cat-tirisana-un-attaukosana","13":"first","14":"instock","15":"shipping-taxable","16":"purchasable","17":"product-type-variable","18":"has-default-attributes"},"_links":{"self":[{"href":"https:\/\/demo8.izveide.id.lv\/lv\/wp-json\/wp\/v2\/product\/3457","targetHints":{"allow":["GET"]}}],"collection":[{"href":"https:\/\/demo8.izveide.id.lv\/lv\/wp-json\/wp\/v2\/product"}],"about":[{"href":"https:\/\/demo8.izveide.id.lv\/lv\/wp-json\/wp\/v2\/types\/product"}],"replies":[{"embeddable":true,"href":"https:\/\/demo8.izveide.id.lv\/lv\/wp-json\/wp\/v2\/comments?post=3457"}],"wp:featuredmedia":[{"embeddable":true,"href":"https:\/\/demo8.izveide.id.lv\/lv\/wp-json\/wp\/v2\/media\/3458"}],"wp:attachment":[{"href":"https:\/\/demo8.izveide.id.lv\/lv\/wp-json\/wp\/v2\/media?parent=3457"}],"wp:term":[{"taxonomy":"product_brand","embeddable":true,"href":"https:\/\/demo8.izveide.id.lv\/lv\/wp-json\/wp\/v2\/product_brand?post=3457"},{"taxonomy":"product_cat","embeddable":true,"href":"https:\/\/demo8.izveide.id.lv\/lv\/wp-json\/wp\/v2\/product_cat?post=3457"},{"taxonomy":"product_tag","embeddable":true,"href":"https:\/\/demo8.izveide.id.lv\/lv\/wp-json\/wp\/v2\/product_tag?post=3457"}],"curies":[{"name":"wp","href":"https:\/\/api.w.org\/{rel}","templated":true}]}}