{"id":6869,"date":"2016-09-05T16:00:38","date_gmt":"2016-09-05T16:00:38","guid":{"rendered":"https:\/\/demo8.izveide.id.lv\/grozs-2\/"},"modified":"2026-02-06T08:38:00","modified_gmt":"2026-02-06T08:38:00","slug":"grozs-2","status":"publish","type":"page","link":"https:\/\/demo8.izveide.id.lv\/lv\/grozs-2\/","title":{"rendered":"Grozs"},"content":{"rendered":"\n<div data-block-name=\"woocommerce\/cart\" class=\"wp-block-woocommerce-cart alignwide is-loading\">\n<div data-block-name=\"woocommerce\/filled-cart-block\" class=\"wp-block-woocommerce-filled-cart-block\">\n<div data-block-name=\"woocommerce\/cart-items-block\" class=\"wp-block-woocommerce-cart-items-block\">\n<div data-block-name=\"woocommerce\/cart-line-items-block\" class=\"wp-block-woocommerce-cart-line-items-block\"><\/div>\n\n\n<\/div>\n\n\n\n\n<div data-block-name=\"woocommerce\/cart-totals-block\" class=\"wp-block-woocommerce-cart-totals-block\">\n<div data-block-name=\"woocommerce\/cart-order-summary-block\" class=\"wp-block-woocommerce-cart-order-summary-block\">\n<div data-block-name=\"woocommerce\/cart-order-summary-heading-block\" class=\"wp-block-woocommerce-cart-order-summary-heading-block\"><\/div><div data-block-name=\"woocommerce\/cart-order-summary-coupon-form-block\" class=\"wp-block-woocommerce-cart-order-summary-coupon-form-block\"><\/div><div data-block-name=\"woocommerce\/cart-order-summary-totals-block\" class=\"wp-block-woocommerce-cart-order-summary-totals-block\">\n<div data-block-name=\"woocommerce\/cart-order-summary-subtotal-block\" class=\"wp-block-woocommerce-cart-order-summary-subtotal-block\"><\/div>\n<div data-block-name=\"woocommerce\/cart-order-summary-discount-block\" class=\"wp-block-woocommerce-cart-order-summary-discount-block\"><\/div>\n<div data-block-name=\"woocommerce\/cart-order-summary-fee-block\" class=\"wp-block-woocommerce-cart-order-summary-fee-block\"><\/div>\n<div data-block-name=\"woocommerce\/cart-order-summary-shipping-block\" class=\"wp-block-woocommerce-cart-order-summary-shipping-block\"><\/div>\n<div data-block-name=\"woocommerce\/cart-order-summary-taxes-block\" class=\"wp-block-woocommerce-cart-order-summary-taxes-block\"><\/div><\/div>\n<\/div>\n\n\n\n<div data-block-name=\"woocommerce\/cart-express-payment-block\" class=\"wp-block-woocommerce-cart-express-payment-block\"><\/div>\n\n\n\n<div data-block-name=\"woocommerce\/proceed-to-checkout-block\" class=\"wp-block-woocommerce-proceed-to-checkout-block\"><\/div>\n\n\n\n<div data-block-name=\"woocommerce\/cart-accepted-payment-methods-block\" class=\"wp-block-woocommerce-cart-accepted-payment-methods-block\"><\/div>\n<\/div>\n<\/div>\n\n\n\n<div data-block-name=\"woocommerce\/empty-cart-block\" class=\"wp-block-woocommerce-empty-cart-block\">\n<h2 class=\"wp-block-heading has-text-align-center with-empty-cart-icon wc-block-cart__empty-cart__title\">Your cart is currently empty!<\/h2>\n\n\n\n<hr class=\"wp-block-separator has-alpha-channel-opacity is-style-dots\"\/>\n\n\n\n<h2 class=\"wp-block-heading has-text-align-center\">New in store<\/h2>\n\n\n<div data-block-name=\"woocommerce\/product-new\" data-columns=\"4\" data-rows=\"1\" class=\"wc-block-grid wp-block-product-new wp-block-woocommerce-product-new wc-block-product-new has-4-columns\"><ul class=\"wc-block-grid__products\"><li class=\"wc-block-grid__product\">\n\t\t\t\t<a href=\"https:\/\/demo8.izveide.id.lv\/lv\/products\/engine-cleaner-ko%d0%b4-pr755\/\" class=\"wc-block-grid__product-link\">\n\t\t\t\t\t\n\t\t\t\t\t<div class=\"wc-block-grid__product-image\"><img loading=\"lazy\" decoding=\"async\" width=\"229\" height=\"300\" src=\"https:\/\/demo8.izveide.id.lv\/wp-content\/uploads\/2026\/02\/engine-cleaner-kod-pr755-0-jpg-code-pr755-0-87-229x300.jpg\" class=\"attachment-woocommerce_thumbnail size-woocommerce_thumbnail\" alt=\"ENGINE CLEANER (kods PR755)\" \/><\/div>\n\t\t\t\t\t<div class=\"wc-block-grid__product-title\">ENGINE CLEANER (kods PR755)<\/div>\n\t\t\t\t<\/a>\n\t\t\t\t<div class=\"wc-block-grid__product-price price\"><span class=\"woocommerce-Price-amount amount\"><span class=\"woocommerce-Price-currencySymbol\">&#036;<\/span>85.00<\/span><\/div>\n\t\t\t\t\n\t\t\t\t<div class=\"wp-block-button wc-block-grid__product-add-to-cart\"><a href=\"https:\/\/demo8.izveide.id.lv\/lv\/products\/engine-cleaner-ko%d0%b4-pr755\/\" aria-label=\"Izv\u0113lieties opcijas priek\u0161 &ldquo;ENGINE CLEANER (kods PR755)&rdquo;\" data-quantity=\"1\" data-product_id=\"5018\" data-product_sku=\"PR755-PARENT-lv\" data-price=\"85\" rel=\"nofollow\" class=\"wp-block-button__link  add_to_cart_button\">Buy<\/a><\/div>\n\t\t\t<\/li><li class=\"wc-block-grid__product\">\n\t\t\t\t<a href=\"https:\/\/demo8.izveide.id.lv\/lv\/products\/flamil-oke-code-0907\/\" class=\"wc-block-grid__product-link\">\n\t\t\t\t\t\n\t\t\t\t\t<div class=\"wc-block-grid__product-image\"><img loading=\"lazy\" decoding=\"async\" width=\"300\" height=\"300\" src=\"https:\/\/demo8.izveide.id.lv\/wp-content\/uploads\/2026\/02\/flamil-oke-code-0907-0-103-300x300.jpg\" class=\"attachment-woocommerce_thumbnail size-woocommerce_thumbnail\" alt=\"Flamil OKE (kods 0907)\" srcset=\"https:\/\/demo8.izveide.id.lv\/wp-content\/uploads\/2026\/02\/flamil-oke-code-0907-0-103-300x300.jpg 300w, https:\/\/demo8.izveide.id.lv\/wp-content\/uploads\/2026\/02\/flamil-oke-code-0907-0-103-150x150.jpg 150w\" sizes=\"auto, (max-width: 300px) 100vw, 300px\" \/><\/div>\n\t\t\t\t\t<div class=\"wc-block-grid__product-title\">Flamil OKE (kods 0907)<\/div>\n\t\t\t\t<\/a>\n\t\t\t\t<div class=\"wc-block-grid__product-price price\"><span class=\"woocommerce-Price-amount amount\"><span class=\"woocommerce-Price-currencySymbol\">&#036;<\/span>101.80<\/span><\/div>\n\t\t\t\t\n\t\t\t\t<div class=\"wp-block-button wc-block-grid__product-add-to-cart\"><a href=\"https:\/\/demo8.izveide.id.lv\/lv\/products\/flamil-oke-code-0907\/\" aria-label=\"Izv\u0113lieties opcijas priek\u0161 &ldquo;Flamil OKE (kods 0907)&rdquo;\" data-quantity=\"1\" data-product_id=\"5009\" data-product_sku=\"0907-PARENT-lv\" data-price=\"101.8\" rel=\"nofollow\" class=\"wp-block-button__link  add_to_cart_button\">Buy<\/a><\/div>\n\t\t\t<\/li><li class=\"wc-block-grid__product\">\n\t\t\t\t<a href=\"https:\/\/demo8.izveide.id.lv\/lv\/products\/florin-sv-rapid-code-0747\/\" class=\"wc-block-grid__product-link\">\n\t\t\t\t\t\n\t\t\t\t\t<div class=\"wc-block-grid__product-image\"><img loading=\"lazy\" decoding=\"async\" width=\"300\" height=\"300\" src=\"https:\/\/demo8.izveide.id.lv\/wp-content\/uploads\/2026\/02\/florin-sv-rapid-code-0747-0-171-300x300.jpg\" class=\"attachment-woocommerce_thumbnail size-woocommerce_thumbnail\" alt=\"Florin SV Rapid (kods 0747)\" srcset=\"https:\/\/demo8.izveide.id.lv\/wp-content\/uploads\/2026\/02\/florin-sv-rapid-code-0747-0-171-300x300.jpg 300w, https:\/\/demo8.izveide.id.lv\/wp-content\/uploads\/2026\/02\/florin-sv-rapid-code-0747-0-171-150x150.jpg 150w\" sizes=\"auto, (max-width: 300px) 100vw, 300px\" \/><\/div>\n\t\t\t\t\t<div class=\"wc-block-grid__product-title\">Florin SV Rapid (kods 0747)<\/div>\n\t\t\t\t<\/a>\n\t\t\t\t<div class=\"wc-block-grid__product-price price\"><span class=\"woocommerce-Price-amount amount\"><span class=\"woocommerce-Price-currencySymbol\">&#036;<\/span>12.00<\/span><\/div>\n\t\t\t\t\n\t\t\t\t<div class=\"wp-block-button wc-block-grid__product-add-to-cart\"><a href=\"https:\/\/demo8.izveide.id.lv\/lv\/products\/florin-sv-rapid-code-0747\/\" aria-label=\"Izv\u0113lieties opcijas priek\u0161 &ldquo;Florin SV Rapid (kods 0747)&rdquo;\" data-quantity=\"1\" data-product_id=\"4994\" data-product_sku=\"0747-PARENT-lv\" data-price=\"12\" rel=\"nofollow\" class=\"wp-block-button__link  add_to_cart_button\">Buy<\/a><\/div>\n\t\t\t<\/li><li class=\"wc-block-grid__product\">\n\t\t\t\t<a href=\"https:\/\/demo8.izveide.id.lv\/lv\/products\/florin-s-limette-code-0624\/\" class=\"wc-block-grid__product-link\">\n\t\t\t\t\t\n\t\t\t\t\t<div class=\"wc-block-grid__product-image\"><img loading=\"lazy\" decoding=\"async\" width=\"300\" height=\"300\" src=\"https:\/\/demo8.izveide.id.lv\/wp-content\/uploads\/2026\/02\/florin-s-limette-code-0624-0-177-300x300.jpg\" class=\"attachment-woocommerce_thumbnail size-woocommerce_thumbnail\" alt=\"Florin S Limette (kods 0624)\" srcset=\"https:\/\/demo8.izveide.id.lv\/wp-content\/uploads\/2026\/02\/florin-s-limette-code-0624-0-177-300x300.jpg 300w, https:\/\/demo8.izveide.id.lv\/wp-content\/uploads\/2026\/02\/florin-s-limette-code-0624-0-177-150x150.jpg 150w\" sizes=\"auto, (max-width: 300px) 100vw, 300px\" \/><\/div>\n\t\t\t\t\t<div class=\"wc-block-grid__product-title\">Florin S Limette (kods 0624)<\/div>\n\t\t\t\t<\/a>\n\t\t\t\t<div class=\"wc-block-grid__product-price price\"><span class=\"woocommerce-Price-amount amount\"><span class=\"woocommerce-Price-currencySymbol\">&#036;<\/span>10.40<\/span><\/div>\n\t\t\t\t\n\t\t\t\t<div class=\"wp-block-button wc-block-grid__product-add-to-cart\"><a href=\"https:\/\/demo8.izveide.id.lv\/lv\/products\/florin-s-limette-code-0624\/\" aria-label=\"Izv\u0113lieties opcijas priek\u0161 &ldquo;Florin S Limette (kods 0624)&rdquo;\" data-quantity=\"1\" data-product_id=\"4979\" data-product_sku=\"0624-PARENT-lv\" data-price=\"10.4\" rel=\"nofollow\" class=\"wp-block-button__link  add_to_cart_button\">Buy<\/a><\/div>\n\t\t\t<\/li><\/ul><\/div><\/div>\n<\/div>\n","protected":false},"excerpt":{"rendered":"Jums ar\u012b var\u0113tu interes\u0113t&hellip; Your cart is currently empty! New in store","protected":false},"author":1,"featured_media":0,"parent":0,"menu_order":0,"comment_status":"closed","ping_status":"closed","template":"","meta":{"footnotes":""},"class_list":["post-6869","page","type-page","status-publish","hentry"],"_links":{"self":[{"href":"https:\/\/demo8.izveide.id.lv\/lv\/wp-json\/wp\/v2\/pages\/6869","targetHints":{"allow":["GET"]}}],"collection":[{"href":"https:\/\/demo8.izveide.id.lv\/lv\/wp-json\/wp\/v2\/pages"}],"about":[{"href":"https:\/\/demo8.izveide.id.lv\/lv\/wp-json\/wp\/v2\/types\/page"}],"author":[{"embeddable":true,"href":"https:\/\/demo8.izveide.id.lv\/lv\/wp-json\/wp\/v2\/users\/1"}],"replies":[{"embeddable":true,"href":"https:\/\/demo8.izveide.id.lv\/lv\/wp-json\/wp\/v2\/comments?post=6869"}],"version-history":[{"count":0,"href":"https:\/\/demo8.izveide.id.lv\/lv\/wp-json\/wp\/v2\/pages\/6869\/revisions"}],"wp:attachment":[{"href":"https:\/\/demo8.izveide.id.lv\/lv\/wp-json\/wp\/v2\/media?parent=6869"}],"curies":[{"name":"wp","href":"https:\/\/api.w.org\/{rel}","templated":true}]}}