{"id":6517,"date":"2026-02-03T15:45:35","date_gmt":"2026-02-03T15:45:35","guid":{"rendered":"https:\/\/demo8.izveide.id.lv\/?post_type=product&#038;p=6517"},"modified":"2026-02-03T15:45:41","modified_gmt":"2026-02-03T15:45:41","slug":"flor-plus-super-visco-stabil-spray-flor-plus-super-visco-stabil-flussig-code-0033-0032","status":"publish","type":"product","link":"https:\/\/demo8.izveide.id.lv\/de\/produkt\/flor-plus-super-visco-stabil-spray-flor-plus-super-visco-stabil-flussig-code-0033-0032\/","title":{"rendered":"Flor Plus Super Visco Stabil Spray \/ Flor Plus Super Visco Stabil fl\u00fcssig (Art.-Nr. 0033 \/ 0032)"},"content":{"rendered":"<p><img decoding=\"async\" alt=\"0033-PARENT\" class=\"alignnone size-full wp-image-2133\" src=\"\/wp-content\/uploads\/2026\/01\/0033-PARENT_desc.jpg\" width=\"100%\" srcset=\"https:\/\/demo8.izveide.id.lv\/wp-content\/uploads\/2026\/01\/0033-PARENT_desc.jpg 958w, https:\/\/demo8.izveide.id.lv\/wp-content\/uploads\/2026\/01\/0033-PARENT_desc-600x391.jpg 600w, https:\/\/demo8.izveide.id.lv\/wp-content\/uploads\/2026\/01\/0033-PARENT_desc-300x196.jpg 300w\" sizes=\"(max-width: 958px) 100vw, 958px\" \/><\/p>\n<p><p style=\"text-align: justify;\"><\/p>\n<p> <strong>  <\/strong><b>VOLLSYNTHETISCHES HOCHLEISTUNGSSCHMIERMITTEL<\/b> <br \/><span style=\"padding: 0cm; border: 1pt windowtext; border-image: none;\"><span style=\"text-align: justify;\"><br \/><\/span><\/span><\/p>\n<p align=\"justify\" style=\"line-height: 1.4;\"><span style=\"text-align: justify;\"><b>FLOR\u00ae PLUS SUPER VISCO STABIL<\/b> <\/span><\/p>\n<p align=\"justify\" dir=\"ltr\" style=\"line-height: 1.4; margin-right: 0px;\"><span style=\"text-align: justify;\">erm\u00f6glicht einen besonders wirtschaftlichen Einsatz, da es mit seinem ausgezeichneten Adh\u00e4sionsverm\u00f6gen daf\u00fcr sorgt, dass es auch bei hohen Laufgeschwindigkeiten weder abgeworfen noch verdr\u00e4ngt wird und den Schmiermittelverlust mindert. FLOR\u00ae PLUS SUPER VISCO STABIL widersteht selbst einer Dampfstrahlreinigung, ist wasserabweisend, tropft und verharzt nicht, sch\u00fctzt und schmiert Teile, die Wasser, Dampf und \u00e4tzenden Stoffen wie S\u00e4uren und Laugen ausgesetzt sind. FLOR\u00ae PLUS SUPER VISCO STABIL ist farblos, verf\u00fcgt \u00fcber einen hohen Viskosit\u00e4tsindex, wirkt sto\u00df- und ger\u00e4uschd\u00e4mpfend, verl\u00e4ngert Schmierintervalle um das 4- bis 10-fache und vermindert Verschlei\u00df. <\/span><\/p>\n<p><span style=\"text-align: justify;\"><\/span><\/p>\n<p align=\"justify\" style=\"line-height: 1.4;\"><span style=\"text-align: justify;\"><span style=\"text-align: justify;\"><\/p>\n<p><b>ANWENDUNGSBEREICHE<\/b> <\/span><\/span><\/p>\n<p align=\"justify\" style=\"line-height: 1.4;\"><span style=\"text-align: justify;\">F\u00f6rderb\u00e4nder; Ketten, Rohrbahnen, Hebel, Winden, Schneckengetriebe, offene Getriebe, Kardangelenke, Ketten, Kabel, Seile, Spindeln, Scharniere, Gelenke, Schl\u00f6sser, Kupplungen, Schieber, F\u00fchrungsschrauben, F\u00fchrungseinrichtungen.<\/span><\/p>\n<p align=\"justify\" style=\"line-height: 1.4;\"><span style=\"text-align: justify;\"><\/p>\n<p><b>VERARBEITUNGSHINWEISE<\/b> <\/span><\/p>\n<p align=\"justify\" style=\"line-height: 1.4;\"><span style=\"text-align: justify;\">Der Einsatztemperaturbereich liegt zwischen -40 \u00b0C und +130 \u00b0C bei Dauerbelastung. Eventuell vorhandene Schmiermittelreste entfernen. FLOR\u00ae PLUS SUPER VISCO STABIL vor Gebrauch gut sch\u00fctteln, hauchd\u00fcnn aufspr\u00fchen, \u00dcbersch\u00fcsse vermeiden. <\/span><\/p>\n<p align=\"justify\" style=\"line-height: 1.4;\"><span style=\"text-align: justify;\"><\/p>\n<p><b>WEITERER HINWEIS<\/b> <\/span><\/p>\n<p align=\"justify\" style=\"line-height: 1.4;\"><span style=\"text-align: justify;\">Zum Erhalt der Produkteigenschaften FLOR\u00ae PLUS SUPER VISCO STABIL frostfrei lagern. <\/span><\/p>\n<p align=\"justify\" style=\"line-height: 1.4;\"><span style=\"text-align: justify;\"><\/p>\n<p><b>TECHNISCHE DATEN<\/b> <\/span><\/p>\n<p align=\"justify\" style=\"line-height: 1.4;\"><span style=\"text-align: justify;\"><\/p>\n<p><b>Form<\/b>: fl\u00fcssig Aerosol <\/span><\/p>\n<p align=\"justify\" style=\"line-height: 1.4;\"><span style=\"text-align: justify;\"><b>Dichte (20 \u00b0C)<\/b>: 0,84 g\/ml 0,77 g\/cm\u00b3 (Wirkstoff) <\/span><\/p>\n<p align=\"justify\" style=\"line-height: 1.4;\"><span style=\"text-align: justify;\"><\/p>\n<p><b>Flammpunkt<\/b>: &gt; 62 \u00b0C nicht anwendbar <\/span><\/p>\n<p align=\"justify\" style=\"line-height: 1.4;\"><span style=\"text-align: justify;\"><b>Treibgas<\/b>: nicht anwendbar Propan \/ Butan <\/span><\/p>\n<p align=\"justify\" style=\"line-height: 1.4;\"><span style=\"text-align: justify;\"><\/p>\n<p><b>INHALTSSTOFFE<\/b>: Polyolefine, Haftverbesserer, aliphatische Kohlenwasserstoffe<\/span><\/p><\/p>\n","protected":false},"excerpt":{"rendered":"<p>VOLLSYNTHETISCHES HOCHLEISTUNGSSCHMIERMITTEL FLOR\u00ae PLUS SUPER VISCO STABIL erm\u00f6glicht einen besonders wirtschaftlichen Einsatz, da es mit seinem ausgezeichneten Adh\u00e4sionsverm\u00f6gen daf\u00fcr sorgt, dass es auch bei hohen Laufgeschwindigkeiten weder abgeworfen noch verdr\u00e4ngt wird und den Schmiermittelverlust mindert. FLOR\u00ae PLUS SUPER VISCO STABIL widersteht selbst einer Dampfstrahlreinigung, ist wasserabweisend, tropft und verharzt nicht, sch\u00fctzt und schmiert Teile, die&#8230;<\/p>\n","protected":false},"featured_media":6518,"comment_status":"open","ping_status":"closed","template":"","meta":[],"product_brand":[337],"product_cat":[354,393,399],"product_tag":[],"class_list":{"0":"post-6517","1":"product","2":"type-product","3":"status-publish","4":"has-post-thumbnail","6":"product_brand-flore-chemie","7":"product_cat-flore-chemie-produkte","8":"product_cat-hochwirksame-reinigungs-und-schmiermittel","9":"product_cat-schmiermittel-lagerfett","11":"first","12":"instock","13":"shipping-taxable","14":"purchasable","15":"product-type-variable","16":"has-default-attributes"},"_links":{"self":[{"href":"https:\/\/demo8.izveide.id.lv\/de\/wp-json\/wp\/v2\/product\/6517","targetHints":{"allow":["GET"]}}],"collection":[{"href":"https:\/\/demo8.izveide.id.lv\/de\/wp-json\/wp\/v2\/product"}],"about":[{"href":"https:\/\/demo8.izveide.id.lv\/de\/wp-json\/wp\/v2\/types\/product"}],"replies":[{"embeddable":true,"href":"https:\/\/demo8.izveide.id.lv\/de\/wp-json\/wp\/v2\/comments?post=6517"}],"wp:featuredmedia":[{"embeddable":true,"href":"https:\/\/demo8.izveide.id.lv\/de\/wp-json\/wp\/v2\/media\/6518"}],"wp:attachment":[{"href":"https:\/\/demo8.izveide.id.lv\/de\/wp-json\/wp\/v2\/media?parent=6517"}],"wp:term":[{"taxonomy":"product_brand","embeddable":true,"href":"https:\/\/demo8.izveide.id.lv\/de\/wp-json\/wp\/v2\/product_brand?post=6517"},{"taxonomy":"product_cat","embeddable":true,"href":"https:\/\/demo8.izveide.id.lv\/de\/wp-json\/wp\/v2\/product_cat?post=6517"},{"taxonomy":"product_tag","embeddable":true,"href":"https:\/\/demo8.izveide.id.lv\/de\/wp-json\/wp\/v2\/product_tag?post=6517"}],"curies":[{"name":"wp","href":"https:\/\/api.w.org\/{rel}","templated":true}]}}