{"id":6511,"date":"2026-02-03T15:45:34","date_gmt":"2026-02-03T15:45:34","guid":{"rendered":"https:\/\/demo8.izveide.id.lv\/?post_type=product&#038;p=6511"},"modified":"2026-02-03T15:45:41","modified_gmt":"2026-02-03T15:45:41","slug":"flor-plus-super-grease-1300-spray-gleitmetall-as-1300-extra-fest-code-0058-0178","status":"publish","type":"product","link":"https:\/\/demo8.izveide.id.lv\/de\/produkt\/flor-plus-super-grease-1300-spray-gleitmetall-as-1300-extra-fest-code-0058-0178\/","title":{"rendered":"Flor Plus Super Grease 1300 Spray \/ Gleitmetall AS 1300 extra fest (Art.-Nr. 0058 \/ 0178)"},"content":{"rendered":"<p><img decoding=\"async\" alt=\"0058-PARENT\" class=\"alignnone size-full wp-image-2136\" src=\"\/wp-content\/uploads\/2026\/01\/0058-PARENT_desc.jpg\" width=\"100%\" srcset=\"https:\/\/demo8.izveide.id.lv\/wp-content\/uploads\/2026\/01\/0058-PARENT_desc.jpg 958w, https:\/\/demo8.izveide.id.lv\/wp-content\/uploads\/2026\/01\/0058-PARENT_desc-600x448.jpg 600w, https:\/\/demo8.izveide.id.lv\/wp-content\/uploads\/2026\/01\/0058-PARENT_desc-300x224.jpg 300w\" sizes=\"(max-width: 958px) 100vw, 958px\" \/><\/p>\n<p><\/p>\n<p align=\"justify\"><b>SPEZIALSCHMIERMITTEL. KUPFERBASIS<\/b><\/p>\n<p align=\"justify\"><span style=\"padding: 0cm; border: 1pt windowtext;\"><b>FLOR\u00ae PLUS SUPER GREASE 1300<\/b> <\/span><\/p>\n<p align=\"justify\"><span style=\"padding: 0cm; border: 1pt windowtext; font-size: 14px;\">verhindert das Festfressen von Schrauben, Bolzen, Walzen etc. und l\u00f6st Schraubverbindungen, die durch Kaltverschwei\u00dfung, nach Sto\u00df, Schlag oder Temperatureinwirkung nicht l\u00f6sbar sind. <\/span><\/p>\n<p align=\"justify\"><span style=\"padding: 0cm; border: 1pt windowtext;\">FLOR\u00ae PLUS SUPER GREASE 1300 unterst\u00fctzt in Verbindung mit unserem Rostl\u00f6ser Flor\u00ae Plus SRP Super, Prod.-Nr. 0021\/0022, das L\u00f6sen von korrodierten oder mit Pa\u00dfrost behafteten Schraubverbindungen. <\/span><\/p>\n<p align=\"justify\"><span style=\"padding: 0cm; border: 1pt windowtext;\">FLOR\u00ae PLUS SUPER GREASE 1300 ist best\u00e4ndig gegen\u00fcber S\u00e4uren, Laugen, aggressiven D\u00e4mpfen und Feuchtigkeit. Bei sachgem\u00e4\u00dfer Verwendung werden Metalle, Gummi und Kunststoffe nicht angegriffen. <\/span><\/p>\n<p align=\"justify\"><span style=\"padding: 0cm; border: 1pt windowtext;\"><\/p>\n<p><b>VERARBEITUNGSHINWEISE<\/b> <\/span><\/p>\n<p align=\"justify\"><span style=\"padding: 0cm; border: 1pt windowtext;\">Zu l\u00f6sende Teile satt mit FLOR\u00ae PLUS SUPER GREASE 1300 einspr\u00fchen und mehrere Minuten einwirken lassen. Als Prophylaxe: Teile vor dem Einsetzen satt einspr\u00fchen. <\/span><\/p>\n<p align=\"justify\"><span style=\"padding: 0cm; border: 1pt windowtext;\"><\/p>\n<p><b>TECHNISCHE DATEN<\/b> <\/span><\/p>\n<p align=\"justify\"><span style=\"padding: 0cm; border: 1pt windowtext;\"><\/p>\n<p><b>Form<\/b>: Aerosol <\/span><\/p>\n<p align=\"justify\"><span style=\"padding: 0cm; border: 1pt windowtext;\"><b>Dichte (20 \u00b0C)<\/b>: 0,86 g\/cm\u00b3 <\/span><\/p>\n<p align=\"justify\"><span style=\"padding: 0cm; border: 1pt windowtext;\"><b>Temperaturbest\u00e4ndigkeit<\/b>: -40 \u00b0C bis +1350 \u00b0C <\/span><\/p>\n<p align=\"justify\"><span style=\"padding: 0cm; border: 1pt windowtext;\"><b>Treibgas<\/b>: Propan\/Butan <\/span><\/p>\n<p align=\"justify\"><span style=\"padding: 0cm; border: 1pt windowtext;\"><\/p>\n<p><b>INHALTSSTOFFE<\/b>: aliphatische Kohlenwasserstoffe, mineralische Selektivraffinate, Geliermittel, Festschmierstoffe, EP- und Korrosionsschutzadditive, Hilfsstoffe<\/span><\/p>\n<p align=\"justify\"><span style=\"padding: 0cm; border: 1pt windowtext;\"><b>Ebenfalls erh<\/b><b>\u00e4<\/b><b>ltlich als<\/b><span style=\"font-family: Arial, Helvetica, sans-serif; letter-spacing: normal; background-color: rgba(255, 255, 255, 0.8);\">: pastos<\/span><\/span><\/p><\/p>\n","protected":false},"excerpt":{"rendered":"<p>SPEZIALSCHMIERMITTEL. KUPFERBASIS FLOR\u00ae PLUS SUPER GREASE 1300 verhindert das Festfressen von Schrauben, Bolzen, Walzen etc. und l\u00f6st Schraubverbindungen, die durch Kaltverschwei\u00dfung, nach Sto\u00df, Schlag oder Temperatureinwirkung nicht l\u00f6sbar sind. FLOR\u00ae PLUS SUPER GREASE 1300 unterst\u00fctzt in Verbindung mit unserem Rostl\u00f6ser Flor\u00ae Plus SRP Super, Prod.-Nr. 0021\/0022, das L\u00f6sen von korrodierten oder mit Pa\u00dfrost behafteten Schraubverbindungen&#8230;.<\/p>\n","protected":false},"featured_media":6512,"comment_status":"open","ping_status":"closed","template":"","meta":[],"product_brand":[337],"product_cat":[354,393,399],"product_tag":[],"class_list":{"0":"post-6511","1":"product","2":"type-product","3":"status-publish","4":"has-post-thumbnail","6":"product_brand-flore-chemie","7":"product_cat-flore-chemie-produkte","8":"product_cat-hochwirksame-reinigungs-und-schmiermittel","9":"product_cat-schmiermittel-lagerfett","11":"first","12":"instock","13":"shipping-taxable","14":"purchasable","15":"product-type-variable","16":"has-default-attributes"},"_links":{"self":[{"href":"https:\/\/demo8.izveide.id.lv\/de\/wp-json\/wp\/v2\/product\/6511","targetHints":{"allow":["GET"]}}],"collection":[{"href":"https:\/\/demo8.izveide.id.lv\/de\/wp-json\/wp\/v2\/product"}],"about":[{"href":"https:\/\/demo8.izveide.id.lv\/de\/wp-json\/wp\/v2\/types\/product"}],"replies":[{"embeddable":true,"href":"https:\/\/demo8.izveide.id.lv\/de\/wp-json\/wp\/v2\/comments?post=6511"}],"wp:featuredmedia":[{"embeddable":true,"href":"https:\/\/demo8.izveide.id.lv\/de\/wp-json\/wp\/v2\/media\/6512"}],"wp:attachment":[{"href":"https:\/\/demo8.izveide.id.lv\/de\/wp-json\/wp\/v2\/media?parent=6511"}],"wp:term":[{"taxonomy":"product_brand","embeddable":true,"href":"https:\/\/demo8.izveide.id.lv\/de\/wp-json\/wp\/v2\/product_brand?post=6511"},{"taxonomy":"product_cat","embeddable":true,"href":"https:\/\/demo8.izveide.id.lv\/de\/wp-json\/wp\/v2\/product_cat?post=6511"},{"taxonomy":"product_tag","embeddable":true,"href":"https:\/\/demo8.izveide.id.lv\/de\/wp-json\/wp\/v2\/product_tag?post=6511"}],"curies":[{"name":"wp","href":"https:\/\/api.w.org\/{rel}","templated":true}]}}