{"id":6496,"date":"2026-02-03T15:45:31","date_gmt":"2026-02-03T15:45:31","guid":{"rendered":"https:\/\/demo8.izveide.id.lv\/?post_type=product&#038;p=6496"},"modified":"2026-02-03T15:45:41","modified_gmt":"2026-02-03T15:45:41","slug":"florin-ec-spray-florin-ec-flussig-code-0467-0410","status":"publish","type":"product","link":"https:\/\/demo8.izveide.id.lv\/de\/produkt\/florin-ec-spray-florin-ec-flussig-code-0467-0410\/","title":{"rendered":"Florin EC Spray \/ Florin EC fl\u00fcssig (Art.-Nr. 0467 \/ 0410)"},"content":{"rendered":"<p><img decoding=\"async\" alt=\"0467-PARENT\" class=\"alignnone size-full wp-image-2147\" src=\"\/wp-content\/uploads\/2026\/01\/0467-PARENT_desc.jpg\" width=\"100%\" srcset=\"https:\/\/demo8.izveide.id.lv\/wp-content\/uploads\/2026\/01\/0467-PARENT_desc.jpg 1000w, https:\/\/demo8.izveide.id.lv\/wp-content\/uploads\/2026\/01\/0467-PARENT_desc-600x450.jpg 600w, https:\/\/demo8.izveide.id.lv\/wp-content\/uploads\/2026\/01\/0467-PARENT_desc-300x225.jpg 300w\" sizes=\"(max-width: 1000px) 100vw, 1000px\" \/><\/p>\n<p><b>ELEKTROREINIGER<\/b><span style=\"padding: 0cm; border: 1pt windowtext;\"><b>FLORIN\u00ae EC<\/b> <\/span><span style=\"padding: 0cm; border: 1pt windowtext;\">ist ein Spezial-Entfetter und Reiniger f\u00fcr Elektronik- und Elektrobauteile sowie elektromechanische Baugruppen. FLORIN\u00ae EC ist frei von halogenierten Kohlenwasserstoffen, aromatenfrei, arbeitet r\u00fcckstandslos und ohne R\u00fcckfettung, verdunstet schnell, ist mild im Geruch und greift die meisten Kunststoffe und Gummi nicht an (ggf. Vortest durchf\u00fchren). <\/span><span style=\"padding: 0cm; border: 1pt windowtext;\"><\/p>\n<p><b>ANWENDUNGSBEREICHE<\/b> <\/span><span style=\"padding: 0cm; border: 1pt windowtext;\">Wicklungen von Elektromotoren, Turbinenteile, Sch\u00fctze, Relais, Leiterplatten, Signalanlagen, Messinstrumente, Computeranlagen, Video\u00fcberwachungsanlagen, Feinmechanik, Spinnerei- und Webereimaschinen etc. <\/span><span style=\"padding: 0cm; border: 1pt windowtext;\"><\/p>\n<p><b>VERARBEITUNGSHINWEISE<\/b> <\/span><span style=\"padding: 0cm; border: 1pt windowtext;\">Vortest auf Vergussmassen von E-Motoren durchf\u00fchren! Nicht unter Spannung einsetzen! Vor Anwendung auf nicht genannten Materialien Vortest an verdeckter Stelle durchf\u00fchren. Anschlie\u00dfend FLORIN\u00ae EC unverd\u00fcnnt auf die zu reinigenden Teile aufbringen mittels Spr\u00fch-, Pinsel- oder Tauchverfahren. Leichtentz\u00fcndlich (0410 FLORIN\u00ae EC) \/ Hochentz\u00fcndlich (0467 FLORIN\u00ae EC Spray). <\/span>Anwendungstip: Bei der Reinigung von sch\u00fctz- bzw. relaisgesteuerten Anlagen mit konzentriertem Strahl sp\u00fclen und durch anschlie\u00dfendes Ausblasen mit Pressluft Trocknungsvorgang beschleunigen.<br \/><span style=\"padding: 0cm; border: 1pt windowtext;\"><\/p>\n<p><b>WEITERER HINWEIS<\/b> <\/span><span style=\"padding: 0cm; border: 1pt windowtext;\">Zum Erhalt der Produkteigenschaften FLORIN\u00ae EC frostfrei lagern. <\/span><span style=\"padding: 0cm; border: 1pt windowtext;\"><\/p>\n<p><b>TECHNISCHE DATEN<\/b> <\/span><span style=\"padding: 0cm; border: 1pt windowtext;\"><\/p>\n<p><b>Form<\/b>: fl\u00fcssig Aerosol <\/span><span style=\"padding: 0cm; border: 1pt windowtext;\"><b>Dichte (20 \u00b0C)<\/b>: ca. 0,705 g\/cm\u00b3 ca. 0,705 g\/cm\u00b3 (Wirkstoff) <\/span><span style=\"padding: 0cm; border: 1pt windowtext;\"><\/p>\n<p><b>Flammpunkt<\/b>: &#8211; 4 \u00b0C &gt; 0 \u00b0C <\/span><span style=\"padding: 0cm; border: 1pt windowtext;\"><b>VZ (Ether = 1)<\/b>: 3 3 (Wirkstoff) <\/span><span style=\"padding: 0cm; border: 1pt windowtext;\"><b>Siedebereich<\/b>: 97-99 \u00b0C &#8212; <\/span><span style=\"padding: 0cm; border: 1pt windowtext;\"><b>Durchschlagfestigkeit<\/b>: 80 kV nach VDE 0370\/12.78 &#8212; <\/span><span style=\"padding: 0cm; border: 1pt windowtext;\"><b>Treibgas<\/b>: &#8212; Propan \/ Butan <\/span><span style=\"padding: 0cm; border: 1pt windowtext;\"><\/p>\n<p><b>INHALTSSTOFFE<\/b>: Kohlenwasserstoffe, C7, N-Alkane, Kohlenwasserstoffgemisch Iso-Alkane, Cyclische Verbindungen<\/span><\/p>\n","protected":false},"excerpt":{"rendered":"<p>ELEKTROREINIGERFLORIN\u00ae EC ist ein Spezial-Entfetter und Reiniger f\u00fcr Elektronik- und Elektrobauteile sowie elektromechanische Baugruppen. FLORIN\u00ae EC ist frei von halogenierten Kohlenwasserstoffen, aromatenfrei, arbeitet r\u00fcckstandslos und ohne R\u00fcckfettung, verdunstet schnell, ist mild im Geruch und greift die meisten Kunststoffe und Gummi nicht an (ggf. Vortest durchf\u00fchren). ANWENDUNGSBEREICHE Wicklungen von Elektromotoren, Turbinenteile, Sch\u00fctze, Relais, Leiterplatten, Signalanlagen, Messinstrumente,&#8230;<\/p>\n","protected":false},"featured_media":6497,"comment_status":"open","ping_status":"closed","template":"","meta":[],"product_brand":[337],"product_cat":[354,378,390],"product_tag":[],"class_list":{"0":"post-6496","1":"product","2":"type-product","3":"status-publish","4":"has-post-thumbnail","6":"product_brand-flore-chemie","7":"product_cat-flore-chemie-produkte","8":"product_cat-industrie-technik-maschinenbau-elektroanlagen","9":"product_cat-schutz-und-pflege-fuer-technik-rostentferner-elektroreiniger","11":"first","12":"instock","13":"shipping-taxable","14":"purchasable","15":"product-type-variable","16":"has-default-attributes"},"_links":{"self":[{"href":"https:\/\/demo8.izveide.id.lv\/de\/wp-json\/wp\/v2\/product\/6496","targetHints":{"allow":["GET"]}}],"collection":[{"href":"https:\/\/demo8.izveide.id.lv\/de\/wp-json\/wp\/v2\/product"}],"about":[{"href":"https:\/\/demo8.izveide.id.lv\/de\/wp-json\/wp\/v2\/types\/product"}],"replies":[{"embeddable":true,"href":"https:\/\/demo8.izveide.id.lv\/de\/wp-json\/wp\/v2\/comments?post=6496"}],"wp:featuredmedia":[{"embeddable":true,"href":"https:\/\/demo8.izveide.id.lv\/de\/wp-json\/wp\/v2\/media\/6497"}],"wp:attachment":[{"href":"https:\/\/demo8.izveide.id.lv\/de\/wp-json\/wp\/v2\/media?parent=6496"}],"wp:term":[{"taxonomy":"product_brand","embeddable":true,"href":"https:\/\/demo8.izveide.id.lv\/de\/wp-json\/wp\/v2\/product_brand?post=6496"},{"taxonomy":"product_cat","embeddable":true,"href":"https:\/\/demo8.izveide.id.lv\/de\/wp-json\/wp\/v2\/product_cat?post=6496"},{"taxonomy":"product_tag","embeddable":true,"href":"https:\/\/demo8.izveide.id.lv\/de\/wp-json\/wp\/v2\/product_tag?post=6496"}],"curies":[{"name":"wp","href":"https:\/\/api.w.org\/{rel}","templated":true}]}}