{"id":6482,"date":"2026-02-03T15:45:22","date_gmt":"2026-02-03T15:45:22","guid":{"rendered":"https:\/\/demo8.izveide.id.lv\/?post_type=product&#038;p=6482"},"modified":"2026-02-03T15:45:24","modified_gmt":"2026-02-03T15:45:24","slug":"florin-df-spray-florin-df-flussig-code-0013-0012","status":"publish","type":"product","link":"https:\/\/demo8.izveide.id.lv\/de\/produkt\/florin-df-spray-florin-df-flussig-code-0013-0012\/","title":{"rendered":"Florin DF Spray \/ Florin DF fl\u00fcssig (Art.-Nr. 0013 \/ 0012)"},"content":{"rendered":"<p><img decoding=\"async\" alt=\"0013-PARENT\" class=\"alignnone size-full wp-image-2155\" src=\"\/wp-content\/uploads\/2026\/01\/0013-PARENT_desc.jpg\" width=\"100%\" srcset=\"https:\/\/demo8.izveide.id.lv\/wp-content\/uploads\/2026\/01\/0013-PARENT_desc.jpg 1280w, https:\/\/demo8.izveide.id.lv\/wp-content\/uploads\/2026\/01\/0013-PARENT_desc-600x375.jpg 600w, https:\/\/demo8.izveide.id.lv\/wp-content\/uploads\/2026\/01\/0013-PARENT_desc-300x188.jpg 300w, https:\/\/demo8.izveide.id.lv\/wp-content\/uploads\/2026\/01\/0013-PARENT_desc-1024x640.jpg 1024w\" sizes=\"(max-width: 1280px) 100vw, 1280px\" \/><\/p>\n<p><\/p>\n<p align=\"justify\"><b>KORROSIONS- UND FEUCHTIGKEITSSCHUTZ F\u00dcR ELEKTRISCHE ANLAGEN<\/b> <\/p>\n<p><b>FLORIN\u00ae DF<\/b> unterwandert die vorhandene Feuchtigkeit und bildet einen Schutzfilm, der verhindert, dass sich Korrosion bildet, die zu St\u00f6rungen f\u00fchrt. FLORIN\u00ae DF beeintr\u00e4chtigt nicht die elektrische Leitf\u00e4higkeit. <\/p>\n<p><b>ANWENDUNGSBEREICHE<\/b> FLORIN\u00ae DF findet \u00fcberall dort Einsatz, wo elektrische Ger\u00e4te und Anlagen vor Feuchtigkeit gesch\u00fctzt werden sollen.<\/p>\n<p><b>VERARBEITUNGSHINWEISE<\/b> FLORIN\u00ae DF ist nicht f\u00fcr Computer geeignet. Vor Anwendung elektrische Ger\u00e4te ausschalten. Spray vor Gebrauch sch\u00fctteln.<\/p>\n<p><b>WEITERER HINWEIS<\/b> Zum Erhalt der Produkteigenschaften FLORIN\u00ae DF frostfrei lagern. <\/p>\n<p><b>TECHNISCHE DATEN<\/b> <\/p>\n<p><b>Form<\/b>: fl\u00fcssig Aerosol <b>Dichte (20 \u00b0C)<\/b>: 0,756 g\/cm\u00b3 0,756 g\/cm\u00b3 (Wirkstoff) <b>Siedebereich<\/b>: 130 &#8211; 180 \u00b0C nicht bestimmt <\/p>\n<p><b>Flammpunkt<\/b>: 26 \u00b0C nicht anwendbar <b>Treibmittel<\/b>: &#8212; Propan \/ Butan <\/p>\n<p><b>INHALTSSTOFFE<\/b>: Aromatenfreies Testbenzin, Korrosionsschutz- und Wasserverdr\u00e4ngungsadditive, Alkohole<\/p>\n","protected":false},"excerpt":{"rendered":"<p>KORROSIONS- UND FEUCHTIGKEITSSCHUTZ F\u00dcR ELEKTRISCHE ANLAGEN FLORIN\u00ae DF unterwandert die vorhandene Feuchtigkeit und bildet einen Schutzfilm, der verhindert, dass sich Korrosion bildet, die zu St\u00f6rungen f\u00fchrt. FLORIN\u00ae DF beeintr\u00e4chtigt nicht die elektrische Leitf\u00e4higkeit. ANWENDUNGSBEREICHE FLORIN\u00ae DF findet \u00fcberall dort Einsatz, wo elektrische Ger\u00e4te und Anlagen vor Feuchtigkeit gesch\u00fctzt werden sollen. VERARBEITUNGSHINWEISE FLORIN\u00ae DF ist nicht&#8230;<\/p>\n","protected":false},"featured_media":6483,"comment_status":"open","ping_status":"closed","template":"","meta":[],"product_brand":[337],"product_cat":[354,378,390],"product_tag":[],"class_list":{"0":"post-6482","1":"product","2":"type-product","3":"status-publish","4":"has-post-thumbnail","6":"product_brand-flore-chemie","7":"product_cat-flore-chemie-produkte","8":"product_cat-industrie-technik-maschinenbau-elektroanlagen","9":"product_cat-schutz-und-pflege-fuer-technik-rostentferner-elektroreiniger","11":"first","12":"instock","13":"shipping-taxable","14":"purchasable","15":"product-type-variable","16":"has-default-attributes"},"_links":{"self":[{"href":"https:\/\/demo8.izveide.id.lv\/de\/wp-json\/wp\/v2\/product\/6482","targetHints":{"allow":["GET"]}}],"collection":[{"href":"https:\/\/demo8.izveide.id.lv\/de\/wp-json\/wp\/v2\/product"}],"about":[{"href":"https:\/\/demo8.izveide.id.lv\/de\/wp-json\/wp\/v2\/types\/product"}],"replies":[{"embeddable":true,"href":"https:\/\/demo8.izveide.id.lv\/de\/wp-json\/wp\/v2\/comments?post=6482"}],"wp:featuredmedia":[{"embeddable":true,"href":"https:\/\/demo8.izveide.id.lv\/de\/wp-json\/wp\/v2\/media\/6483"}],"wp:attachment":[{"href":"https:\/\/demo8.izveide.id.lv\/de\/wp-json\/wp\/v2\/media?parent=6482"}],"wp:term":[{"taxonomy":"product_brand","embeddable":true,"href":"https:\/\/demo8.izveide.id.lv\/de\/wp-json\/wp\/v2\/product_brand?post=6482"},{"taxonomy":"product_cat","embeddable":true,"href":"https:\/\/demo8.izveide.id.lv\/de\/wp-json\/wp\/v2\/product_cat?post=6482"},{"taxonomy":"product_tag","embeddable":true,"href":"https:\/\/demo8.izveide.id.lv\/de\/wp-json\/wp\/v2\/product_tag?post=6482"}],"curies":[{"name":"wp","href":"https:\/\/api.w.org\/{rel}","templated":true}]}}