{"id":6429,"date":"2026-02-03T14:05:26","date_gmt":"2026-02-03T14:05:26","guid":{"rendered":"https:\/\/demo8.izveide.id.lv\/?post_type=product&#038;p=6429"},"modified":"2026-02-06T08:06:54","modified_gmt":"2026-02-06T08:06:54","slug":"clnw-1110","status":"publish","type":"product","link":"https:\/\/demo8.izveide.id.lv\/de\/produkt\/clnw-1110\/","title":{"rendered":"CLNW 1110"},"content":{"rendered":"<p><img decoding=\"async\" class=\"alignnone size-full wp-image-2107\" src=\"\/wp-content\/uploads\/2026\/01\/CLNW-1110-PARENT_desc.jpg\" alt=\"CLNW 1110-PARENT\" width=\"100%\" srcset=\"https:\/\/demo8.izveide.id.lv\/wp-content\/uploads\/2026\/01\/CLNW-1110-PARENT_desc.jpg 2000w, https:\/\/demo8.izveide.id.lv\/wp-content\/uploads\/2026\/01\/CLNW-1110-PARENT_desc-600x450.jpg 600w, https:\/\/demo8.izveide.id.lv\/wp-content\/uploads\/2026\/01\/CLNW-1110-PARENT_desc-300x225.jpg 300w, https:\/\/demo8.izveide.id.lv\/wp-content\/uploads\/2026\/01\/CLNW-1110-PARENT_desc-1024x767.jpg 1024w\" sizes=\"(max-width: 2000px) 100vw, 2000px\" \/><\/p>\n<p>&nbsp;<\/p>\n<p><b>BREMSENREINIGER SPEZIAL<\/b><\/p>\n<p><b>&#8222;CLNW 1110&#8220;<\/b><\/p>\n<p style=\"text-align: justify;\">ist spezialisiert f\u00fcr den Einsatz an Motor-, Brems-, Getriebe- und Kupplungsteilen. Durch seine besondere Spr\u00fchtechnik k\u00f6nnen auch schwer zug\u00e4ngliche Stellen bequem gereinigt werden. Das ideale Hilfsmittel f\u00fcr Montage und Reparatur. Mikroaktiv, r\u00fcckstandsfrei, schnellverdunstend. <span style=\"letter-spacing: normal;\">&#8222;CLNW 1110&#8220;<\/span> entfernt \u00d6l, Fett, Staub, Schmutz, Metallabrieb sowie Abrieb von Kupplungs- und Bremsbel\u00e4gen.<b><br \/>\n<\/b><\/p>\n<p style=\"text-align: justify;\"><b>Eigenschaften:<\/b><\/p>\n<p style=\"text-align: justify;\">&#8211; ideales Hilfsmittel f\u00fcr Montage und Reparatur<\/p>\n<p style=\"text-align: justify;\">&#8211; entfernt \u00d6l, Fett, Staub, Schmutz usw.<\/p>\n<p style=\"text-align: justify;\"><b>Anwendung:<\/b><\/p>\n<p style=\"text-align: justify;\"><span style=\"letter-spacing: normal;\">&#8222;CLNW 1110&#8220;<\/span> reinigt Bremsen (Trommel- und Scheibenbremsen, Bel\u00e4ge, Bremskl\u00f6tze, Zylinder, und Buchsen), Kupplungen (Kupplungsbel\u00e4ge und Kupplungsteile), Motorteile (Vergaser, Benzin- u. \u00d6lpumpen, Getriebe), verdr\u00e4ngt Wasser und hinterl\u00e4sst keine R\u00fcckst\u00e4nde.<\/p>\n<p style=\"text-align: justify;\">Achtung! Thermoplaste wie Gummi, PVC, Plexiglas, Polystyrol und einfache Lackanstriche k\u00f6nnten angel\u00f6st werden. Vor Bespr\u00fchung Oberfl\u00e4che auf Vertr\u00e4glichkeit testen!<\/p>\n<p style=\"text-align: justify;\"><b>Technische Daten:<\/b><\/p>\n<p style=\"text-align: justify;\">Farbe: farblos<\/p>\n<p style=\"text-align: justify;\">Geruch: typisch nach L\u00f6semittel<\/p>\n<p style=\"text-align: justify;\">Lagertemperatur: +5 \u00b0C bis max. +25 \u00b0C<\/p>\n","protected":false},"excerpt":{"rendered":"<p>&nbsp; BREMSENREINIGER SPEZIAL &#8222;CLNW 1110&#8220; ist spezialisiert f\u00fcr den Einsatz an Motor-, Brems-, Getriebe- und Kupplungsteilen. Durch seine besondere Spr\u00fchtechnik k\u00f6nnen auch schwer zug\u00e4ngliche Stellen bequem gereinigt werden. Das ideale Hilfsmittel f\u00fcr Montage und Reparatur. Mikroaktiv, r\u00fcckstandsfrei, schnellverdunstend. &#8222;CLNW 1110&#8220; entfernt \u00d6l, Fett, Staub, Schmutz, Metallabrieb sowie Abrieb von Kupplungs- und Bremsbel\u00e4gen. Eigenschaften: &#8211; ideales&#8230;<\/p>\n","protected":false},"featured_media":6847,"comment_status":"open","ping_status":"closed","template":"","meta":[],"product_brand":[337],"product_cat":[415,469,460],"product_tag":[],"class_list":{"0":"post-6429","1":"product","2":"type-product","3":"status-publish","4":"has-post-thumbnail","6":"product_brand-flore-chemie","7":"product_cat-chemie-spezial-produkte","8":"product_cat-reinigung","9":"product_cat-technische-sprays","11":"first","12":"instock","13":"shipping-taxable","14":"purchasable","15":"product-type-variable","16":"has-default-attributes"},"_links":{"self":[{"href":"https:\/\/demo8.izveide.id.lv\/de\/wp-json\/wp\/v2\/product\/6429","targetHints":{"allow":["GET"]}}],"collection":[{"href":"https:\/\/demo8.izveide.id.lv\/de\/wp-json\/wp\/v2\/product"}],"about":[{"href":"https:\/\/demo8.izveide.id.lv\/de\/wp-json\/wp\/v2\/types\/product"}],"replies":[{"embeddable":true,"href":"https:\/\/demo8.izveide.id.lv\/de\/wp-json\/wp\/v2\/comments?post=6429"}],"wp:featuredmedia":[{"embeddable":true,"href":"https:\/\/demo8.izveide.id.lv\/de\/wp-json\/wp\/v2\/media\/6847"}],"wp:attachment":[{"href":"https:\/\/demo8.izveide.id.lv\/de\/wp-json\/wp\/v2\/media?parent=6429"}],"wp:term":[{"taxonomy":"product_brand","embeddable":true,"href":"https:\/\/demo8.izveide.id.lv\/de\/wp-json\/wp\/v2\/product_brand?post=6429"},{"taxonomy":"product_cat","embeddable":true,"href":"https:\/\/demo8.izveide.id.lv\/de\/wp-json\/wp\/v2\/product_cat?post=6429"},{"taxonomy":"product_tag","embeddable":true,"href":"https:\/\/demo8.izveide.id.lv\/de\/wp-json\/wp\/v2\/product_tag?post=6429"}],"curies":[{"name":"wp","href":"https:\/\/api.w.org\/{rel}","templated":true}]}}