{"id":6408,"date":"2026-02-03T14:05:23","date_gmt":"2026-02-03T14:05:23","guid":{"rendered":"https:\/\/demo8.izveide.id.lv\/?post_type=product&#038;p=6408"},"modified":"2026-02-06T06:49:34","modified_gmt":"2026-02-06T06:49:34","slug":"acd1138-lk","status":"publish","type":"product","link":"https:\/\/demo8.izveide.id.lv\/de\/produkt\/acd1138-lk\/","title":{"rendered":"ACD1138 LK"},"content":{"rendered":"<p><img decoding=\"async\" class=\"alignnone size-full wp-image-2111\" src=\"\/wp-content\/uploads\/2026\/01\/ACD1138-LK-PARENT_desc.jpg\" alt=\"ACD1138 LK-PARENT\" width=\"100%\" srcset=\"https:\/\/demo8.izveide.id.lv\/wp-content\/uploads\/2026\/01\/ACD1138-LK-PARENT_desc.jpg 1000w, https:\/\/demo8.izveide.id.lv\/wp-content\/uploads\/2026\/01\/ACD1138-LK-PARENT_desc-600x400.jpg 600w, https:\/\/demo8.izveide.id.lv\/wp-content\/uploads\/2026\/01\/ACD1138-LK-PARENT_desc-300x200.jpg 300w\" sizes=\"(max-width: 1000px) 100vw, 1000px\" \/><\/p>\n<p>&nbsp;<\/p>\n<p><b>PREMIUMSANIT\u00c4RREINIGER F\u00dcR DEN GV-BEREICH<\/b><\/p>\n<p><b>Anwendungsgebiete:<\/b><\/p>\n<p style=\"text-align: justify;\">&#8222;ACD1138 LK&#8220; ist eine hoch effektiver Sanit\u00e4runterhaltsreiniger f\u00fcr die t\u00e4gliche Anwendung auf allen s\u00e4urefesten Belagsarten.<\/p>\n<p style=\"text-align: justify;\">Hohe Materialschonung auf Chrom, Kunststoff und Edelstahl. Langanhaltende und angenehme Duftnote. Entfernt m\u00fchelos Seifenreste, Rost, K\u00f6rperfette sowie Kalk- und Urinstein.<\/p>\n<p style=\"text-align: justify;\">Auch gut anwendbar auf Feinsteinzeugfliesen. Biologisch sehr gut abbaubar. Frei von Salz-, Phosphor-, Salpeter- und Schwefels\u00e4ure. Trocknet schleierfrei auf. Wirkt in erh\u00f6hter Dosierung hygienisch.<\/p>\n<p><b>Verarbeitung:<\/b><\/p>\n<p style=\"text-align: justify;\">F\u00fcr die Unterhaltsreinigung:<\/p>\n<p style=\"text-align: justify;\">&#8211; 20-50ml auf 8 Liter Wasser geben und wie gewohnt moppen bzw. wischen.<\/p>\n<p style=\"text-align: justify;\">&#8211; bei der Handreinigung einen Spritzer direkt auf den nassen Schwamm oder Lappen geben und Fl\u00e4che abwischen.<\/p>\n<p style=\"text-align: justify;\">&#8211; Bei starker Verkrustung kann die Dosierung entsprechend erh\u00f6ht bzw. <span style=\"letter-spacing: normal;\">&#8222;ACD1138 LK&#8220;<\/span> auch konzentriert eingesetzt werden.<\/p>\n<p><b>Hinweise:<\/b><\/p>\n<p style=\"text-align: justify;\">Vor der Erstanwendung Materialien an verdeckter Stelle auf Vertr\u00e4glichkeit pr\u00fcfen.<\/p>\n<p style=\"text-align: justify;\">Inhaltsstoffe: &lt; 5% nichtionogeneTenside, Alkohole, S\u00e4uren, Farb- und Duftstoffe.<\/p>\n<p><b>pH:<\/b> 2,5 (Konz.)<\/p>\n","protected":false},"excerpt":{"rendered":"<p>&nbsp; PREMIUMSANIT\u00c4RREINIGER F\u00dcR DEN GV-BEREICH Anwendungsgebiete: &#8222;ACD1138 LK&#8220; ist eine hoch effektiver Sanit\u00e4runterhaltsreiniger f\u00fcr die t\u00e4gliche Anwendung auf allen s\u00e4urefesten Belagsarten. Hohe Materialschonung auf Chrom, Kunststoff und Edelstahl. Langanhaltende und angenehme Duftnote. Entfernt m\u00fchelos Seifenreste, Rost, K\u00f6rperfette sowie Kalk- und Urinstein. Auch gut anwendbar auf Feinsteinzeugfliesen. Biologisch sehr gut abbaubar. Frei von Salz-, Phosphor-, Salpeter-&#8230;<\/p>\n","protected":false},"featured_media":6812,"comment_status":"open","ping_status":"closed","template":"","meta":[],"product_brand":[337],"product_cat":[415,445,454],"product_tag":[],"class_list":{"0":"post-6408","1":"product","2":"type-product","3":"status-publish","4":"has-post-thumbnail","6":"product_brand-flore-chemie","7":"product_cat-chemie-spezial-produkte","8":"product_cat-gastronomie-und-lebensmittel","9":"product_cat-sanitaer-und-baederreiniger","11":"first","12":"instock","13":"shipping-taxable","14":"purchasable","15":"product-type-variable","16":"has-default-attributes"},"_links":{"self":[{"href":"https:\/\/demo8.izveide.id.lv\/de\/wp-json\/wp\/v2\/product\/6408","targetHints":{"allow":["GET"]}}],"collection":[{"href":"https:\/\/demo8.izveide.id.lv\/de\/wp-json\/wp\/v2\/product"}],"about":[{"href":"https:\/\/demo8.izveide.id.lv\/de\/wp-json\/wp\/v2\/types\/product"}],"replies":[{"embeddable":true,"href":"https:\/\/demo8.izveide.id.lv\/de\/wp-json\/wp\/v2\/comments?post=6408"}],"wp:featuredmedia":[{"embeddable":true,"href":"https:\/\/demo8.izveide.id.lv\/de\/wp-json\/wp\/v2\/media\/6812"}],"wp:attachment":[{"href":"https:\/\/demo8.izveide.id.lv\/de\/wp-json\/wp\/v2\/media?parent=6408"}],"wp:term":[{"taxonomy":"product_brand","embeddable":true,"href":"https:\/\/demo8.izveide.id.lv\/de\/wp-json\/wp\/v2\/product_brand?post=6408"},{"taxonomy":"product_cat","embeddable":true,"href":"https:\/\/demo8.izveide.id.lv\/de\/wp-json\/wp\/v2\/product_cat?post=6408"},{"taxonomy":"product_tag","embeddable":true,"href":"https:\/\/demo8.izveide.id.lv\/de\/wp-json\/wp\/v2\/product_tag?post=6408"}],"curies":[{"name":"wp","href":"https:\/\/api.w.org\/{rel}","templated":true}]}}