{"id":6378,"date":"2026-02-03T14:05:17","date_gmt":"2026-02-03T14:05:17","guid":{"rendered":"https:\/\/demo8.izveide.id.lv\/?post_type=product&#038;p=6378"},"modified":"2026-02-06T06:50:59","modified_gmt":"2026-02-06T06:50:59","slug":"acd206-lk","status":"publish","type":"product","link":"https:\/\/demo8.izveide.id.lv\/de\/produkt\/acd206-lk\/","title":{"rendered":"ACD206 LK"},"content":{"rendered":"<p><img decoding=\"async\" class=\"alignnone size-full wp-image-2116\" src=\"\/wp-content\/uploads\/2026\/01\/ACD206-LK-PARENT_desc.jpg\" alt=\"ACD206 LK-PARENT\" width=\"100%\" srcset=\"https:\/\/demo8.izveide.id.lv\/wp-content\/uploads\/2026\/01\/ACD206-LK-PARENT_desc.jpg 699w, https:\/\/demo8.izveide.id.lv\/wp-content\/uploads\/2026\/01\/ACD206-LK-PARENT_desc-600x300.jpg 600w, https:\/\/demo8.izveide.id.lv\/wp-content\/uploads\/2026\/01\/ACD206-LK-PARENT_desc-300x150.jpg 300w\" sizes=\"(max-width: 699px) 100vw, 699px\" \/><\/p>\n<p style=\"text-align: justify;\">\n<p><b>STARK SAURER PROBLEML<span style=\"text-align: justify;\">\u00d6<\/span><\/b>SER<\/p>\n<p style=\"text-align: justify;\"><b>Anwendungsgebiete:<\/b><\/p>\n<p style=\"text-align: justify;\">&#8222;ACD206 LK&#8220; ist ein stark saurer Probleml\u00f6ser. Reinigungs- und Beizmittel f\u00fcr starke Ablagerungen von Kalk-, Kessel-, Silikat-, Phosphat- und Urinstein, Rost sowie organischen Ablagerungen wie z. B. Eiwei\u00df, Fette, Seifen etc.<\/p>\n<p style=\"text-align: justify;\"><span style=\"letter-spacing: normal;\">&#8222;ACD206 LK&#8220;<\/span> wird bevorzugt f\u00fcr die Reinigung von Industrieb\u00f6den, Waschhallen, Waschkauen, Schwimmb\u00e4dern und zur Fassadenreinigung eingesetzt.<\/p>\n<p style=\"text-align: justify;\"><span style=\"letter-spacing: normal;\">&#8222;ACD206 LK&#8220;<\/span> ist anwendbar auf allen s\u00e4urefesten Materialien wie z. B. glasierten Fliesen, s\u00e4urefesten Steinen und Keramik etc.<\/p>\n<p style=\"text-align: justify;\"><b>Verarbeitung:<\/b><\/p>\n<p style=\"text-align: justify;\">Auf je 10 Liter Wasser:<\/p>\n<p style=\"text-align: justify;\">&#8211; manuelle Reinigung: 50 &#8211; 100 ml<\/p>\n<p style=\"text-align: justify;\">&#8211; B\u00fcrstenreinigung: 50 &#8211; 70 ml<\/p>\n<p style=\"text-align: justify;\">&#8211; HD-Injektor: 1000 &#8211; 2000 ml vorverd\u00fcnnen<\/p>\n<p style=\"text-align: justify;\">&#8211; HTD-Injektor: 650 ml vorverd\u00fcnnen<\/p>\n<p style=\"text-align: justify;\">Nach der Reinigung gr\u00fcndlich mit klarem Wasser nachsp\u00fclen.<\/p>\n<p style=\"text-align: justify;\">Bei Extremverschmutzungen kann <span style=\"letter-spacing: normal;\">&#8222;ACD206 LK&#8220;<\/span> auch 1:1 bis 1:5 verd\u00fcnnt mit Wasser eingesetzt werden.<\/p>\n<p style=\"text-align: justify;\"><b> Hinweise:<\/b><\/p>\n<p style=\"text-align: justify;\">Glas wird angegriffen. Nach der Reinigung gr\u00fcndlich nachsp\u00fclen.<\/p>\n<p><b> pH:<\/b> 1,8 (Konz.) <b><br \/>\n<\/b><\/p>\n","protected":false},"excerpt":{"rendered":"<p>STARK SAURER PROBLEML\u00d6SER Anwendungsgebiete: &#8222;ACD206 LK&#8220; ist ein stark saurer Probleml\u00f6ser. Reinigungs- und Beizmittel f\u00fcr starke Ablagerungen von Kalk-, Kessel-, Silikat-, Phosphat- und Urinstein, Rost sowie organischen Ablagerungen wie z. B. Eiwei\u00df, Fette, Seifen etc. &#8222;ACD206 LK&#8220; wird bevorzugt f\u00fcr die Reinigung von Industrieb\u00f6den, Waschhallen, Waschkauen, Schwimmb\u00e4dern und zur Fassadenreinigung eingesetzt. &#8222;ACD206 LK&#8220; ist anwendbar&#8230;<\/p>\n","protected":false},"featured_media":6814,"comment_status":"open","ping_status":"closed","template":"","meta":[],"product_brand":[337],"product_cat":[415,445,448],"product_tag":[],"class_list":{"0":"post-6378","1":"product","2":"type-product","3":"status-publish","4":"has-post-thumbnail","6":"product_brand-flore-chemie","7":"product_cat-chemie-spezial-produkte","8":"product_cat-gastronomie-und-lebensmittel","9":"product_cat-grosskuechenreinigung-und-entfettung","11":"first","12":"instock","13":"shipping-taxable","14":"purchasable","15":"product-type-variable","16":"has-default-attributes"},"_links":{"self":[{"href":"https:\/\/demo8.izveide.id.lv\/de\/wp-json\/wp\/v2\/product\/6378","targetHints":{"allow":["GET"]}}],"collection":[{"href":"https:\/\/demo8.izveide.id.lv\/de\/wp-json\/wp\/v2\/product"}],"about":[{"href":"https:\/\/demo8.izveide.id.lv\/de\/wp-json\/wp\/v2\/types\/product"}],"replies":[{"embeddable":true,"href":"https:\/\/demo8.izveide.id.lv\/de\/wp-json\/wp\/v2\/comments?post=6378"}],"wp:featuredmedia":[{"embeddable":true,"href":"https:\/\/demo8.izveide.id.lv\/de\/wp-json\/wp\/v2\/media\/6814"}],"wp:attachment":[{"href":"https:\/\/demo8.izveide.id.lv\/de\/wp-json\/wp\/v2\/media?parent=6378"}],"wp:term":[{"taxonomy":"product_brand","embeddable":true,"href":"https:\/\/demo8.izveide.id.lv\/de\/wp-json\/wp\/v2\/product_brand?post=6378"},{"taxonomy":"product_cat","embeddable":true,"href":"https:\/\/demo8.izveide.id.lv\/de\/wp-json\/wp\/v2\/product_cat?post=6378"},{"taxonomy":"product_tag","embeddable":true,"href":"https:\/\/demo8.izveide.id.lv\/de\/wp-json\/wp\/v2\/product_tag?post=6378"}],"curies":[{"name":"wp","href":"https:\/\/api.w.org\/{rel}","templated":true}]}}