{"id":6354,"date":"2026-02-03T15:44:37","date_gmt":"2026-02-03T15:44:37","guid":{"rendered":"https:\/\/demo8.izveide.id.lv\/?post_type=product&#038;p=6354"},"modified":"2026-02-03T15:44:39","modified_gmt":"2026-02-03T15:44:39","slug":"neu1068-lk","status":"publish","type":"product","link":"https:\/\/demo8.izveide.id.lv\/de\/produkt\/neu1068-lk\/","title":{"rendered":"NEU1068 LK"},"content":{"rendered":"<p><img decoding=\"async\" alt=\"NEU1068 LK-PARENT\" class=\"alignnone size-full wp-image-2120\" src=\"\/wp-content\/uploads\/2026\/01\/NEU1068-LK-PARENT_desc.jpg\" width=\"100%\" srcset=\"https:\/\/demo8.izveide.id.lv\/wp-content\/uploads\/2026\/01\/NEU1068-LK-PARENT_desc.jpg 1280w, https:\/\/demo8.izveide.id.lv\/wp-content\/uploads\/2026\/01\/NEU1068-LK-PARENT_desc-600x338.jpg 600w, https:\/\/demo8.izveide.id.lv\/wp-content\/uploads\/2026\/01\/NEU1068-LK-PARENT_desc-300x169.jpg 300w, https:\/\/demo8.izveide.id.lv\/wp-content\/uploads\/2026\/01\/NEU1068-LK-PARENT_desc-1024x576.jpg 1024w\" sizes=\"(max-width: 1280px) 100vw, 1280px\" \/><\/p>\n<p><p><\/p>\n<p><b>NEUTRALER SCHAUMAKTIVATOR<\/b><\/p>\n<p><b>Anwendungsgebiete:<br \/><\/b><\/p>\n<p>&#8222;NEU1068 LK&#8220; wird in der Fahrzeugreinigung eingesetzt.<b><br \/><\/b><\/p>\n<p><b>Verarbeitung:<\/b><\/p>\n<p style=\"text-align: justify; \"><span style=\"letter-spacing: normal;\">&#8222;NEU1068 LK&#8220;<\/span> wird von 0,2 &#8211; 1,0 % verd\u00fcnnt mit Wasser als AktivSchaum eingesetzt. <\/p>\n<p style=\"text-align: justify; \">Durch Zugabe in einem normalen Auto-Shampoo kann die Schaumintensit\u00e4t erh\u00f6ht werden. <\/p>\n<p style=\"text-align: justify; \">Als Zusatz im Auto-Shampoo 5 &#8211; 10 % ins Konzentrat einr\u00fchren.<b><br \/><\/b><\/p>\n<p style=\"text-align: justify; \"><b>Hinweise:<\/b><\/p>\n<p style=\"text-align: justify; \"><span style=\"letter-spacing: normal;\">&#8222;NEU1068 LK&#8220;<\/span> ist pH-Wert neutral eingestellt und ist vertr\u00e4glich mit allen Lacken. Das Antrocknen bei direkter Sonneneinstrahlung unterbinden.<b><br \/><\/b><\/p>\n<p style=\"text-align: justify; \"><b>pH:<\/b> 7,5 (Konz.)<\/p><\/p>\n","protected":false},"excerpt":{"rendered":"<p>NEUTRALER SCHAUMAKTIVATOR Anwendungsgebiete: &#8222;NEU1068 LK&#8220; wird in der Fahrzeugreinigung eingesetzt. Verarbeitung: &#8222;NEU1068 LK&#8220; wird von 0,2 &#8211; 1,0 % verd\u00fcnnt mit Wasser als AktivSchaum eingesetzt. Durch Zugabe in einem normalen Auto-Shampoo kann die Schaumintensit\u00e4t erh\u00f6ht werden. Als Zusatz im Auto-Shampoo 5 &#8211; 10 % ins Konzentrat einr\u00fchren. Hinweise: &#8222;NEU1068 LK&#8220; ist pH-Wert neutral eingestellt und&#8230;<\/p>\n","protected":false},"featured_media":6355,"comment_status":"open","ping_status":"closed","template":"","meta":[],"product_brand":[337],"product_cat":[415,433,436],"product_tag":[],"class_list":{"0":"post-6354","1":"product","2":"type-product","3":"status-publish","4":"has-post-thumbnail","6":"product_brand-flore-chemie","7":"product_cat-chemie-spezial-produkte","8":"product_cat-kfz-motorrad-und-lkw-reiniger","9":"product_cat-vorreiniger","11":"first","12":"instock","13":"shipping-taxable","14":"purchasable","15":"product-type-variable","16":"has-default-attributes"},"_links":{"self":[{"href":"https:\/\/demo8.izveide.id.lv\/de\/wp-json\/wp\/v2\/product\/6354","targetHints":{"allow":["GET"]}}],"collection":[{"href":"https:\/\/demo8.izveide.id.lv\/de\/wp-json\/wp\/v2\/product"}],"about":[{"href":"https:\/\/demo8.izveide.id.lv\/de\/wp-json\/wp\/v2\/types\/product"}],"replies":[{"embeddable":true,"href":"https:\/\/demo8.izveide.id.lv\/de\/wp-json\/wp\/v2\/comments?post=6354"}],"wp:featuredmedia":[{"embeddable":true,"href":"https:\/\/demo8.izveide.id.lv\/de\/wp-json\/wp\/v2\/media\/6355"}],"wp:attachment":[{"href":"https:\/\/demo8.izveide.id.lv\/de\/wp-json\/wp\/v2\/media?parent=6354"}],"wp:term":[{"taxonomy":"product_brand","embeddable":true,"href":"https:\/\/demo8.izveide.id.lv\/de\/wp-json\/wp\/v2\/product_brand?post=6354"},{"taxonomy":"product_cat","embeddable":true,"href":"https:\/\/demo8.izveide.id.lv\/de\/wp-json\/wp\/v2\/product_cat?post=6354"},{"taxonomy":"product_tag","embeddable":true,"href":"https:\/\/demo8.izveide.id.lv\/de\/wp-json\/wp\/v2\/product_tag?post=6354"}],"curies":[{"name":"wp","href":"https:\/\/api.w.org\/{rel}","templated":true}]}}