{"id":6340,"date":"2026-02-03T15:44:32","date_gmt":"2026-02-03T15:44:32","guid":{"rendered":"https:\/\/demo8.izveide.id.lv\/?post_type=product&#038;p=6340"},"modified":"2026-02-03T15:44:39","modified_gmt":"2026-02-03T15:44:39","slug":"col1023-cn","status":"publish","type":"product","link":"https:\/\/demo8.izveide.id.lv\/de\/produkt\/col1023-cn\/","title":{"rendered":"COL1023 CN"},"content":{"rendered":"<p><img decoding=\"async\" alt=\"COL1023 CN-PARENT\" class=\"alignnone size-full wp-image-2123\" src=\"\/wp-content\/uploads\/2026\/01\/COL1023-CN-PARENT_desc.jpg\" width=\"100%\" srcset=\"https:\/\/demo8.izveide.id.lv\/wp-content\/uploads\/2026\/01\/COL1023-CN-PARENT_desc.jpg 1000w, https:\/\/demo8.izveide.id.lv\/wp-content\/uploads\/2026\/01\/COL1023-CN-PARENT_desc-600x400.jpg 600w, https:\/\/demo8.izveide.id.lv\/wp-content\/uploads\/2026\/01\/COL1023-CN-PARENT_desc-300x200.jpg 300w\" sizes=\"(max-width: 1000px) 100vw, 1000px\" \/><\/p>\n<p><p><\/p>\n<p><b>WASSERMISCHBARES, MINERAL<\/b><b>\u00d6<\/b><b>LHALTIGES K<\/b><strong style=\"font-family: Arial, Helvetica, sans-serif; letter-spacing: normal; background-color: rgba(255, 255, 255, 0.8);\">\u00dc<\/strong><b>HLSCHMIERMITTEL<\/b><\/p>\n<p><b>Produkt beschreibung:<br \/><\/b><\/p>\n<p style=\"text-align: justify; \">&#8222;COL1023 CN&#8220; ist ein mittellegiertes K\u00fchlschmiermittel auf Mineral\u00f6lbasis. Das Produkt enth\u00e4lt keine leicht nitrosierbaren Amine. <span style=\"letter-spacing: normal;\">&#8222;COL1023 CN&#8220;<\/span> ist frei von bioziden Stoffen und besitzt in der Anwendungskonzentration ein hohes Netzverm\u00f6gen und eine gute Sp\u00fclwirkung.<b><br \/><\/b><\/p>\n<p style=\"text-align: justify; \"><b>Anwendungstechnik:<\/b><\/p>\n<p style=\"text-align: justify; \"><span style=\"letter-spacing: normal;\">&#8222;COL1023 CN&#8220;<\/span> eignet sich besonders zum Einsatz in einzelbef\u00fcllten Anlagen, wo &#8211; bedingt durch dauerhafte Begrenzung des mikrobiziden Bewuchses und wirksame Puffersubstanzen zur pH &#8211; Wert &#8211; Erhaltung, ein problemloser Einsatz gew\u00e4hrleistet ist. <\/p>\n<p style=\"text-align: justify; \">Aufgrund seines Aufbaus wird <span style=\"letter-spacing: normal;\">&#8222;COL1023 CN&#8220;<\/span> mit Erfolg bei Werkstoffen bis zu einer Festigkeit von 850 N\/mm\u00b2 beim Drehen, Bohren, Schleifen und S\u00e4gen verwendet. <\/p>\n<p style=\"text-align: justify; \">Eine Bearbeitung von Buntmetallen ist aufgrund seiner Inhibierung m\u00f6glich. <\/p>\n<p style=\"text-align: justify; \">Aluminiumlegierungen werden ebenfalls nicht angegriffen. <\/p>\n<p style=\"text-align: justify; \">Die Vertr\u00e4glichkeit gegen\u00fcber handels\u00fcblichen Maschinenlacken ist bis zu einer Einsatzkonzentration von 8 % gegeben. <\/p>\n<p style=\"text-align: justify; \"><span style=\"letter-spacing: normal;\">&#8222;COL1023 CN&#8220;<\/span> ist nicht vorkonserviert, daher sehr hautfreundlich.<b><br \/><\/b><\/p>\n<p style=\"text-align: justify; \"><b>Technische Daten:<\/b><\/p>\n<p style=\"text-align: justify; \"><b>Dichte ( 20 \u00b0C ):<\/b> 1,03 g\/cm\u00b3 <\/p>\n<p style=\"text-align: justify; \"><b>pH &#8211; Wert ( 3 %ig ):<\/b> 9,2 <\/p>\n<p style=\"text-align: justify; \"><b>Viskosit\u00e4t ( 20 \u00b0C ):<\/b> 200 mm\u00b2\/s <\/p>\n<p style=\"text-align: justify; \"><b>Korrosionsschutz:<\/b> 0 und 0 bis 3 % nach DIN 51360 T2 <\/p>\n<p style=\"text-align: justify; \"><b>Einsatzkonzentration:<\/b> 3 &#8211; 6 %ig, materialabh\u00e4ngig <\/p>\n<p style=\"text-align: justify; \"><b>Refraktometerfaktor:<\/b> 1,3<b><br \/><\/b><\/p>\n<p><b style=\"font-family: Arial; font-size: 13.3333px; letter-spacing: normal; text-align: -webkit-left;\">Anmerkung:<\/b><span style=\"font-family: Arial; font-size: 13.3333px; letter-spacing: normal;\"><br \/><\/span><span style=\"font-family: Arial; font-size: 13.3333px; letter-spacing: normal; text-align: -webkit-left;\">Dieses Merkblatt soll Sie nach bestem Wissen beraten, der Inhalt ist jedoch ohne Rechtsverbindlichkeit!<\/span><\/p>\n","protected":false},"excerpt":{"rendered":"<p>WASSERMISCHBARES, MINERAL\u00d6LHALTIGES K\u00dcHLSCHMIERMITTEL Produkt beschreibung: &#8222;COL1023 CN&#8220; ist ein mittellegiertes K\u00fchlschmiermittel auf Mineral\u00f6lbasis. Das Produkt enth\u00e4lt keine leicht nitrosierbaren Amine. &#8222;COL1023 CN&#8220; ist frei von bioziden Stoffen und besitzt in der Anwendungskonzentration ein hohes Netzverm\u00f6gen und eine gute Sp\u00fclwirkung. Anwendungstechnik: &#8222;COL1023 CN&#8220; eignet sich besonders zum Einsatz in einzelbef\u00fcllten Anlagen, wo &#8211; bedingt durch dauerhafte&#8230;<\/p>\n","protected":false},"featured_media":6341,"comment_status":"open","ping_status":"closed","template":"","meta":[],"product_brand":[337],"product_cat":[415,418,424],"product_tag":[],"class_list":{"0":"post-6340","1":"product","2":"type-product","3":"status-publish","4":"has-post-thumbnail","6":"product_brand-flore-chemie","7":"product_cat-chemie-spezial-produkte","8":"product_cat-industrie","9":"product_cat-kuehlschmierstoffe","11":"first","12":"instock","13":"shipping-taxable","14":"purchasable","15":"product-type-variable","16":"has-default-attributes"},"_links":{"self":[{"href":"https:\/\/demo8.izveide.id.lv\/de\/wp-json\/wp\/v2\/product\/6340","targetHints":{"allow":["GET"]}}],"collection":[{"href":"https:\/\/demo8.izveide.id.lv\/de\/wp-json\/wp\/v2\/product"}],"about":[{"href":"https:\/\/demo8.izveide.id.lv\/de\/wp-json\/wp\/v2\/types\/product"}],"replies":[{"embeddable":true,"href":"https:\/\/demo8.izveide.id.lv\/de\/wp-json\/wp\/v2\/comments?post=6340"}],"wp:featuredmedia":[{"embeddable":true,"href":"https:\/\/demo8.izveide.id.lv\/de\/wp-json\/wp\/v2\/media\/6341"}],"wp:attachment":[{"href":"https:\/\/demo8.izveide.id.lv\/de\/wp-json\/wp\/v2\/media?parent=6340"}],"wp:term":[{"taxonomy":"product_brand","embeddable":true,"href":"https:\/\/demo8.izveide.id.lv\/de\/wp-json\/wp\/v2\/product_brand?post=6340"},{"taxonomy":"product_cat","embeddable":true,"href":"https:\/\/demo8.izveide.id.lv\/de\/wp-json\/wp\/v2\/product_cat?post=6340"},{"taxonomy":"product_tag","embeddable":true,"href":"https:\/\/demo8.izveide.id.lv\/de\/wp-json\/wp\/v2\/product_tag?post=6340"}],"curies":[{"name":"wp","href":"https:\/\/api.w.org\/{rel}","templated":true}]}}