{"id":6277,"date":"2026-02-03T15:44:12","date_gmt":"2026-02-03T15:44:12","guid":{"rendered":"https:\/\/demo8.izveide.id.lv\/?post_type=product&#038;p=6277"},"modified":"2026-02-03T15:44:22","modified_gmt":"2026-02-03T15:44:22","slug":"flamil-a-super-code-0165","status":"publish","type":"product","link":"https:\/\/demo8.izveide.id.lv\/de\/produkt\/flamil-a-super-code-0165\/","title":{"rendered":"Flamil A Super (Art.-Nr. 0165)"},"content":{"rendered":"<p><img decoding=\"async\" alt=\"0165-PARENT\" class=\"alignnone size-full wp-image-408\" src=\"\/wp-content\/uploads\/2026\/01\/0165-PARENT_desc.jpg\" width=\"100%\" srcset=\"https:\/\/demo8.izveide.id.lv\/wp-content\/uploads\/2026\/01\/0165-PARENT_desc.jpg 958w, https:\/\/demo8.izveide.id.lv\/wp-content\/uploads\/2026\/01\/0165-PARENT_desc-600x400.jpg 600w, https:\/\/demo8.izveide.id.lv\/wp-content\/uploads\/2026\/01\/0165-PARENT_desc-300x200.jpg 300w\" sizes=\"(max-width: 958px) 100vw, 958px\" \/><\/p>\n<p><b>SCHAUMARMER SYSTEMREINIGER<\/b><span style=\"padding: 0cm; border: 1pt windowtext;\"><b>FLAMIL\u00ae A SUPER<\/b> <\/span><span style=\"padding: 0cm; border: 1pt windowtext;\">ist ein schaumged\u00e4mpftes, abwasserunsch\u00e4dliches Reinigungskonzentrat; die Entfettungs- und Reinigungswirkung ist in vielen F\u00e4llen Kaltreinigern auf Petroleum- oder Testbenzinbasis gleichzusetzen oder \u00fcbertrifft diese sogar. FLAMIL\u00ae A SUPER besitzt ein hervorragendes Fett- und Schmutzl\u00f6severm\u00f6gen, dringt auch in st\u00e4rkere Schmutzschichten und Verkrustungen ein. FLAMIL\u00ae A SUPER bewirkt ein Abl\u00f6sen der widerstandsf\u00e4higen Bremsstaubablagerungen auf Schienenfahrzeugen. FLAMIL\u00ae A SUPER enth\u00e4lt keine L\u00f6semittel auf Mineral\u00f6lbasis oder Chlorkohlenwasserstoffe. Die beim Reinigungsvorgang abgel\u00f6sten \u00d6l- und Fettverschmutzungen scheiden sich rasch im Abspritzwasser nach oben ab, stark verd\u00fcnnte L\u00f6sungen liegen innerhalb des neutralen Bereichs und erfordern keine zus\u00e4tzliche Neutralisation. <\/span><span style=\"padding: 0cm; border: 1pt windowtext;\"><\/p>\n<p><b>ANWENDUNGSBEREICHE<\/b> <\/span><span style=\"padding: 0cm; border: 1pt windowtext;\">Speziell zur Reinigung von Fu\u00dfb\u00f6den in Werkst\u00e4tten und Industriebetrieben geeignet. Besonders vorteilhaft in Verbindung mit Nasskehrmaschinen mit Wasserr\u00fcckf\u00fchrung, ohne dass st\u00f6render Schaum auftritt, einsetzbar. <\/span><span style=\"padding: 0cm; border: 1pt windowtext;\"><\/p>\n<p><b>VERARBEITUNGSHINWEISE<\/b> <\/span><span style=\"padding: 0cm; border: 1pt windowtext;\">Je nach Verschmutzungsgrad unverd\u00fcnnt oder in einer Verd\u00fcnnung mit Wasser bis 1:200 auf die zu reinigenden Fl\u00e4chen auftragen und einwirken lassen, danach die angel\u00f6ste Verschmutzung entfernen. Zum Erhalt der Produkteigenschaften FLAMIL\u00ae A SUPER frostfrei lagern. Bei einer Anwendungskonzentration von 1:5 ist FLAMIL\u00ae A SUPER nicht mehr kennzeichnungspflichtig. <\/span><span style=\"padding: 0cm; border: 1pt windowtext;\"><\/p>\n<p><b>TECHNISCHE DATEN<\/b> <\/span><span style=\"padding: 0cm; border: 1pt windowtext;\"><\/p>\n<p><b>Form<\/b>: fl\u00fcssig <\/span><span style=\"padding: 0cm; border: 1pt windowtext;\"><b>Dichte (20 \u00b0C)<\/b>: 1,055 &#8211; 1,075 g\/ml <\/span><span style=\"padding: 0cm; border: 1pt windowtext;\"><b>pH-Wert (100%)<\/b>: 10,6 &#8211; 11 <\/span><span style=\"padding: 0cm; border: 1pt windowtext;\"><b>pH-Wert (1%)<\/b>: 7,7 &#8211; 8,5 <\/span><span style=\"padding: 0cm; border: 1pt windowtext;\"><\/p>\n<p><b>INHALTSSTOFFE<\/b>: nichtionische Tenside, Polyphosphate, Glukonate, organische S\u00e4ure, L\u00f6severmittler, organischer Korrosionsschutz, Entsch\u00e4umer<\/span><\/p>\n","protected":false},"excerpt":{"rendered":"<p>SCHAUMARMER SYSTEMREINIGERFLAMIL\u00ae A SUPER ist ein schaumged\u00e4mpftes, abwasserunsch\u00e4dliches Reinigungskonzentrat; die Entfettungs- und Reinigungswirkung ist in vielen F\u00e4llen Kaltreinigern auf Petroleum- oder Testbenzinbasis gleichzusetzen oder \u00fcbertrifft diese sogar. FLAMIL\u00ae A SUPER besitzt ein hervorragendes Fett- und Schmutzl\u00f6severm\u00f6gen, dringt auch in st\u00e4rkere Schmutzschichten und Verkrustungen ein. FLAMIL\u00ae A SUPER bewirkt ein Abl\u00f6sen der widerstandsf\u00e4higen Bremsstaubablagerungen auf Schienenfahrzeugen&#8230;.<\/p>\n","protected":false},"featured_media":6278,"comment_status":"open","ping_status":"closed","template":"","meta":[],"product_brand":[337],"product_cat":[354,378,387],"product_tag":[],"class_list":{"0":"post-6277","1":"product","2":"type-product","3":"status-publish","4":"has-post-thumbnail","6":"product_brand-flore-chemie","7":"product_cat-flore-chemie-produkte","8":"product_cat-industrie-technik-maschinenbau-elektroanlagen","9":"product_cat-spezialprodukte-fuer-reinigung-und-pflege","11":"first","12":"instock","13":"shipping-taxable","14":"purchasable","15":"product-type-variable","16":"has-default-attributes"},"_links":{"self":[{"href":"https:\/\/demo8.izveide.id.lv\/de\/wp-json\/wp\/v2\/product\/6277","targetHints":{"allow":["GET"]}}],"collection":[{"href":"https:\/\/demo8.izveide.id.lv\/de\/wp-json\/wp\/v2\/product"}],"about":[{"href":"https:\/\/demo8.izveide.id.lv\/de\/wp-json\/wp\/v2\/types\/product"}],"replies":[{"embeddable":true,"href":"https:\/\/demo8.izveide.id.lv\/de\/wp-json\/wp\/v2\/comments?post=6277"}],"wp:featuredmedia":[{"embeddable":true,"href":"https:\/\/demo8.izveide.id.lv\/de\/wp-json\/wp\/v2\/media\/6278"}],"wp:attachment":[{"href":"https:\/\/demo8.izveide.id.lv\/de\/wp-json\/wp\/v2\/media?parent=6277"}],"wp:term":[{"taxonomy":"product_brand","embeddable":true,"href":"https:\/\/demo8.izveide.id.lv\/de\/wp-json\/wp\/v2\/product_brand?post=6277"},{"taxonomy":"product_cat","embeddable":true,"href":"https:\/\/demo8.izveide.id.lv\/de\/wp-json\/wp\/v2\/product_cat?post=6277"},{"taxonomy":"product_tag","embeddable":true,"href":"https:\/\/demo8.izveide.id.lv\/de\/wp-json\/wp\/v2\/product_tag?post=6277"}],"curies":[{"name":"wp","href":"https:\/\/api.w.org\/{rel}","templated":true}]}}