{"id":6230,"date":"2026-02-03T15:43:53","date_gmt":"2026-02-03T15:43:53","guid":{"rendered":"https:\/\/demo8.izveide.id.lv\/?post_type=product&#038;p=6230"},"modified":"2026-02-03T15:44:07","modified_gmt":"2026-02-03T15:44:07","slug":"florin-autopur-neu-code-0043","status":"publish","type":"product","link":"https:\/\/demo8.izveide.id.lv\/de\/produkt\/florin-autopur-neu-code-0043\/","title":{"rendered":"Florin Autopur Neu (Art.-Nr. 0043)"},"content":{"rendered":"<p><img decoding=\"async\" alt=\"0043-PARENT\" class=\"alignnone size-full wp-image-347\" src=\"\/wp-content\/uploads\/2026\/01\/0043-PARENT_desc.jpg\" width=\"100%\" srcset=\"https:\/\/demo8.izveide.id.lv\/wp-content\/uploads\/2026\/01\/0043-PARENT_desc.jpg 957w, https:\/\/demo8.izveide.id.lv\/wp-content\/uploads\/2026\/01\/0043-PARENT_desc-600x450.jpg 600w, https:\/\/demo8.izveide.id.lv\/wp-content\/uploads\/2026\/01\/0043-PARENT_desc-300x225.jpg 300w\" sizes=\"(max-width: 957px) 100vw, 957px\" \/><\/p>\n<p><b>NEUTRALES AUTOSHAMPOO<\/b><\/p>\n<p><b>EIGENSCHAFTEN<\/b>&#8211; umweltfreundliches Autoshampoo mit optimaler Reinigungs- und Pflegewirkung.- macht Abledern \u00fcberfl\u00fcssig, selbst bei hartem Wasser entstehen keine Tropfspuren.- dadurch speziell zur Reinigung von gro\u00dffl\u00e4chigen Fahrzeugen geeignet.- reinigt und sch\u00fctzt gleichzeitig Lacke, Kunststoffe und Gummi.- entfernt schnell und gr\u00fcndlich Fett, Insekten, Ru\u00df und Umweltablagerungen.- die enthaltenen Pflegekomponenten verhindern ein Austrocknen der Lacke.- stumpfe Lacke werden wieder gl\u00e4nzend.- hautfreundlich.- angenehm im Geruch.- verbessertes Aufrei\u00df- und Abperlverhalten.<b>EINSATZGEBIETE<\/b>&#8211; Autobusse, LKW, PKW.- Waggons, Container.- Seilbahngondeln etc.<\/p>\n<p><b>ANWENDUNG<\/b>&#8211; Produkt je nach Verschmutzungsgrad und Anwendungsbereich mit der 100 &#8211; 500fachen.- Menge Wasser verd\u00fcnnen.- manuelle Verarbeitung: mit weichem Schwamm, B\u00fcrste oder Lappen auftragen.- maschinelle Verarbeitung: per HD-Ger\u00e4t oder in automatischen Waschanlagen anwenden.- frostfrei lagern.Ab einer Anwendungskonzentration von 1:10 ist FLORIN\u00ae AUTOPUR NEU nicht mehr kennzeichnungspflichtig.<\/p>\n<p><b>TECHNISCHE DATEN<\/b><\/p>\n<p><b>Form<\/b>: fl\u00fcssig<b>Dichte (20 \u00b0C)<\/b>: ca. 1,01 g\/ml<b>pH-Wert (Konzentrat)<\/b>: ca. 2-3<\/p>\n<p><b>INHALTSSTOFFE<\/b>: anionische und nichtionische Tenside, Ger\u00fcststoffe, Konservierungsmittel, Pflegekomponenten <\/p>\n","protected":false},"excerpt":{"rendered":"<p>NEUTRALES AUTOSHAMPOO EIGENSCHAFTEN&#8211; umweltfreundliches Autoshampoo mit optimaler Reinigungs- und Pflegewirkung.- macht Abledern \u00fcberfl\u00fcssig, selbst bei hartem Wasser entstehen keine Tropfspuren.- dadurch speziell zur Reinigung von gro\u00dffl\u00e4chigen Fahrzeugen geeignet.- reinigt und sch\u00fctzt gleichzeitig Lacke, Kunststoffe und Gummi.- entfernt schnell und gr\u00fcndlich Fett, Insekten, Ru\u00df und Umweltablagerungen.- die enthaltenen Pflegekomponenten verhindern ein Austrocknen der Lacke.- stumpfe Lacke&#8230;<\/p>\n","protected":false},"featured_media":6231,"comment_status":"open","ping_status":"closed","template":"","meta":[],"product_brand":[337],"product_cat":[354,378,381],"product_tag":[],"class_list":{"0":"post-6230","1":"product","2":"type-product","3":"status-publish","4":"has-post-thumbnail","6":"product_brand-flore-chemie","7":"product_cat-flore-chemie-produkte","8":"product_cat-industrie-technik-maschinenbau-elektroanlagen","9":"product_cat-kfz-reinigung-und-pflege","11":"first","12":"instock","13":"shipping-taxable","14":"purchasable","15":"product-type-variable","16":"has-default-attributes"},"_links":{"self":[{"href":"https:\/\/demo8.izveide.id.lv\/de\/wp-json\/wp\/v2\/product\/6230","targetHints":{"allow":["GET"]}}],"collection":[{"href":"https:\/\/demo8.izveide.id.lv\/de\/wp-json\/wp\/v2\/product"}],"about":[{"href":"https:\/\/demo8.izveide.id.lv\/de\/wp-json\/wp\/v2\/types\/product"}],"replies":[{"embeddable":true,"href":"https:\/\/demo8.izveide.id.lv\/de\/wp-json\/wp\/v2\/comments?post=6230"}],"wp:featuredmedia":[{"embeddable":true,"href":"https:\/\/demo8.izveide.id.lv\/de\/wp-json\/wp\/v2\/media\/6231"}],"wp:attachment":[{"href":"https:\/\/demo8.izveide.id.lv\/de\/wp-json\/wp\/v2\/media?parent=6230"}],"wp:term":[{"taxonomy":"product_brand","embeddable":true,"href":"https:\/\/demo8.izveide.id.lv\/de\/wp-json\/wp\/v2\/product_brand?post=6230"},{"taxonomy":"product_cat","embeddable":true,"href":"https:\/\/demo8.izveide.id.lv\/de\/wp-json\/wp\/v2\/product_cat?post=6230"},{"taxonomy":"product_tag","embeddable":true,"href":"https:\/\/demo8.izveide.id.lv\/de\/wp-json\/wp\/v2\/product_tag?post=6230"}],"curies":[{"name":"wp","href":"https:\/\/api.w.org\/{rel}","templated":true}]}}