{"id":6203,"date":"2026-02-03T15:43:47","date_gmt":"2026-02-03T15:43:47","guid":{"rendered":"https:\/\/demo8.izveide.id.lv\/?post_type=product&#038;p=6203"},"modified":"2026-02-03T15:43:53","modified_gmt":"2026-02-03T15:43:53","slug":"flamil-abfluss-cleaner-code-0541","status":"publish","type":"product","link":"https:\/\/demo8.izveide.id.lv\/de\/produkt\/flamil-abfluss-cleaner-code-0541\/","title":{"rendered":"Flamil Abfluss Cleaner (Art.-Nr. 0541)"},"content":{"rendered":"<p><img decoding=\"async\" alt=\"0541-PARENT\" class=\"alignnone size-full wp-image-487\" src=\"\/wp-content\/uploads\/2026\/01\/0541-PARENT_desc.jpg\" width=\"100%\" srcset=\"https:\/\/demo8.izveide.id.lv\/wp-content\/uploads\/2026\/01\/0541-PARENT_desc.jpg 958w, https:\/\/demo8.izveide.id.lv\/wp-content\/uploads\/2026\/01\/0541-PARENT_desc-600x425.jpg 600w, https:\/\/demo8.izveide.id.lv\/wp-content\/uploads\/2026\/01\/0541-PARENT_desc-300x212.jpg 300w\" sizes=\"(max-width: 958px) 100vw, 958px\" \/><\/p>\n<p><p align=\"justify\"><b>HOCHALKALISCHER, FL\u00dcSSIGER ABFLUSSREINIGER<\/b><\/p>\n<p><b>FLAMIL\u00ae ABFLUSS-CLEANER<\/b> l\u00f6st Haare, K\u00f6rperfett und Schlamm sowie Reste von Hygienepapieren vollst\u00e4ndig und schnell ohne mechanischen Einsatz auf. Es entstehen keine \u00fcblen Ger\u00fcche. FLAMIL\u00ae ABFLUSS-CLEANER ist biologisch abbaubar, Rohrleitungen werden im allgemeinen nicht angegriffen. Nicht geeignet f\u00fcr Rohrleitungen aus Aluminium. <\/p>\n<p><b>ANWENDUNGSBEREICHE<\/b> alle Abfl\u00fcsse mit Haar-, Seifen-, Fett- und Schlammverstopfungen.<\/p>\n<p><b>VERARBEITUNGSHINWEISE<\/b> FLAMIL\u00ae ABFLUSS-CLEANER kann je nach Verstopfung und Gr\u00f6\u00dfe des Abflusses zwischen 1:1 und 1:10 verd\u00fcnnt werden. Bei v\u00f6lliger Verstopfung Produkt 1:1 bis 1:3 verd\u00fcnnen und nach einer Einwirkzeit von mindestens 20 bis maximal 60 Minuten mit warmem Wasser gut nachsp\u00fclen. Wesentlich l\u00e4ngere Einwirkzeiten stellen eine Ausnahme dar. <b>WEITERE HINWEISE<\/b> Die Verwendung von warmem Wasser beschleunigt die Reaktion und kann die Einwirkzeit um ein Vielfaches verk\u00fcrzen. Zum Erhalt der Produkteigenschaften FLAMIL\u00ae ABFLUSSCLEANER frostfrei lagern. <\/p>\n<p><b>TECHNISCHE DATEN<\/b> <\/p>\n<p><b>Form<\/b>: fl\u00fcssig <b>Dichte (20 \u00b0C)<\/b>: 1,52 g\/ml <b>pH-Wert (1%ig)<\/b>: &gt; 13 <\/p>\n<p><b>INHALTSSTOFFE<\/b>: Kalium- und Natriumhydroxidl\u00f6sung, Tenside, Hilfsstoffe<\/p>\n","protected":false},"excerpt":{"rendered":"<p>HOCHALKALISCHER, FL\u00dcSSIGER ABFLUSSREINIGER FLAMIL\u00ae ABFLUSS-CLEANER l\u00f6st Haare, K\u00f6rperfett und Schlamm sowie Reste von Hygienepapieren vollst\u00e4ndig und schnell ohne mechanischen Einsatz auf. Es entstehen keine \u00fcblen Ger\u00fcche. FLAMIL\u00ae ABFLUSS-CLEANER ist biologisch abbaubar, Rohrleitungen werden im allgemeinen nicht angegriffen. Nicht geeignet f\u00fcr Rohrleitungen aus Aluminium. ANWENDUNGSBEREICHE alle Abfl\u00fcsse mit Haar-, Seifen-, Fett- und Schlammverstopfungen. VERARBEITUNGSHINWEISE FLAMIL\u00ae ABFLUSS-CLEANER&#8230;<\/p>\n","protected":false},"featured_media":6204,"comment_status":"open","ping_status":"closed","template":"","meta":[],"product_brand":[337],"product_cat":[354,357,375],"product_tag":[],"class_list":{"0":"post-6203","1":"product","2":"type-product","3":"status-publish","4":"has-post-thumbnail","6":"product_brand-flore-chemie","7":"product_cat-flore-chemie-produkte","8":"product_cat-hotel-und-gastronomiegewerbe","9":"product_cat-spezialprodukte-fuer-lebensmittelindustrie-kuechen-baeckereien-raeuchereien-tiefkuehlraeume-u-a","11":"first","12":"instock","13":"shipping-taxable","14":"purchasable","15":"product-type-variable","16":"has-default-attributes"},"_links":{"self":[{"href":"https:\/\/demo8.izveide.id.lv\/de\/wp-json\/wp\/v2\/product\/6203","targetHints":{"allow":["GET"]}}],"collection":[{"href":"https:\/\/demo8.izveide.id.lv\/de\/wp-json\/wp\/v2\/product"}],"about":[{"href":"https:\/\/demo8.izveide.id.lv\/de\/wp-json\/wp\/v2\/types\/product"}],"replies":[{"embeddable":true,"href":"https:\/\/demo8.izveide.id.lv\/de\/wp-json\/wp\/v2\/comments?post=6203"}],"wp:featuredmedia":[{"embeddable":true,"href":"https:\/\/demo8.izveide.id.lv\/de\/wp-json\/wp\/v2\/media\/6204"}],"wp:attachment":[{"href":"https:\/\/demo8.izveide.id.lv\/de\/wp-json\/wp\/v2\/media?parent=6203"}],"wp:term":[{"taxonomy":"product_brand","embeddable":true,"href":"https:\/\/demo8.izveide.id.lv\/de\/wp-json\/wp\/v2\/product_brand?post=6203"},{"taxonomy":"product_cat","embeddable":true,"href":"https:\/\/demo8.izveide.id.lv\/de\/wp-json\/wp\/v2\/product_cat?post=6203"},{"taxonomy":"product_tag","embeddable":true,"href":"https:\/\/demo8.izveide.id.lv\/de\/wp-json\/wp\/v2\/product_tag?post=6203"}],"curies":[{"name":"wp","href":"https:\/\/api.w.org\/{rel}","templated":true}]}}