{"id":6150,"date":"2026-02-03T15:43:31","date_gmt":"2026-02-03T15:43:31","guid":{"rendered":"https:\/\/demo8.izveide.id.lv\/?post_type=product&#038;p=6150"},"modified":"2026-02-03T15:43:40","modified_gmt":"2026-02-03T15:43:40","slug":"flor-acryl-super-code-0192","status":"publish","type":"product","link":"https:\/\/demo8.izveide.id.lv\/de\/produkt\/flor-acryl-super-code-0192\/","title":{"rendered":"Flor Acryl Super (Art.-Nr. 0192)"},"content":{"rendered":"<p><img decoding=\"async\" src=\"\/wp-content\/uploads\/2026\/01\/0192-PARENT_desc.jpg\"\/><\/p>\n<p><p style=\"text-align: justify; \"><b><br \/><\/b><\/p>\n<p style=\"text-align: justify; \"><b>HOCHGLANZ-UNIVERSALVERSIEGLER<br \/><\/b><\/p>\n<p style=\"text-align: justify; \"><b>FLOR\u00ae ACRYL SUPER<\/b> <\/p>\n<p style=\"text-align: justify; \">bildet auf glatten Oberfl\u00e4chen einen strapazierf\u00e4higen Langzeit-Schutzfilm mit geringer Eigenfarbe, der vor mechanischen Einwirkungen sch\u00fctzt; rutschhemmend, selbstgl\u00e4nzend, schmutzabweisend und pflegend wirkt. Nach kurzer Trockenzeit entsteht Glanz ohne polieren. FLOR\u00ae ACRYL SUPER ist umweltfreundlich und mild im Geruch. <\/p>\n<p style=\"text-align: justify; \">\n<p><b>ANWENDUNGSBEREICHE<\/b> <\/p>\n<p style=\"text-align: justify; \">Linoleum, Gummioberfl\u00e4chen, PVC, Kunststoffbeschichtungen, Natur- und Kunststeinfl\u00e4chen, versiegelte Holz- und Parkettbel\u00e4ge <\/p>\n<p style=\"text-align: justify; \">\n<p><b>VERARBEITUNGSHINWEISE<\/b> <\/p>\n<p style=\"text-align: justify; \">Je nach gew\u00fcnschter Filmst\u00e4rke FLOR\u00ae ACRYL SUPER konzentriert oder mit Wasser verd\u00fcnnt anwenden. <\/p>\n<p style=\"text-align: justify; \">Produkt nur auf trockenem, fett- und wachsfreiem Untergrund d\u00fcnn auftragen mittels Schwamm oder fusselfreiem Tuch. Auf stark saugendem Untergrund ist mehrmaliges Auftragen erforderlich. <\/p>\n<p style=\"text-align: justify; \"><b>WEITERE HINWEISE<\/b> <\/p>\n<p style=\"text-align: justify; \">Vor dem Einsatz auf nicht genannten Materialien Vortest an verdeckter Stelle durch-f\u00fchren. Zum Erhalt der Produkteigenschaften FLOR\u00ae ACRYL SUPER frostfrei lagern. <\/p>\n<p style=\"text-align: justify; \">Ab einer Anwendungskonzentration von 1:3 ist FLOR\u00ae ACRYL SUPER nicht mehr kennzeichnungspflichtig. <\/p>\n<p style=\"text-align: justify; \">\n<p><b>TECHNISCHE DATEN<\/b> <\/p>\n<p style=\"text-align: justify; \">\n<p><b>Form<\/b>: fl\u00fcssig <\/p>\n<p style=\"text-align: justify; \"><b>Dichte (20 \u00b0C)<\/b>: ca. 1,0 g\/ml <\/p>\n<p style=\"text-align: justify; \"><b>pH-Wert (20 \u00b0C, Konz.)<\/b>: ca. 8 <\/p>\n<p style=\"text-align: justify; \"><b>Siedebereich<\/b>: &gt; 100 \u00b0C <\/p>\n<p style=\"text-align: justify; \">\n<p><b>INHALTSSTOFFE<\/b>: Polyacrylat, L\u00f6semittel, Wachs, Weichmacher, Zinkkomplex, Netzmittel <\/p><\/p>\n","protected":false},"excerpt":{"rendered":"<p>HOCHGLANZ-UNIVERSALVERSIEGLER FLOR\u00ae ACRYL SUPER bildet auf glatten Oberfl\u00e4chen einen strapazierf\u00e4higen Langzeit-Schutzfilm mit geringer Eigenfarbe, der vor mechanischen Einwirkungen sch\u00fctzt; rutschhemmend, selbstgl\u00e4nzend, schmutzabweisend und pflegend wirkt. Nach kurzer Trockenzeit entsteht Glanz ohne polieren. FLOR\u00ae ACRYL SUPER ist umweltfreundlich und mild im Geruch. ANWENDUNGSBEREICHE Linoleum, Gummioberfl\u00e4chen, PVC, Kunststoffbeschichtungen, Natur- und Kunststeinfl\u00e4chen, versiegelte Holz- und Parkettbel\u00e4ge VERARBEITUNGSHINWEISE Je&#8230;<\/p>\n","protected":false},"featured_media":6151,"comment_status":"open","ping_status":"closed","template":"","meta":[],"product_brand":[337],"product_cat":[363,354,357],"product_tag":[],"class_list":{"0":"post-6150","1":"product","2":"type-product","3":"status-publish","4":"has-post-thumbnail","6":"product_brand-flore-chemie","7":"product_cat-boden-und-teppichboedenreiniger","8":"product_cat-flore-chemie-produkte","9":"product_cat-hotel-und-gastronomiegewerbe","11":"first","12":"instock","13":"shipping-taxable","14":"purchasable","15":"product-type-variable","16":"has-default-attributes"},"_links":{"self":[{"href":"https:\/\/demo8.izveide.id.lv\/de\/wp-json\/wp\/v2\/product\/6150","targetHints":{"allow":["GET"]}}],"collection":[{"href":"https:\/\/demo8.izveide.id.lv\/de\/wp-json\/wp\/v2\/product"}],"about":[{"href":"https:\/\/demo8.izveide.id.lv\/de\/wp-json\/wp\/v2\/types\/product"}],"replies":[{"embeddable":true,"href":"https:\/\/demo8.izveide.id.lv\/de\/wp-json\/wp\/v2\/comments?post=6150"}],"wp:featuredmedia":[{"embeddable":true,"href":"https:\/\/demo8.izveide.id.lv\/de\/wp-json\/wp\/v2\/media\/6151"}],"wp:attachment":[{"href":"https:\/\/demo8.izveide.id.lv\/de\/wp-json\/wp\/v2\/media?parent=6150"}],"wp:term":[{"taxonomy":"product_brand","embeddable":true,"href":"https:\/\/demo8.izveide.id.lv\/de\/wp-json\/wp\/v2\/product_brand?post=6150"},{"taxonomy":"product_cat","embeddable":true,"href":"https:\/\/demo8.izveide.id.lv\/de\/wp-json\/wp\/v2\/product_cat?post=6150"},{"taxonomy":"product_tag","embeddable":true,"href":"https:\/\/demo8.izveide.id.lv\/de\/wp-json\/wp\/v2\/product_tag?post=6150"}],"curies":[{"name":"wp","href":"https:\/\/api.w.org\/{rel}","templated":true}]}}