{"id":6144,"date":"2026-02-03T15:43:25","date_gmt":"2026-02-03T15:43:25","guid":{"rendered":"https:\/\/demo8.izveide.id.lv\/?post_type=product&#038;p=6144"},"modified":"2026-02-03T15:43:40","modified_gmt":"2026-02-03T15:43:40","slug":"flamil-grf-perfekt-code-0481","status":"publish","type":"product","link":"https:\/\/demo8.izveide.id.lv\/de\/produkt\/flamil-grf-perfekt-code-0481\/","title":{"rendered":"Flamil GRF Perfekt (Art.-Nr. 0481)"},"content":{"rendered":"<p><img decoding=\"async\" src=\"\/wp-content\/uploads\/2026\/01\/0481-PARENT_desc.jpg\"\/><\/p>\n<p><b>HOCHKONZENTRIERTER FL\u00dcSSIGREINIGER<\/b><\/p>\n<p><b>EIGENSCHAFTEN<\/b> Hochkonzentriertes Sp\u00fcl- und Schmutzl\u00f6semittel f\u00fcr die maschinelle Reinigung von Geschirr und K\u00fcchenger\u00e4ten in der Lebensmittelindustrie und in K\u00fcchenbetrieben. Hohe Wirtschaftlichkeit bei besten Ergebnissen auch bei hoher Wasserh\u00e4rte und problematischen Verschmutzungen. Das Produkt ist schaumfrei. <b>EINSATZGEBIETE<\/b> F\u00fcr gewerbliche Sp\u00fclmaschinen mit Fl\u00fcssigdosierpumpen. Geeignet f\u00fcr alle Wasserh\u00e4rtebereiche.<\/p>\n<p><b>ANWENDUNG<\/b> Anwendungskonzentration in der Sp\u00fcl- bzw. Reinigungsflotte je nach Wasserh\u00e4rte:<\/p>\n<table class=\"table table-bordered\">\n<tbody>\n<tr>\n<td><span style=\"font-size: 14px; letter-spacing: normal; background-color: rgb(255, 255, 255);\">weich <\/span><\/td>\n<td><span style=\"font-size: 14px; letter-spacing: normal; background-color: rgb(255, 255, 255);\">bis 7\u00b0 dH<\/span><\/td>\n<td><span style=\"font-size: 14px; letter-spacing: normal; background-color: rgb(255, 255, 255);\">1-2 g\/l<\/span><\/td>\n<\/tr>\n<tr>\n<td><span style=\"font-size: 14px; letter-spacing: normal; background-color: rgb(255, 255, 255);\">mittel<\/span><\/td>\n<td><span style=\"font-size: 14px; letter-spacing: normal; background-color: rgb(255, 255, 255);\">bis 14\u00b0 dH<\/span><\/td>\n<td><span style=\"font-size: 14px; letter-spacing: normal; background-color: rgb(255, 255, 255);\">2-3 g\/l<\/span><\/td>\n<\/tr>\n<tr>\n<td><span style=\"font-size: 14px; letter-spacing: normal; background-color: rgb(255, 255, 255);\">hart<\/span><\/td>\n<td><span style=\"font-size: 14px; letter-spacing: normal; background-color: rgb(255, 255, 255);\">bis 21\u00b0 dH<\/span><\/td>\n<td><span style=\"font-size: 14px; letter-spacing: normal; background-color: rgb(255, 255, 255);\">3-5 g\/l<\/span><\/td>\n<\/tr>\n<tr>\n<td><span style=\"font-size: 14px; letter-spacing: normal; background-color: rgb(255, 255, 255);\">sehr hart<\/span><\/td>\n<td><span style=\"font-size: 14px; letter-spacing: normal; background-color: rgb(255, 255, 255);\">&gt; 21\u00b0 dH<\/span><\/td>\n<td><span style=\"font-size: 14px; letter-spacing: normal; background-color: rgb(255, 255, 255);\">5-7 g\/l<\/span><\/td>\n<\/tr>\n<\/tbody>\n<\/table>\n<p><b>TECHNISCHE DATEN<\/b> <\/p>\n<p><b>Form<\/b>: fl\u00fcssig <b>Dichte (20 \u00b0C)<\/b>: 1,3 g\/ml <b>pH-Wert (1%ig)<\/b>: 14 <\/p>\n<p><b>INHALTSSTOFFE<\/b>: Natriumhypochlorid, Phosphate, Natriumhydroxid, Komplexiermittel, Dispergiermittel<\/p>\n","protected":false},"excerpt":{"rendered":"<p>HOCHKONZENTRIERTER FL\u00dcSSIGREINIGER EIGENSCHAFTEN Hochkonzentriertes Sp\u00fcl- und Schmutzl\u00f6semittel f\u00fcr die maschinelle Reinigung von Geschirr und K\u00fcchenger\u00e4ten in der Lebensmittelindustrie und in K\u00fcchenbetrieben. Hohe Wirtschaftlichkeit bei besten Ergebnissen auch bei hoher Wasserh\u00e4rte und problematischen Verschmutzungen. Das Produkt ist schaumfrei. EINSATZGEBIETE F\u00fcr gewerbliche Sp\u00fclmaschinen mit Fl\u00fcssigdosierpumpen. Geeignet f\u00fcr alle Wasserh\u00e4rtebereiche. ANWENDUNG Anwendungskonzentration in der Sp\u00fcl- bzw. Reinigungsflotte je&#8230;<\/p>\n","protected":false},"featured_media":6145,"comment_status":"open","ping_status":"closed","template":"","meta":[],"product_brand":[337],"product_cat":[354,366,357],"product_tag":[],"class_list":{"0":"post-6144","1":"product","2":"type-product","3":"status-publish","4":"has-post-thumbnail","6":"product_brand-flore-chemie","7":"product_cat-flore-chemie-produkte","8":"product_cat-geschirrreiniger","9":"product_cat-hotel-und-gastronomiegewerbe","11":"first","12":"instock","13":"shipping-taxable","14":"purchasable","15":"product-type-variable","16":"has-default-attributes"},"_links":{"self":[{"href":"https:\/\/demo8.izveide.id.lv\/de\/wp-json\/wp\/v2\/product\/6144","targetHints":{"allow":["GET"]}}],"collection":[{"href":"https:\/\/demo8.izveide.id.lv\/de\/wp-json\/wp\/v2\/product"}],"about":[{"href":"https:\/\/demo8.izveide.id.lv\/de\/wp-json\/wp\/v2\/types\/product"}],"replies":[{"embeddable":true,"href":"https:\/\/demo8.izveide.id.lv\/de\/wp-json\/wp\/v2\/comments?post=6144"}],"wp:featuredmedia":[{"embeddable":true,"href":"https:\/\/demo8.izveide.id.lv\/de\/wp-json\/wp\/v2\/media\/6145"}],"wp:attachment":[{"href":"https:\/\/demo8.izveide.id.lv\/de\/wp-json\/wp\/v2\/media?parent=6144"}],"wp:term":[{"taxonomy":"product_brand","embeddable":true,"href":"https:\/\/demo8.izveide.id.lv\/de\/wp-json\/wp\/v2\/product_brand?post=6144"},{"taxonomy":"product_cat","embeddable":true,"href":"https:\/\/demo8.izveide.id.lv\/de\/wp-json\/wp\/v2\/product_cat?post=6144"},{"taxonomy":"product_tag","embeddable":true,"href":"https:\/\/demo8.izveide.id.lv\/de\/wp-json\/wp\/v2\/product_tag?post=6144"}],"curies":[{"name":"wp","href":"https:\/\/api.w.org\/{rel}","templated":true}]}}