{"id":6139,"date":"2026-02-03T15:43:23","date_gmt":"2026-02-03T15:43:23","guid":{"rendered":"https:\/\/demo8.izveide.id.lv\/?post_type=product&#038;p=6139"},"modified":"2026-02-03T15:43:26","modified_gmt":"2026-02-03T15:43:26","slug":"alk-40-ci-code-p040","status":"publish","type":"product","link":"https:\/\/demo8.izveide.id.lv\/de\/produkt\/alk-40-ci-code-p040\/","title":{"rendered":"ALK 40 CI (Art.-Nr. P040)"},"content":{"rendered":"<p><img decoding=\"async\" src=\"\/wp-content\/uploads\/2026\/01\/P040-PARENT_desc.jpg\"\/><\/p>\n<p><p><\/p>\n<p style=\"\"><b>MEHRZWECKREINIGER F\u00dcR ABWASCHBARE OBERFL\u00c4CHEN<\/b><\/p>\n<p align=\"justify\" style=\"line-height: 1;\"><span style=\"font-size: 14px;\"><b>Hauptmerkmale<\/b> <\/span><\/p>\n<p align=\"justify\" style=\"line-height: 1;\"><span style=\"vertical-align: inherit; font-size: 14px;\">Universelles Reinigungsmittel zum Entfernen von Fett, \u00d6l, starken Verschmutzungen, eingetrocknetem Schmutz, hartn\u00e4ckigen Flecken, Speiseresten usw. Es kann auf fast allen Oberfl\u00e4chen verwendet werden, auf denen Wasser verwendet werden kann, da es keine starken Laugen oder L\u00f6sungsmittel auf Kohlenwasserstoffbasis enth\u00e4lt. Da es wenig sch\u00e4umt, l\u00e4sst es sich leicht absp\u00fclen und kann auch in Maschinen (Bodenreinigern, Hochdruckreinigern usw.) verwendet werden.<\/span><\/p>\n<p style=\"\"><span style=\"font-size: 14px;\"><b>Anwendungsbereiche<\/b> <\/span><\/p>\n<p align=\"justify\"><span style=\"vertical-align: inherit; font-size: 14px;\">Da es sich um ein Universalprodukt handelt, kann es in vielen Bereichen und auf fast allen abwaschbaren Oberfl\u00e4chen verwendet werden: Kunststoffe, Metalle, Harze, lackierte Oberfl\u00e4chen, Fliesen, Porzellan, lasierte Oberfl\u00e4chen, Tapeten usw.<\/span><\/p>\n<p style=\"\"><span style=\"font-size: 14px;\"><b>Benutzerhinweise<\/b> <\/span><\/p>\n<p align=\"justify\"><span style=\"vertical-align: inherit; font-size: 14px;\">Das Produkt sollte je nach Art und Menge des Schmutzes im Verh\u00e4ltnis 1:1 bis 1:10 verd\u00fcnnt werden. Die L\u00f6sung kann aufgespr\u00fcht, mit einem Tuch oder einer B\u00fcrste aufgetragen werden. Nach dem Auftragen etwa eine Minute warten und die Oberfl\u00e4che anschlie\u00dfend bei Bedarf abreiben. Anschlie\u00dfend gr\u00fcndlich mit Wasser absp\u00fclen. F\u00fcr die Reinigung mit Bodenreinigungsmaschinen (Bodenreiniger, Hochdruckreiniger) das Produkt im Verh\u00e4ltnis 1:10 bis 1:30 verd\u00fcnnen und die Gebrauchsanweisung der Bodenreinigungsmaschinen beachten.<\/span><\/p>\n<p style=\"\"><span style=\"font-size: 14px;\"><b>Chemisch-physikalische technische Daten<\/b> <\/span><\/p>\n<p style=\"\"><span style=\"vertical-align: inherit; font-size: 14px;\"><b>Aussehen<\/b>: klare Fl\u00fcssigkeit <\/span><\/p>\n<p style=\"\"><span style=\"vertical-align: inherit; font-size: 14px;\"><b>Farbe<\/b>: fluoreszierendes Gelb <\/span><\/p>\n<p style=\"\"><span style=\"vertical-align: inherit; font-size: 14px;\"><b>Geruch<\/b>: charakteristisch <\/span><\/p>\n<p style=\"\"><span style=\"vertical-align: inherit; font-size: 14px;\"><\/p>\n<p><b>Dichte<\/b>: 1,060 +\/- 0,02 g\/ml bei 20 \u00b0C <\/span><\/p>\n<p style=\"\"><span style=\"vertical-align: inherit; font-size: 14px;\">pH: 12,7 +\/- 0,3 <\/span><\/p>\n<p style=\"\"><span style=\"vertical-align: inherit; font-size: 14px;\"><b>Tenside<\/b>: anionisch, nichtionisch <\/span><\/p>\n<p style=\"\"><span style=\"vertical-align: inherit; font-size: 14px;\">Biologische Abbaubarkeit<span style=\"vertical-align: inherit;\">: \u00fcber 90 %<\/span><\/span><span style=\"vertical-align: inherit; font-size: 14px;\"> <\/span><\/p><\/p>\n","protected":false},"excerpt":{"rendered":"<p>MEHRZWECKREINIGER F\u00dcR ABWASCHBARE OBERFL\u00c4CHEN Hauptmerkmale Universelles Reinigungsmittel zum Entfernen von Fett, \u00d6l, starken Verschmutzungen, eingetrocknetem Schmutz, hartn\u00e4ckigen Flecken, Speiseresten usw. Es kann auf fast allen Oberfl\u00e4chen verwendet werden, auf denen Wasser verwendet werden kann, da es keine starken Laugen oder L\u00f6sungsmittel auf Kohlenwasserstoffbasis enth\u00e4lt. Da es wenig sch\u00e4umt, l\u00e4sst es sich leicht absp\u00fclen und kann&#8230;<\/p>\n","protected":false},"featured_media":6140,"comment_status":"open","ping_status":"closed","template":"","meta":[],"product_brand":[337],"product_cat":[360,354,357],"product_tag":[],"class_list":{"0":"post-6139","1":"product","2":"type-product","3":"status-publish","4":"has-post-thumbnail","6":"product_brand-flore-chemie","7":"product_cat-allzweckreiniger-vollwaschmittel-wartungsmittel","8":"product_cat-flore-chemie-produkte","9":"product_cat-hotel-und-gastronomiegewerbe","11":"first","12":"instock","13":"shipping-taxable","14":"purchasable","15":"product-type-variable","16":"has-default-attributes"},"_links":{"self":[{"href":"https:\/\/demo8.izveide.id.lv\/de\/wp-json\/wp\/v2\/product\/6139","targetHints":{"allow":["GET"]}}],"collection":[{"href":"https:\/\/demo8.izveide.id.lv\/de\/wp-json\/wp\/v2\/product"}],"about":[{"href":"https:\/\/demo8.izveide.id.lv\/de\/wp-json\/wp\/v2\/types\/product"}],"replies":[{"embeddable":true,"href":"https:\/\/demo8.izveide.id.lv\/de\/wp-json\/wp\/v2\/comments?post=6139"}],"wp:featuredmedia":[{"embeddable":true,"href":"https:\/\/demo8.izveide.id.lv\/de\/wp-json\/wp\/v2\/media\/6140"}],"wp:attachment":[{"href":"https:\/\/demo8.izveide.id.lv\/de\/wp-json\/wp\/v2\/media?parent=6139"}],"wp:term":[{"taxonomy":"product_brand","embeddable":true,"href":"https:\/\/demo8.izveide.id.lv\/de\/wp-json\/wp\/v2\/product_brand?post=6139"},{"taxonomy":"product_cat","embeddable":true,"href":"https:\/\/demo8.izveide.id.lv\/de\/wp-json\/wp\/v2\/product_cat?post=6139"},{"taxonomy":"product_tag","embeddable":true,"href":"https:\/\/demo8.izveide.id.lv\/de\/wp-json\/wp\/v2\/product_tag?post=6139"}],"curies":[{"name":"wp","href":"https:\/\/api.w.org\/{rel}","templated":true}]}}