{"id":6084,"date":"2026-02-03T14:04:21","date_gmt":"2026-02-03T14:04:21","guid":{"rendered":"https:\/\/demo8.izveide.id.lv\/?post_type=product&#038;p=6084"},"modified":"2026-02-05T07:15:25","modified_gmt":"2026-02-05T07:15:25","slug":"acd-ammorbident-code-p001","status":"publish","type":"product","link":"https:\/\/demo8.izveide.id.lv\/de\/produkt\/acd-ammorbident-code-p001\/","title":{"rendered":"ACD AMMORBIDENT (Art.-Nr. P001)"},"content":{"rendered":"<p><img decoding=\"async\" style=\"display: block; margin-left: auto; margin-right: auto; width: 100%; height: auto;\" src=\"\/wp-content\/uploads\/2026\/01\/P001-PARENT_desc.jpg\" \/><\/p>\n<p><b>ACD-AMMORBIDENT<\/b><\/p>\n<p><b>DUFTENDER WEICHSP\u00dcLER<\/b><\/p>\n<p align=\"justify\"><b>Hauptmerkmale<\/b><\/p>\n<p align=\"justify\"><span style=\"vertical-align: inherit; font-size: 14px;\">Produkt mit blumigem Duft, formuliert mit \u00e4u\u00dferst zarten Substanzen und hervorragenden weichmachenden Eigenschaften: Es verleiht selbst den gr\u00f6bsten Textilien eine seidige Textur, reduziert die Flusenbildung auf gewaschenen Textilien und verk\u00fcrzt die Trocknungszeiten. Hervorragend geeignet f\u00fcr Wolle, verleiht den Textilien Weichheit und Glanz. Dank seiner Zusammensetzung hat es bakteriostatische und fungistatische Eigenschaften.<\/span><\/p>\n<p align=\"justify\"><b>Anwendungsbereiche<\/b><\/p>\n<p align=\"justify\"><span style=\"vertical-align: inherit; font-size: 14px;\">Gemeinschaften und Zusammenlebensorte im Allgemeinen, Hotels, Restaurants, W\u00e4schereien, Pflegeheime usw.<\/span><\/p>\n<p align=\"justify\"><b>Benutzerhinweise<\/b><\/p>\n<p align=\"justify\"><span style=\"vertical-align: inherit; font-size: 14px;\">Bei Waschmaschinen ohne externe Dosiervorrichtungen geben Sie das Produkt in die spezielle kleine Kammer zum Waschen und\/oder Vorwaschen und befolgen dabei die Benutzeranweisungen der Waschmaschine.<\/span><\/p>\n<p align=\"justify\"><span style=\"vertical-align: inherit; font-size: 14px;\">Bei Waschmaschinen mit automatischer externer Dosiereinrichtung f\u00fchren Sie den Ansaugschlauch in den Produkttank ein und stellen die Dosierpumpe auf eine Dosierung von 5 bis 10 ml pro kg Trockenw\u00e4sche ein.<\/span><\/p>\n<p align=\"justify\"><span style=\"vertical-align: inherit; font-size: 14px;\"><b>Achtung!<\/b> <span style=\"vertical-align: inherit;\"> <\/span>Lesen Sie vor Gebrauch das Sicherheitsdatenblatt sorgf\u00e4ltig durch. Gie\u00dfen Sie das konzentrierte Produkt nicht direkt auf Textilien.<\/span><\/p>\n<p align=\"justify\"><b>Chemisch-physikalische technische Daten<\/b><\/p>\n<p align=\"justify\"><span style=\"vertical-align: inherit; font-size: 14px;\"><b>Aussehen<\/b>: viskose Fl\u00fcssigkeit<\/span><\/p>\n<p align=\"justify\"><span style=\"vertical-align: inherit; font-size: 14px;\"><b>Farbe<\/b>: hellblau<\/span><\/p>\n<p align=\"justify\"><span style=\"vertical-align: inherit; font-size: 14px;\"><b>Geruch<\/b>: parf\u00fcmiert<\/span><\/p>\n<p align=\"justify\">\n<p><b>Dichte<\/b>: 1,00 +\/- 0,02 g\/ml bei 20 \u00b0C<\/p>\n<p align=\"justify\"><span style=\"vertical-align: inherit; font-size: 14px;\"><b>pH<\/b>: 5,0 +\/- 0,5<\/span><\/p>\n<p align=\"justify\"><span style=\"vertical-align: inherit; font-size: 14px;\"><b>Tenside<\/b>: kationisch<\/span><\/p>\n<p align=\"justify\"><span style=\"vertical-align: inherit; font-size: 14px;\"><b>Biologische Abbaubarkeit<\/b><span style=\"vertical-align: inherit;\">: \u00fcber 90 %<\/span><\/span><\/p>\n","protected":false},"excerpt":{"rendered":"<p>ACD-AMMORBIDENT DUFTENDER WEICHSP\u00dcLER Hauptmerkmale Produkt mit blumigem Duft, formuliert mit \u00e4u\u00dferst zarten Substanzen und hervorragenden weichmachenden Eigenschaften: Es verleiht selbst den gr\u00f6bsten Textilien eine seidige Textur, reduziert die Flusenbildung auf gewaschenen Textilien und verk\u00fcrzt die Trocknungszeiten. Hervorragend geeignet f\u00fcr Wolle, verleiht den Textilien Weichheit und Glanz. Dank seiner Zusammensetzung hat es bakteriostatische und fungistatische Eigenschaften&#8230;.<\/p>\n","protected":false},"featured_media":6085,"comment_status":"open","ping_status":"closed","template":"","meta":[],"product_brand":[342],"product_cat":[360,354,357],"product_tag":[],"class_list":{"0":"post-6084","1":"product","2":"type-product","3":"status-publish","4":"has-post-thumbnail","6":"product_brand-serpento-future-chemicals","7":"product_cat-allzweckreiniger-vollwaschmittel-wartungsmittel","8":"product_cat-flore-chemie-produkte","9":"product_cat-hotel-und-gastronomiegewerbe","11":"first","12":"instock","13":"shipping-taxable","14":"purchasable","15":"product-type-variable","16":"has-default-attributes"},"_links":{"self":[{"href":"https:\/\/demo8.izveide.id.lv\/de\/wp-json\/wp\/v2\/product\/6084","targetHints":{"allow":["GET"]}}],"collection":[{"href":"https:\/\/demo8.izveide.id.lv\/de\/wp-json\/wp\/v2\/product"}],"about":[{"href":"https:\/\/demo8.izveide.id.lv\/de\/wp-json\/wp\/v2\/types\/product"}],"replies":[{"embeddable":true,"href":"https:\/\/demo8.izveide.id.lv\/de\/wp-json\/wp\/v2\/comments?post=6084"}],"wp:featuredmedia":[{"embeddable":true,"href":"https:\/\/demo8.izveide.id.lv\/de\/wp-json\/wp\/v2\/media\/6085"}],"wp:attachment":[{"href":"https:\/\/demo8.izveide.id.lv\/de\/wp-json\/wp\/v2\/media?parent=6084"}],"wp:term":[{"taxonomy":"product_brand","embeddable":true,"href":"https:\/\/demo8.izveide.id.lv\/de\/wp-json\/wp\/v2\/product_brand?post=6084"},{"taxonomy":"product_cat","embeddable":true,"href":"https:\/\/demo8.izveide.id.lv\/de\/wp-json\/wp\/v2\/product_cat?post=6084"},{"taxonomy":"product_tag","embeddable":true,"href":"https:\/\/demo8.izveide.id.lv\/de\/wp-json\/wp\/v2\/product_tag?post=6084"}],"curies":[{"name":"wp","href":"https:\/\/api.w.org\/{rel}","templated":true}]}}