{"id":6074,"date":"2026-02-03T15:42:59","date_gmt":"2026-02-03T15:42:59","guid":{"rendered":"https:\/\/demo8.izveide.id.lv\/?post_type=product&#038;p=6074"},"modified":"2026-02-03T15:43:07","modified_gmt":"2026-02-03T15:43:07","slug":"alk-cachemire-code-p006","status":"publish","type":"product","link":"https:\/\/demo8.izveide.id.lv\/de\/produkt\/alk-cachemire-code-p006\/","title":{"rendered":"ALK CACHEMIRE (Art.-Nr. P006)"},"content":{"rendered":"<p><img decoding=\"async\" src=\"\/wp-content\/uploads\/2026\/01\/P006-PARENT_desc.jpg\"\/><\/p>\n<p><p style=\"text-align: justify;\"><\/p>\n<p style=\"text-align: justify; \"><b>FL\u00dcSSIGWASCHMITTEL ZUM WASCHEN VON WOLLE UND EMPFINDLICHEN STOFFEN<\/b><\/p>\n<p style=\"text-align: justify;\"><b>Hauptmerkmale<\/b> <\/p>\n<p style=\"text-align: justify;\">Neutrales Fl\u00fcssigwaschmittel mit Blumenduft f\u00fcr die Hand- und Maschinenw\u00e4sche von Feinw\u00e4sche, Wollkleidung etc. Das Produkt ist reich an speziellen Tensiden, komplett mit Additiven und optischen Aufhellern, die hervorragende Reinigungsergebnisse erzielen, ohne die Fasern zu besch\u00e4digen oder zu verfilzen. <\/p>\n<p style=\"text-align: justify;\"><b>Anwendungsbereiche<\/b> <\/p>\n<p style=\"text-align: justify;\">W\u00e4sche waschen <\/p>\n<p style=\"text-align: justify;\"><b>Benutzerhinweise<\/b> <\/p>\n<p style=\"text-align: justify;\">Die angegebenen Dosierungen gelten f\u00fcr das Waschen in mittelhartem Wasser (10-20 \u00b0F) und pro kg Trockenw\u00e4sche. <\/p>\n<table class=\"table table-bordered\">\n<tbody>\n<tr>\n<td><b>Art der Verschmutzung<\/b><\/td>\n<td><b>Dosis<\/b><\/td>\n<td><b>Art der Verschmutzung<\/b><\/td>\n<td><b>Dosis<\/b><\/td>\n<\/tr>\n<tr>\n<td><span style=\"font-size: 14px; letter-spacing: normal; background-color: rgb(255, 255, 255);\">Licht<\/span><\/td>\n<td><span style=\"font-size: 14px; letter-spacing: normal; background-color: rgb(255, 255, 255);\">5 &#8211; 10 g\/kg Trockenw\u00e4sche<\/span><\/td>\n<td><span style=\"font-size: 14px; letter-spacing: normal; background-color: rgb(255, 255, 255);\">Schwer<\/span><\/td>\n<td><span style=\"font-size: 14px; letter-spacing: normal; background-color: rgb(255, 255, 255);\">15 &#8211; 20 g\/kg Trockenw\u00e4sche<\/span><\/td>\n<\/tr>\n<tr>\n<td><span style=\"font-size: 14px; letter-spacing: normal; background-color: rgb(255, 255, 255);\">Medium<\/span><\/td>\n<td><span style=\"font-size: 14px; letter-spacing: normal; background-color: rgb(255, 255, 255);\">10 \u2013 15 g\/kg Trockenw\u00e4sche<\/span><\/td>\n<td><span style=\"font-size: 14px; letter-spacing: normal; background-color: rgb(255, 255, 255);\">Einweichen<\/span><\/td>\n<td><span style=\"font-size: 14px; letter-spacing: normal; background-color: rgb(255, 255, 255);\">5 \u2013 10 g\/kg Trockenw\u00e4sche<\/span><\/td>\n<\/tr>\n<\/tbody>\n<\/table>\n<p style=\"text-align: justify;\"><b>HANDW\u00c4SCHE<\/b>: Lassen Sie die W\u00e4sche mindestens 5 Minuten einweichen, fahren Sie mit dem Waschen fort und sp\u00fclen Sie sie gr\u00fcndlich mit kaltem Wasser aus. <\/p>\n<p style=\"text-align: justify;\"><b>WASCHEN IN DER WASCHMASCHINE<\/b>: Geben Sie das Produkt in die daf\u00fcr vorgesehene Kammer und f\u00fchren Sie den Waschgang f\u00fcr empfindliche Kleidungsst\u00fccke durch. Befolgen Sie dabei die Bedienungsanleitung der Waschmaschine. <\/p>\n<p style=\"letter-spacing: normal; text-align: justify;\"><b>Chemisch-physikalische technische Daten<\/b> <\/p>\n<p style=\"letter-spacing: normal; text-align: justify;\"><b>Aussehen<\/b>: klare Fl\u00fcssigkeit <\/p>\n<p style=\"letter-spacing: normal; text-align: justify;\"><b>Farbe<\/b>: rosa <\/p>\n<p style=\"letter-spacing: normal; text-align: justify;\"><b>Geruch<\/b>: Blumenduft <\/p>\n<p style=\"letter-spacing: normal; text-align: justify;\"><b>Dichte<\/b>: 1,00 +\/- 0,02 bei 20 \u00b0C <\/p>\n<p style=\"letter-spacing: normal; text-align: justify;\"><b>pH<\/b>: 8,37 +\/- 0,5 <\/p>\n<p style=\"letter-spacing: normal; text-align: justify;\"><b>Tenside<\/b>: anionisch, nichtionisch <\/p>\n<p style=\"letter-spacing: normal; text-align: justify;\"><b>Biologische Abbaubarkeit<\/b>: \u00fcber 90 %<\/p>\n<p style=\"letter-spacing: normal; text-align: justify;\"><b>Achtung! <\/b><span style=\"letter-spacing: normal;\"> Lesen Sie vor Gebrauch das Sicherheitsdatenblatt sorgf\u00e4ltig durch.<\/span><\/p><\/p>\n","protected":false},"excerpt":{"rendered":"<p>FL\u00dcSSIGWASCHMITTEL ZUM WASCHEN VON WOLLE UND EMPFINDLICHEN STOFFEN Hauptmerkmale Neutrales Fl\u00fcssigwaschmittel mit Blumenduft f\u00fcr die Hand- und Maschinenw\u00e4sche von Feinw\u00e4sche, Wollkleidung etc. Das Produkt ist reich an speziellen Tensiden, komplett mit Additiven und optischen Aufhellern, die hervorragende Reinigungsergebnisse erzielen, ohne die Fasern zu besch\u00e4digen oder zu verfilzen. Anwendungsbereiche W\u00e4sche waschen Benutzerhinweise Die angegebenen Dosierungen gelten&#8230;<\/p>\n","protected":false},"featured_media":6075,"comment_status":"open","ping_status":"closed","template":"","meta":[],"product_brand":[342],"product_cat":[360,354,357],"product_tag":[],"class_list":{"0":"post-6074","1":"product","2":"type-product","3":"status-publish","4":"has-post-thumbnail","6":"product_brand-serpento-future-chemicals","7":"product_cat-allzweckreiniger-vollwaschmittel-wartungsmittel","8":"product_cat-flore-chemie-produkte","9":"product_cat-hotel-und-gastronomiegewerbe","11":"first","12":"instock","13":"shipping-taxable","14":"purchasable","15":"product-type-variable","16":"has-default-attributes"},"_links":{"self":[{"href":"https:\/\/demo8.izveide.id.lv\/de\/wp-json\/wp\/v2\/product\/6074","targetHints":{"allow":["GET"]}}],"collection":[{"href":"https:\/\/demo8.izveide.id.lv\/de\/wp-json\/wp\/v2\/product"}],"about":[{"href":"https:\/\/demo8.izveide.id.lv\/de\/wp-json\/wp\/v2\/types\/product"}],"replies":[{"embeddable":true,"href":"https:\/\/demo8.izveide.id.lv\/de\/wp-json\/wp\/v2\/comments?post=6074"}],"wp:featuredmedia":[{"embeddable":true,"href":"https:\/\/demo8.izveide.id.lv\/de\/wp-json\/wp\/v2\/media\/6075"}],"wp:attachment":[{"href":"https:\/\/demo8.izveide.id.lv\/de\/wp-json\/wp\/v2\/media?parent=6074"}],"wp:term":[{"taxonomy":"product_brand","embeddable":true,"href":"https:\/\/demo8.izveide.id.lv\/de\/wp-json\/wp\/v2\/product_brand?post=6074"},{"taxonomy":"product_cat","embeddable":true,"href":"https:\/\/demo8.izveide.id.lv\/de\/wp-json\/wp\/v2\/product_cat?post=6074"},{"taxonomy":"product_tag","embeddable":true,"href":"https:\/\/demo8.izveide.id.lv\/de\/wp-json\/wp\/v2\/product_tag?post=6074"}],"curies":[{"name":"wp","href":"https:\/\/api.w.org\/{rel}","templated":true}]}}