{"id":6026,"date":"2026-02-03T15:42:44","date_gmt":"2026-02-03T15:42:44","guid":{"rendered":"https:\/\/demo8.izveide.id.lv\/?post_type=product&#038;p=6026"},"modified":"2026-02-03T15:42:52","modified_gmt":"2026-02-03T15:42:52","slug":"pvc-glanzseife-code-0048","status":"publish","type":"product","link":"https:\/\/demo8.izveide.id.lv\/de\/produkt\/pvc-glanzseife-code-0048\/","title":{"rendered":"PVC-Glanzseife (Art.-Nr. 0048)"},"content":{"rendered":"<p><img decoding=\"async\" src=\"\/wp-content\/uploads\/2026\/01\/0048-PARENT_desc.jpg\"\/><\/p>\n<p><b>HOCHKONZENTRIERTER SEIFENREINIGER<\/b><br \/><b>PVC GLANZSEIFE<\/b> ist ein hochkonzentriertes Reinigungsmittel mit Pflegekomponenten, das nach dem Auftragen einen gl\u00e4nzenden Boden hinterl\u00e4sst, dabei schaumarm und dementsprechend auch maschinell einsetzbar ist. <\/p>\n<p><b>ANWENDUNGSBEREICHE<\/b> Stein- und PVC-B\u00f6den.<\/p>\n<p><b>VERARBEITUNGSHINWEISE<\/b> Je nach Verschmutzungsgrad bis 1:500 mit Wasser verd\u00fcnnen, den Boden wischen und trocknen lassen. Nicht nachsp\u00fclen. Anschlie\u00dfendes Polieren erh\u00f6ht den Glanz.<\/p>\n<p><b>WEITERER HINWEIS<\/b> Zum Erhalt der Produkteigenschaften PVC GLANZSEIFE frostfrei lagern. Ab einer Anwendungskonzentration von 1:10 ist PVC GLANZSEIFE nicht mehr kennzeichnungspflichtig. <\/p>\n<p><b>TECHNISCHE DATEN<\/b> <\/p>\n<p><b>Form<\/b>: fl\u00fcssig <b>Dichte (20 \u00b0C)<\/b>: 1 g\/ml <b>pH-Wert (Konzentrat)<\/b>: 6,5 &#8211; 7 <b>Siedebereich<\/b>: &gt; 100 \u00b0C <b>Viskosit\u00e4t (20 \u00b0C)<\/b>: 300 &#8211; 600 mPa*s <\/p>\n<p><b>INHALTSSTOFFE<\/b>: anionische, nichtionische und amphotere Tenside, Pflegekomponenten, Duftstoffe, Konservierungsmittel <\/p>\n","protected":false},"excerpt":{"rendered":"<p>HOCHKONZENTRIERTER SEIFENREINIGERPVC GLANZSEIFE ist ein hochkonzentriertes Reinigungsmittel mit Pflegekomponenten, das nach dem Auftragen einen gl\u00e4nzenden Boden hinterl\u00e4sst, dabei schaumarm und dementsprechend auch maschinell einsetzbar ist. ANWENDUNGSBEREICHE Stein- und PVC-B\u00f6den. VERARBEITUNGSHINWEISE Je nach Verschmutzungsgrad bis 1:500 mit Wasser verd\u00fcnnen, den Boden wischen und trocknen lassen. Nicht nachsp\u00fclen. Anschlie\u00dfendes Polieren erh\u00f6ht den Glanz. WEITERER HINWEIS Zum Erhalt&#8230;<\/p>\n","protected":false},"featured_media":6027,"comment_status":"open","ping_status":"closed","template":"","meta":[],"product_brand":[337],"product_cat":[363,354,357],"product_tag":[],"class_list":{"0":"post-6026","1":"product","2":"type-product","3":"status-publish","4":"has-post-thumbnail","6":"product_brand-flore-chemie","7":"product_cat-boden-und-teppichboedenreiniger","8":"product_cat-flore-chemie-produkte","9":"product_cat-hotel-und-gastronomiegewerbe","11":"first","12":"instock","13":"shipping-taxable","14":"purchasable","15":"product-type-variable","16":"has-default-attributes"},"_links":{"self":[{"href":"https:\/\/demo8.izveide.id.lv\/de\/wp-json\/wp\/v2\/product\/6026","targetHints":{"allow":["GET"]}}],"collection":[{"href":"https:\/\/demo8.izveide.id.lv\/de\/wp-json\/wp\/v2\/product"}],"about":[{"href":"https:\/\/demo8.izveide.id.lv\/de\/wp-json\/wp\/v2\/types\/product"}],"replies":[{"embeddable":true,"href":"https:\/\/demo8.izveide.id.lv\/de\/wp-json\/wp\/v2\/comments?post=6026"}],"wp:featuredmedia":[{"embeddable":true,"href":"https:\/\/demo8.izveide.id.lv\/de\/wp-json\/wp\/v2\/media\/6027"}],"wp:attachment":[{"href":"https:\/\/demo8.izveide.id.lv\/de\/wp-json\/wp\/v2\/media?parent=6026"}],"wp:term":[{"taxonomy":"product_brand","embeddable":true,"href":"https:\/\/demo8.izveide.id.lv\/de\/wp-json\/wp\/v2\/product_brand?post=6026"},{"taxonomy":"product_cat","embeddable":true,"href":"https:\/\/demo8.izveide.id.lv\/de\/wp-json\/wp\/v2\/product_cat?post=6026"},{"taxonomy":"product_tag","embeddable":true,"href":"https:\/\/demo8.izveide.id.lv\/de\/wp-json\/wp\/v2\/product_tag?post=6026"}],"curies":[{"name":"wp","href":"https:\/\/api.w.org\/{rel}","templated":true}]}}