{"id":6014,"date":"2026-02-03T15:42:36","date_gmt":"2026-02-03T15:42:36","guid":{"rendered":"https:\/\/demo8.izveide.id.lv\/?post_type=product&#038;p=6014"},"modified":"2026-02-03T15:42:38","modified_gmt":"2026-02-03T15:42:38","slug":"florin-fleckenloser-code-0593","status":"publish","type":"product","link":"https:\/\/demo8.izveide.id.lv\/de\/produkt\/florin-fleckenloser-code-0593\/","title":{"rendered":"Florin Fleckenl\u00f6ser (Art.-Nr. 0593)"},"content":{"rendered":"<p><img decoding=\"async\" alt=\"0593-PARENT\" class=\"alignnone size-full wp-image-2150\" src=\"\/wp-content\/uploads\/2026\/01\/0593-PARENT_desc.jpg\" width=\"100%\" srcset=\"https:\/\/demo8.izveide.id.lv\/wp-content\/uploads\/2026\/01\/0593-PARENT_desc.jpg 480w, https:\/\/demo8.izveide.id.lv\/wp-content\/uploads\/2026\/01\/0593-PARENT_desc-300x206.jpg 300w\" sizes=\"(max-width: 480px) 100vw, 480px\" \/><\/p>\n<p>   <b> TEPPICH-FLECKENL\u00d6SER <\/b> <b> FLORIN\u00ae FLECKENL\u00d6SER <\/b> entfernt hervorragend Flecken von textilen Oberfl\u00e4chen. Selbst stark verschmutzte Bereiche erhalten durch die schonende und gr\u00fcndliche Reinigung fasertiefe Sauberkeit. Das Konzentrat kann mit bis zu 6 Teilen Wasser verd\u00fcnnt werden. <b> ANWENDUNGSBEREICHE <\/b> Zur Vorbehandlung von Teppichb\u00f6den oder anderen textilen Oberfl\u00e4chen, wie Polsterm\u00f6bel und Autostoffe.<\/p>\n<p><b>VERARBEITUNGSHINWEISE<\/b> bei Flecken: Den Fleck mit FLORIN\u00ae FLECKENL\u00d6SER bespr\u00fchen und kurz einwirken lassen. Danach den gel\u00f6sten Fleckr\u00fcckstand mit Schwamm oder Tuch heraustupfen. Nicht reiben!! als Vorspray: FLORIN\u00ae FLECKENL\u00d6SER auf stark verschmutzte Bereiche oder bei hartn\u00e4ckigen Flecken vorspr\u00fchen. ACHTUNG: den Teppich nicht durchn\u00e4ssen. Danach Florin DryCleaner aufstreuen und mit dem Ger\u00e4t einb\u00fcrsten. Farbechtheit vorher an unauff\u00e4lliger Stelle \u00fcberpr\u00fcfen. <b> WEITERE HINWEISE <\/b> Vor Gebrauch sch\u00fctteln. Au\u00dferhalb der Reichweite von Kindern aufbewahren. Augenkontakte k\u00f6nnen Reizwirkung verursachen. Augen mit warmen Wasser gr\u00fcndlich aussp\u00fclen &#8211; nicht reiben.<\/p>\n<p><b>TECHNISCHE DATEN<\/b> <b> Form <\/b> : fl\u00fcssig <b> Dichte (20 \u00b0C) <\/b> : 1,05 g\/cm\u00b3 <b> pH-Wert <\/b> : 5,5 &#8211; 7,5<\/p>\n<p><b>INHALTSSTOFFE<\/b> : w\u00e4sserige L\u00f6sung anionische Tenside, Ethyldiglycol, Isopropylalkohol, Duftstoffe <\/p>\n","protected":false},"excerpt":{"rendered":"<p>TEPPICH-FLECKENL\u00d6SER FLORIN\u00ae FLECKENL\u00d6SER entfernt hervorragend Flecken von textilen Oberfl\u00e4chen. Selbst stark verschmutzte Bereiche erhalten durch die schonende und gr\u00fcndliche Reinigung fasertiefe Sauberkeit. Das Konzentrat kann mit bis zu 6 Teilen Wasser verd\u00fcnnt werden. ANWENDUNGSBEREICHE Zur Vorbehandlung von Teppichb\u00f6den oder anderen textilen Oberfl\u00e4chen, wie Polsterm\u00f6bel und Autostoffe. VERARBEITUNGSHINWEISE bei Flecken: Den Fleck mit FLORIN\u00ae FLECKENL\u00d6SER bespr\u00fchen&#8230;<\/p>\n","protected":false},"featured_media":6015,"comment_status":"open","ping_status":"closed","template":"","meta":[],"product_brand":[337],"product_cat":[363,354,357],"product_tag":[],"class_list":{"0":"post-6014","1":"product","2":"type-product","3":"status-publish","4":"has-post-thumbnail","6":"product_brand-flore-chemie","7":"product_cat-boden-und-teppichboedenreiniger","8":"product_cat-flore-chemie-produkte","9":"product_cat-hotel-und-gastronomiegewerbe","11":"first","12":"instock","13":"shipping-taxable","14":"purchasable","15":"product-type-variable","16":"has-default-attributes"},"_links":{"self":[{"href":"https:\/\/demo8.izveide.id.lv\/de\/wp-json\/wp\/v2\/product\/6014","targetHints":{"allow":["GET"]}}],"collection":[{"href":"https:\/\/demo8.izveide.id.lv\/de\/wp-json\/wp\/v2\/product"}],"about":[{"href":"https:\/\/demo8.izveide.id.lv\/de\/wp-json\/wp\/v2\/types\/product"}],"replies":[{"embeddable":true,"href":"https:\/\/demo8.izveide.id.lv\/de\/wp-json\/wp\/v2\/comments?post=6014"}],"wp:featuredmedia":[{"embeddable":true,"href":"https:\/\/demo8.izveide.id.lv\/de\/wp-json\/wp\/v2\/media\/6015"}],"wp:attachment":[{"href":"https:\/\/demo8.izveide.id.lv\/de\/wp-json\/wp\/v2\/media?parent=6014"}],"wp:term":[{"taxonomy":"product_brand","embeddable":true,"href":"https:\/\/demo8.izveide.id.lv\/de\/wp-json\/wp\/v2\/product_brand?post=6014"},{"taxonomy":"product_cat","embeddable":true,"href":"https:\/\/demo8.izveide.id.lv\/de\/wp-json\/wp\/v2\/product_cat?post=6014"},{"taxonomy":"product_tag","embeddable":true,"href":"https:\/\/demo8.izveide.id.lv\/de\/wp-json\/wp\/v2\/product_tag?post=6014"}],"curies":[{"name":"wp","href":"https:\/\/api.w.org\/{rel}","templated":true}]}}