{"id":5984,"date":"2026-02-03T15:42:28","date_gmt":"2026-02-03T15:42:28","guid":{"rendered":"https:\/\/demo8.izveide.id.lv\/?post_type=product&#038;p=5984"},"modified":"2026-02-03T15:42:38","modified_gmt":"2026-02-03T15:42:38","slug":"florin-antismell-code-0494","status":"publish","type":"product","link":"https:\/\/demo8.izveide.id.lv\/de\/produkt\/florin-antismell-code-0494\/","title":{"rendered":"Florin Antismell (Art.-Nr. 0494)"},"content":{"rendered":"<p><img decoding=\"async\" src=\"\/wp-content\/uploads\/2026\/01\/0494-PARENT_desc.jpg\"\/><\/p>\n<p>Geruchsneutralisierendes, formaldehydfreies Desinfektionsmittel<br \/><b>FLORIN\u00ae ANTISMELL<\/b> ist eine hoch konzentrierte, wasserl\u00f6sliche Formulierung mit desinfizierenden und geruchsbindenden Zus\u00e4tzen, die keine Kunststoffe angreift und formaldehydfrei ist. <b>ANWENDUNGSBEREICH<\/b> Sanit\u00e4rbereich &#8211; speziell mobile Toilettenanlagen.<\/p>\n<p><b>VERARBEITUNGSHINWEISE<\/b> Aufgrund der hohen Konzentration an mehrfach wirksamen Einzelkomponenten gen\u00fcgt eine Zusatzmenge von nur 0,30 % FLORIN\u00ae ANTISMELL im Toiletten-Sp\u00fclwasser, um \u00fcble Ger\u00fcche und Bakterienausbreitung zu vermeiden. Die &#8222;verbrauchte&#8220; L\u00f6sung kann problemlos \u00fcber die \u00f6ffentliche Kl\u00e4ranlage ohne Sch\u00e4digung des Belebtschlammes entsorgt werden. Durch die zus\u00e4tzlichen, zwangsl\u00e4ufig auftretenden Verd\u00fcnnungseffekte werden bei mehr als 100-facher Verd\u00fcnnung Abwasserbakterien nicht mehr gesch\u00e4digt. <b>WEITERE HINWEISE<\/b> Vor dem Einsatz auf nicht genannten Materialien Vortest an verdeckter Stelle durchf\u00fchren. Biozide sicher verwenden! Vor Gebrauch stets Kennzeichnung und Produktinformation lesen! <\/p>\n<p><b>TECHNISCHE DATEN<\/b> <\/p>\n<p><b>Form<\/b>: fl\u00fcssig <b>Dichte (20 \u00b0C)<\/b>: ca. 0,996 g\/ml <b>pH-Wert (20 \u00b0C)<\/b>: 7,5 <\/p>\n<p><b>INHALTSSTOFFE<\/b>: quatern\u00e4re Ammoniumchloride, Alkohol-Ethoxylate, Citrusterpene, Orangenextrakte und Hilfsstoffe<\/p>\n","protected":false},"excerpt":{"rendered":"<p>Geruchsneutralisierendes, formaldehydfreies DesinfektionsmittelFLORIN\u00ae ANTISMELL ist eine hoch konzentrierte, wasserl\u00f6sliche Formulierung mit desinfizierenden und geruchsbindenden Zus\u00e4tzen, die keine Kunststoffe angreift und formaldehydfrei ist. ANWENDUNGSBEREICH Sanit\u00e4rbereich &#8211; speziell mobile Toilettenanlagen. VERARBEITUNGSHINWEISE Aufgrund der hohen Konzentration an mehrfach wirksamen Einzelkomponenten gen\u00fcgt eine Zusatzmenge von nur 0,30 % FLORIN\u00ae ANTISMELL im Toiletten-Sp\u00fclwasser, um \u00fcble Ger\u00fcche und Bakterienausbreitung zu vermeiden&#8230;.<\/p>\n","protected":false},"featured_media":5985,"comment_status":"open","ping_status":"closed","template":"","meta":[],"product_brand":[337],"product_cat":[369,354,357],"product_tag":[],"class_list":{"0":"post-5984","1":"product","2":"type-product","3":"status-publish","4":"has-post-thumbnail","6":"product_brand-flore-chemie","7":"product_cat-desinfektion","8":"product_cat-flore-chemie-produkte","9":"product_cat-hotel-und-gastronomiegewerbe","11":"first","12":"instock","13":"shipping-taxable","14":"purchasable","15":"product-type-variable","16":"has-default-attributes"},"_links":{"self":[{"href":"https:\/\/demo8.izveide.id.lv\/de\/wp-json\/wp\/v2\/product\/5984","targetHints":{"allow":["GET"]}}],"collection":[{"href":"https:\/\/demo8.izveide.id.lv\/de\/wp-json\/wp\/v2\/product"}],"about":[{"href":"https:\/\/demo8.izveide.id.lv\/de\/wp-json\/wp\/v2\/types\/product"}],"replies":[{"embeddable":true,"href":"https:\/\/demo8.izveide.id.lv\/de\/wp-json\/wp\/v2\/comments?post=5984"}],"wp:featuredmedia":[{"embeddable":true,"href":"https:\/\/demo8.izveide.id.lv\/de\/wp-json\/wp\/v2\/media\/5985"}],"wp:attachment":[{"href":"https:\/\/demo8.izveide.id.lv\/de\/wp-json\/wp\/v2\/media?parent=5984"}],"wp:term":[{"taxonomy":"product_brand","embeddable":true,"href":"https:\/\/demo8.izveide.id.lv\/de\/wp-json\/wp\/v2\/product_brand?post=5984"},{"taxonomy":"product_cat","embeddable":true,"href":"https:\/\/demo8.izveide.id.lv\/de\/wp-json\/wp\/v2\/product_cat?post=5984"},{"taxonomy":"product_tag","embeddable":true,"href":"https:\/\/demo8.izveide.id.lv\/de\/wp-json\/wp\/v2\/product_tag?post=5984"}],"curies":[{"name":"wp","href":"https:\/\/api.w.org\/{rel}","templated":true}]}}