{"id":5880,"date":"2026-02-03T15:41:47","date_gmt":"2026-02-03T15:41:47","guid":{"rendered":"https:\/\/demo8.izveide.id.lv\/?post_type=product&#038;p=5880"},"modified":"2026-02-03T15:41:50","modified_gmt":"2026-02-03T15:41:50","slug":"flamil-insektenloser-code-0409","status":"publish","type":"product","link":"https:\/\/demo8.izveide.id.lv\/de\/produkt\/flamil-insektenloser-code-0409\/","title":{"rendered":"Flamil Insektenl\u00f6ser (Art.-Nr. 0409)"},"content":{"rendered":"<p><img decoding=\"async\" src=\"\/wp-content\/uploads\/2026\/01\/0409-PARENT_desc.jpg\"\/><\/p>\n<p><\/p>\n<p align=\"justify\"><b>INSEKTENL\u00d6SER<\/b><\/p>\n<p align=\"justify\"><b>FLAMIL\u00ae INSEKTENL\u00d6SER<\/b> <\/p>\n<p align=\"justify\">entfernt m\u00fchelos Insektenverunreinigungen von Scheiben, Planen und Lacken; wirkt auch bei schwersten Verschmutzungen; ersetzt vielfach notwendige mechanische Bearbeitung; ist sicher und einfach in der Handhabung; enth\u00e4lt Eiwei\u00dfl\u00f6ser. <\/p>\n<p align=\"justify\">\n<p><b>ANWENDUNGSBEREICHE<\/b> <\/p>\n<p align=\"justify\">Pkw- und Lkw-Waschstra\u00dfen, manuelle Reinigung von Scheiben, Planen, Lacken etc. <\/p>\n<p align=\"justify\">\n<p><b>VERARBEITUNGSHINWEISE<\/b> <\/p>\n<p align=\"justify\">FLAMIL\u00ae INSEKTENL\u00d6SER weder in der Sonne noch auf hei\u00dfen Oberfl\u00e4chen anwenden. <\/p>\n<p align=\"justify\">FLAMIL\u00ae INSEKTENL\u00d6SER wird 1:20 bis 1:100 mit Wasser verd\u00fcnnt und per HD-Ger\u00e4t, Handdruckspr\u00fcher oder Lanze aufgetragen. Nach kurzer Einwirkzeit erfolgt die Nachbehandlung mittels HD-Ger\u00e4t oder entsprechend starkem Wasserdruck bzw. B\u00fcrstenreinigung in der Waschhalle. Um Schleierbildung zu vermeiden, ist bei manuellem Einsatz ein gr\u00fcndliches Absp\u00fclen zu empfehlen. <\/p>\n<p align=\"justify\">\n<p><b>WEITERER HINWEIS<\/b> <\/p>\n<p align=\"justify\">Zum Erhalt der Produkteigenschaften FLAMIL\u00ae INSEKTENL\u00d6SER frostfrei lagern. Ab einer Anwendungskonzentration von 1:5 ist FLAMIL\u00ae INSEKTENL\u00d6SER nicht mehr kennzeichnungspflichtig. <\/p>\n<p align=\"justify\">\n<p><b>TECHNISCHE DATEN<\/b> <\/p>\n<p align=\"justify\">\n<p><b>Form<\/b>: fl\u00fcssig <\/p>\n<p align=\"justify\"><b>Dichte (20 \u00b0C)<\/b>: 1,05 g\/cm\u00b3 <\/p>\n<p align=\"justify\"><b>pH-Wert (Konz.)<\/b>: 11,4 <\/p>\n<p align=\"justify\"><b>Siedebereich<\/b>: &gt; 100 \u00b0C <\/p>\n<p align=\"justify\">\n<p><b>INHALTSSTOFFE<\/b>: anionische und nichtionische Tenside, Phosphate, organische Alkalien, Farbstoffe <\/p><\/p>\n","protected":false},"excerpt":{"rendered":"<p>INSEKTENL\u00d6SER FLAMIL\u00ae INSEKTENL\u00d6SER entfernt m\u00fchelos Insektenverunreinigungen von Scheiben, Planen und Lacken; wirkt auch bei schwersten Verschmutzungen; ersetzt vielfach notwendige mechanische Bearbeitung; ist sicher und einfach in der Handhabung; enth\u00e4lt Eiwei\u00dfl\u00f6ser. ANWENDUNGSBEREICHE Pkw- und Lkw-Waschstra\u00dfen, manuelle Reinigung von Scheiben, Planen, Lacken etc. VERARBEITUNGSHINWEISE FLAMIL\u00ae INSEKTENL\u00d6SER weder in der Sonne noch auf hei\u00dfen Oberfl\u00e4chen anwenden. FLAMIL\u00ae INSEKTENL\u00d6SER&#8230;<\/p>\n","protected":false},"featured_media":5881,"comment_status":"open","ping_status":"closed","template":"","meta":[],"product_brand":[337],"product_cat":[354,378,381],"product_tag":[],"class_list":{"0":"post-5880","1":"product","2":"type-product","3":"status-publish","4":"has-post-thumbnail","6":"product_brand-flore-chemie","7":"product_cat-flore-chemie-produkte","8":"product_cat-industrie-technik-maschinenbau-elektroanlagen","9":"product_cat-kfz-reinigung-und-pflege","11":"first","12":"instock","13":"shipping-taxable","14":"purchasable","15":"product-type-variable","16":"has-default-attributes"},"_links":{"self":[{"href":"https:\/\/demo8.izveide.id.lv\/de\/wp-json\/wp\/v2\/product\/5880","targetHints":{"allow":["GET"]}}],"collection":[{"href":"https:\/\/demo8.izveide.id.lv\/de\/wp-json\/wp\/v2\/product"}],"about":[{"href":"https:\/\/demo8.izveide.id.lv\/de\/wp-json\/wp\/v2\/types\/product"}],"replies":[{"embeddable":true,"href":"https:\/\/demo8.izveide.id.lv\/de\/wp-json\/wp\/v2\/comments?post=5880"}],"wp:featuredmedia":[{"embeddable":true,"href":"https:\/\/demo8.izveide.id.lv\/de\/wp-json\/wp\/v2\/media\/5881"}],"wp:attachment":[{"href":"https:\/\/demo8.izveide.id.lv\/de\/wp-json\/wp\/v2\/media?parent=5880"}],"wp:term":[{"taxonomy":"product_brand","embeddable":true,"href":"https:\/\/demo8.izveide.id.lv\/de\/wp-json\/wp\/v2\/product_brand?post=5880"},{"taxonomy":"product_cat","embeddable":true,"href":"https:\/\/demo8.izveide.id.lv\/de\/wp-json\/wp\/v2\/product_cat?post=5880"},{"taxonomy":"product_tag","embeddable":true,"href":"https:\/\/demo8.izveide.id.lv\/de\/wp-json\/wp\/v2\/product_tag?post=5880"}],"curies":[{"name":"wp","href":"https:\/\/api.w.org\/{rel}","templated":true}]}}