{"id":5868,"date":"2026-02-03T15:41:44","date_gmt":"2026-02-03T15:41:44","guid":{"rendered":"https:\/\/demo8.izveide.id.lv\/?post_type=product&#038;p=5868"},"modified":"2026-02-03T15:41:50","modified_gmt":"2026-02-03T15:41:50","slug":"boot-und-schiffsreiniger-exact-code-1426","status":"publish","type":"product","link":"https:\/\/demo8.izveide.id.lv\/de\/produkt\/boot-und-schiffsreiniger-exact-code-1426\/","title":{"rendered":"Boot- und Schiffsreiniger Exact (Art.-Nr. 1426)"},"content":{"rendered":"<p><img decoding=\"async\" src=\"\/wp-content\/uploads\/2026\/01\/1426-PARENT_desc.jpg\"\/><\/p>\n<p><p align=\"justify\" style=\"margin: 0px 0px 10px; padding: 0px; outline: 0px; border: 0px currentColor; border-image: none; text-align: justify; color: rgb(0, 0, 0); text-transform: none; line-height: 18px; text-indent: 0px; letter-spacing: normal; font-family: Arial,Helvetica,sans-serif; font-size: 14px; font-style: normal; word-spacing: 0px; white-space: normal; background-color: rgba(255, 255, 255, 0.8); font-variant-ligatures: normal; font-variant-caps: normal; -webkit-text-stroke-width: 0px; text-decoration-style: initial; text-decoration-color: initial;\"><span calibri\",sans-serif;mso-ascii-theme-font:minor-latin;mso-fareast-font-family:=\"\" calibri;mso-fareast-theme-font:minor-latin;mso-hansi-theme-font:minor-latin;=\"\" mso-ansi-language:lv;mso-fareast-language:en-us;mso-bidi-language:ar-sa\"=\"\" mso-bidi-font-family:\"times=\"\" new=\"\" roman\";mso-bidi-theme-font:minor-bidi;=\"\" style=\"line-height: 107%; font-family:; font-size: 11pt;\"><\/span><\/p>\n<p><span calibri\",sans-serif;mso-ascii-theme-font:minor-latin;mso-fareast-font-family:=\"\" calibri;mso-fareast-theme-font:minor-latin;mso-hansi-theme-font:minor-latin;=\"\" mso-ansi-language:lv;mso-fareast-language:en-us;mso-bidi-language:ar-sa\"=\"\" mso-bidi-font-family:\"times=\"\" new=\"\" roman\";mso-bidi-theme-font:minor-bidi;=\"\" style=\"line-height: 107%;\"><\/p>\n<p align=\"justify\" style=\"margin: 0px 0px 10px; padding: 0px; outline: 0px; border: 0px currentcolor; line-height: 18px; text-decoration-style: initial; text-decoration-color: initial;\"><b>BOOT- UND SCHIFFSREINIGER<\/b><\/p>\n<p style=\"text-align: justify; margin: 0cm 0cm 8pt;\"><b>BOOT- UND SCHIFFSREINIGER EXACT<\/b><\/p>\n<p align=\"justify\" style=\"margin: 0px 0px 10px; padding: 0px; outline: 0px; border: 0px currentcolor; line-height: 18px; text-decoration-style: initial; text-decoration-color: initial;\"> <span arial\",sans-serif;\"=\"\" style=\"line-height: 107%; font-family:;\">konzentrat f\u00fcr die Aussen- und Innenw\u00e4sche. L\u00f6st auch hartn\u00e4ckige Verunreinigungen wie Salzflecken, Insekten und Vogelkot. Boot- und Schiffsreiniger Exact ist geeignet zur Reinigung von Wasserfahrzeugen, Booten, Schiffen usw..<\/span><\/p>\n<p align=\"justify\" style=\"margin: 0px 0px 10px; padding: 0px; outline: 0px; border: 0px currentcolor; line-height: 18px; text-decoration-style: initial; text-decoration-color: initial;\"> <span arial\",sans-serif;\"=\"\" style=\"line-height: 107%; font-family:;\">Das produkt ist f<span style=\"letter-spacing: normal;\">\u00fc<\/span>r alle Lack-, Metall- und Kunststoffoberfl\u00e4chen geeignet. Boot- und Schiffsreiniger Exact hat ein hervorragendes Schmutzl\u00f6severm\u00f6gen und l\u00f6st selbstt\u00e4tig z.b. Algen, Moos, Nikotin, Insektenr<span style=\"letter-spacing: normal;\">\u00fc<\/span>ckst\u00e4nde und andere Anhaftungen ohne Probleme.<\/span><\/p>\n<p style=\"text-align: justify; margin: 0cm 0cm 8pt;\"><b>PRODUKTVORTEILE<\/b><\/p>\n<p align=\"justify\" style=\"margin: 0px 0px 10px; padding: 0px; outline: 0px; border: 0px currentcolor; line-height: 18px; text-decoration-style: initial; text-decoration-color: initial;\"> <span arial\",sans-serif;\"=\"\" style=\"line-height: 107%; font-family:;\">\u2022 Hoch konzentriert.<\/span><\/p>\n<p align=\"justify\" style=\"margin: 0px 0px 10px; padding: 0px; outline: 0px; border: 0px currentcolor; line-height: 18px; text-decoration-style: initial; text-decoration-color: initial;\"> <span arial\",sans-serif;\"=\"\" style=\"line-height: 107%; font-family:;\">\u2022 F\u00fcr die Binnen- und Seeschifffahrt entwickelt.<\/span><\/p>\n<p align=\"justify\" style=\"margin: 0px 0px 10px; padding: 0px; outline: 0px; border: 0px currentcolor; line-height: 18px; text-decoration-style: initial; text-decoration-color: initial;\"> <span arial\",sans-serif;\"=\"\" style=\"line-height: 107%; font-family:;\">\u2022 Sparsam im Verbrauch.<\/span><\/p>\n<p align=\"justify\" style=\"margin: 0px 0px 10px; padding: 0px; outline: 0px; border: 0px currentcolor; line-height: 18px; text-decoration-style: initial; text-decoration-color: initial;\"> <span arial\",sans-serif;\"=\"\" style=\"line-height: 107%; font-family:;\">\u2022 Wirkungsvoll und schonen.<span style=\"mso-spacerun: yes;\"> <\/span><\/span><\/p>\n<p align=\"justify\" style=\"margin: 0px 0px 10px; padding: 0px; outline: 0px; border: 0px currentcolor; line-height: 18px; text-decoration-style: initial; text-decoration-color: initial;\"> <span arial\",sans-serif;\"=\"\" style=\"line-height: 107%; font-family:;\">\u2022 Umweltgerechte Formulierung.<\/span><\/p>\n<p style=\"text-align: justify; margin: 0cm 0cm 8pt;\"><span arial\",sans-serif;\"=\"\" style=\"line-height: 107%; font-family:;\"><\/p>\n<p><b>ANWENDUNG<\/b> <\/span><\/p>\n<p align=\"justify\" style=\"margin: 0px 0px 10px; padding: 0px; outline: 0px; border: 0px currentcolor; line-height: 18px; text-decoration-style: initial; text-decoration-color: initial;\"> <span arial\",sans-serif;\"=\"\" style=\"line-height: 107%; font-family:;\">normale Verschmutzung: 1 : 10 bis 1 : 50<\/span><\/p>\n<p align=\"justify\" style=\"margin: 0px 0px 10px; padding: 0px; outline: 0px; border: 0px currentcolor; line-height: 18px; text-decoration-style: initial; text-decoration-color: initial;\"> <span arial\",sans-serif;\"=\"\" style=\"line-height: 107%; font-family:;\">sehr starke Verschmutzung: 1 : 5 bis 1 : 20<\/span><\/p>\n<p style=\"text-align: justify; margin: 0cm 0cm 8pt;\"><span arial\",sans-serif;\"=\"\" style=\"line-height: 107%; font-family:;\"><\/p>\n<p><b>BESONDERE HINWEISE<\/b> <\/span><\/p>\n<p align=\"justify\" style=\"margin: 0px 0px 10px; padding: 0px; outline: 0px; border: 0px currentcolor; line-height: 18px; text-decoration-style: initial; text-decoration-color: initial;\"> <span arial\",sans-serif;\"=\"\" style=\"line-height: 107%; font-family:;\">Boot- und Schiffsreiniger Exact ist das Allround-Talent f\u00fcr die Schifffahrt. Mit diesem Produkt k\u00f6nnen sie von Rumpf, Oberdeck bis Unterdeck alle Reinigungsarbeiten erledigen. Selbst das Waschen von Gardinen ist mit Boot- und Schiffsreiniger Exact kein Problem!<\/span><\/p>\n<p style=\"text-align: justify; margin: 0cm 0cm 8pt;\">\n<p><b>TECHNISCHE DATEN<\/b><\/p>\n<p align=\"justify\" style=\"margin: 0px 0px 10px; padding: 0px; outline: 0px; border: 0px currentcolor; line-height: 18px; text-decoration-style: initial; text-decoration-color: initial;\"> <span arial\",sans-serif;\"=\"\" style=\"line-height: 107%; font-family:;\"><\/p>\n<p><b>Form<\/b>: fl\u00fcssig<\/span><\/p>\n<p align=\"justify\" style=\"margin: 0px 0px 10px; padding: 0px; outline: 0px; border: 0px currentcolor; line-height: 18px; text-decoration-style: initial; text-decoration-color: initial;\"> <span arial\",sans-serif;\"=\"\" style=\"line-height: 107%; font-family:;\"><b>Dichte (20 \u00b0C)<\/b>: ca. 1,05 cm\u00b3<\/span><\/p>\n<p align=\"justify\" style=\"margin: 0px 0px 10px; padding: 0px; outline: 0px; border: 0px currentcolor; line-height: 18px; text-decoration-style: initial; text-decoration-color: initial;\"> <span arial\",sans-serif;\"=\"\" style=\"line-height: 107%; font-family:;\"><b>Siedebereich<\/b>: &gt; 100 \u00b0C<\/span><\/p>\n<p align=\"justify\" style=\"margin: 0px 0px 10px; padding: 0px; outline: 0px; border: 0px currentcolor; line-height: 18px; text-decoration-style: initial; text-decoration-color: initial;\"> <span arial\",sans-serif;\"=\"\" style=\"line-height: 107%; font-family:;\"><b>pH-Wert (Konz.)<\/b>: ca. 11<\/span><\/p>\n<p align=\"justify\" style=\"margin: 0px 0px 10px; padding: 0px; outline: 0px; border: 0px currentcolor; line-height: 18px; text-decoration-style: initial; text-decoration-color: initial;\"> <span ar-sa;\"=\"\" arial\",sans-serif;=\"\" calibri;=\"\" en-us;=\"\" lv;=\"\" minor-latin;=\"\" style=\"line-height: 107%;\"><\/p>\n<p><b>INHALTSSTOFFE<\/b>: &lt;5 % anionische Tenside, Phosphate. Ferner sind enthalten: Farb- und Duftstoffe<span calibri\",sans-serif;mso-ascii-theme-font:minor-latin;mso-fareast-font-family:=\"\" calibri;mso-fareast-theme-font:minor-latin;mso-hansi-theme-font:minor-latin;=\"\" mso-ansi-language:lv;mso-fareast-language:en-us;mso-bidi-language:ar-sa\"=\"\" mso-bidi-font-family:\"times=\"\" new=\"\" roman\";mso-bidi-theme-font:minor-bidi;=\"\" style=\"color: rgb(0, 0, 0); font-family: Arial, Helvetica, sans-serif; font-size: 11pt; font-style: normal; font-variant-ligatures: normal; font-variant-caps: normal; letter-spacing: normal; text-transform: none; white-space: normal; word-spacing: 0px; -webkit-text-stroke-width: 0px; background-color: rgba(255, 255, 255, 0.8); line-height: 107%;\"><span \"times=\"\" 11pt;=\"\" ar-sa;=\"\" calibri\",sans-serif;=\"\" calibri;=\"\" en-us;=\"\" lv;=\"\" minor-bidi;\"=\"\" minor-latin;=\"\" new=\"\" roman\";=\"\" style=\"line-height: 107%; font-family:;\"><span \"times=\"\" ar-sa;=\"\" calibri\",sans-serif;=\"\" calibri;=\"\" en-us;=\"\" lv;=\"\" minor-bidi;\"=\"\" minor-latin;=\"\" new=\"\" roman\";=\"\" style=\"line-height: 107%; font-family:;\"><span \"times=\"\" 11pt;=\"\" ar-sa;=\"\" calibri\",sans-serif;=\"\" calibri;=\"\" en-us;=\"\" lv;=\"\" minor-bidi;\"=\"\" minor-latin;=\"\" new=\"\" roman\";=\"\" style=\"line-height: 107%; font-family:;\"><strong><br \/><\/strong><\/span><\/span><\/span><\/span><\/span><\/p>\n<p><\/span><\/p>\n","protected":false},"excerpt":{"rendered":"<p>BOOT- UND SCHIFFSREINIGER BOOT- UND SCHIFFSREINIGER EXACT konzentrat f\u00fcr die Aussen- und Innenw\u00e4sche. L\u00f6st auch hartn\u00e4ckige Verunreinigungen wie Salzflecken, Insekten und Vogelkot. Boot- und Schiffsreiniger Exact ist geeignet zur Reinigung von Wasserfahrzeugen, Booten, Schiffen usw.. Das produkt ist f\u00fcr alle Lack-, Metall- und Kunststoffoberfl\u00e4chen geeignet. Boot- und Schiffsreiniger Exact hat ein hervorragendes Schmutzl\u00f6severm\u00f6gen und l\u00f6st&#8230;<\/p>\n","protected":false},"featured_media":5869,"comment_status":"open","ping_status":"closed","template":"","meta":[],"product_brand":[337],"product_cat":[354,378,384],"product_tag":[],"class_list":{"0":"post-5868","1":"product","2":"type-product","3":"status-publish","4":"has-post-thumbnail","6":"product_brand-flore-chemie","7":"product_cat-flore-chemie-produkte","8":"product_cat-industrie-technik-maschinenbau-elektroanlagen","9":"product_cat-spezialprodukte-fuer-boot-und-schiffs","11":"first","12":"instock","13":"shipping-taxable","14":"purchasable","15":"product-type-variable","16":"has-default-attributes"},"_links":{"self":[{"href":"https:\/\/demo8.izveide.id.lv\/de\/wp-json\/wp\/v2\/product\/5868","targetHints":{"allow":["GET"]}}],"collection":[{"href":"https:\/\/demo8.izveide.id.lv\/de\/wp-json\/wp\/v2\/product"}],"about":[{"href":"https:\/\/demo8.izveide.id.lv\/de\/wp-json\/wp\/v2\/types\/product"}],"replies":[{"embeddable":true,"href":"https:\/\/demo8.izveide.id.lv\/de\/wp-json\/wp\/v2\/comments?post=5868"}],"wp:featuredmedia":[{"embeddable":true,"href":"https:\/\/demo8.izveide.id.lv\/de\/wp-json\/wp\/v2\/media\/5869"}],"wp:attachment":[{"href":"https:\/\/demo8.izveide.id.lv\/de\/wp-json\/wp\/v2\/media?parent=5868"}],"wp:term":[{"taxonomy":"product_brand","embeddable":true,"href":"https:\/\/demo8.izveide.id.lv\/de\/wp-json\/wp\/v2\/product_brand?post=5868"},{"taxonomy":"product_cat","embeddable":true,"href":"https:\/\/demo8.izveide.id.lv\/de\/wp-json\/wp\/v2\/product_cat?post=5868"},{"taxonomy":"product_tag","embeddable":true,"href":"https:\/\/demo8.izveide.id.lv\/de\/wp-json\/wp\/v2\/product_tag?post=5868"}],"curies":[{"name":"wp","href":"https:\/\/api.w.org\/{rel}","templated":true}]}}