{"id":5827,"date":"2026-02-03T15:41:27","date_gmt":"2026-02-03T15:41:27","guid":{"rendered":"https:\/\/demo8.izveide.id.lv\/?post_type=product&#038;p=5827"},"modified":"2026-02-03T15:41:35","modified_gmt":"2026-02-03T15:41:35","slug":"flamil-4-phosphatfrei-code-0182","status":"publish","type":"product","link":"https:\/\/demo8.izveide.id.lv\/de\/produkt\/flamil-4-phosphatfrei-code-0182\/","title":{"rendered":"Flamil 4 Phosphatfrei (Art.-Nr. 0182)"},"content":{"rendered":"<p><img decoding=\"async\" src=\"\/wp-content\/uploads\/2026\/01\/0182-PARENT_desc.jpg\"\/><\/p>\n<p><b>pH-NEUTRALER INDUSTRIEREINIGER<\/b><\/p>\n<p><b>EIGENSCHAFTEN<\/b>\u2022 pH-neutral, phosphatfrei.\u2022 frei von organischen L\u00f6semitteln.\u2022 entwickelt keine gef\u00e4hrlichen D\u00e4mpfe bei Erhitzung auf \u00fcber 100 \u00b0C.\u2022 l\u00f6st und entfernt schnell und sicher Fette, \u00d6le, Ru\u00df und \u00e4hnliche Verschmutzungen.\u2022 greift keine Metalle, Glas, Kunststoffe und Lacke an.<b>EINSATZGEBIETE<\/b>Von der manuellen Reinigung \u00fcber Reinigungsmaschinen, Dampfstrahler bis hin zu Tauchb\u00e4dern gefahrlos einsetzbar.<\/p>\n<p><b>ANWENDUNG<\/b>\u2022 mu\u00df je nach Art der Anwendung 1:10 bis 1:500 mit Wasser verd\u00fcnnt werden.\u2022 frostfrei lagern.<b>BEMERKUNG<\/b>Durch die totale Entfettung der zu reinigenden Gegenst\u00e4nde besteht f\u00fcr nicht korrosionsbest\u00e4ndige Teile erh\u00f6hte Gefahr von Flugrostbildung. F\u00fcr diesen Fall bieten wir Flamil 4 mit Rostschutz (Prod.-Nr. 0183) an.<\/p>\n<p><b>TECHNISCHE DATEN<\/b><\/p>\n<p><b>Form<\/b>: fl\u00fcssig<b>Dichte (20 \u00b0C)<\/b>: 1,01 &#8211; 1,03 g\/ml<b>Siedebereich<\/b>: &gt; 100 \u00b0C<b>pH-Wert (Konz:)<\/b>: 8,8 &#8211; 9,4<b>pH- Wert (1 %ig)<\/b>: 7,0 &#8211; 7,6<\/p>\n<p><b>INHALTSSTOFFE<\/b>: anionische und nichtionische Tenside, L\u00f6severmittler, Komplexbildner, Duftstoffe<\/p>\n","protected":false},"excerpt":{"rendered":"<p>pH-NEUTRALER INDUSTRIEREINIGER EIGENSCHAFTEN\u2022 pH-neutral, phosphatfrei.\u2022 frei von organischen L\u00f6semitteln.\u2022 entwickelt keine gef\u00e4hrlichen D\u00e4mpfe bei Erhitzung auf \u00fcber 100 \u00b0C.\u2022 l\u00f6st und entfernt schnell und sicher Fette, \u00d6le, Ru\u00df und \u00e4hnliche Verschmutzungen.\u2022 greift keine Metalle, Glas, Kunststoffe und Lacke an.EINSATZGEBIETEVon der manuellen Reinigung \u00fcber Reinigungsmaschinen, Dampfstrahler bis hin zu Tauchb\u00e4dern gefahrlos einsetzbar. ANWENDUNG\u2022 mu\u00df je nach&#8230;<\/p>\n","protected":false},"featured_media":5828,"comment_status":"open","ping_status":"closed","template":"","meta":[],"product_brand":[337],"product_cat":[354,378,387],"product_tag":[],"class_list":{"0":"post-5827","1":"product","2":"type-product","3":"status-publish","4":"has-post-thumbnail","6":"product_brand-flore-chemie","7":"product_cat-flore-chemie-produkte","8":"product_cat-industrie-technik-maschinenbau-elektroanlagen","9":"product_cat-spezialprodukte-fuer-reinigung-und-pflege","11":"first","12":"instock","13":"shipping-taxable","14":"purchasable","15":"product-type-variable","16":"has-default-attributes"},"_links":{"self":[{"href":"https:\/\/demo8.izveide.id.lv\/de\/wp-json\/wp\/v2\/product\/5827","targetHints":{"allow":["GET"]}}],"collection":[{"href":"https:\/\/demo8.izveide.id.lv\/de\/wp-json\/wp\/v2\/product"}],"about":[{"href":"https:\/\/demo8.izveide.id.lv\/de\/wp-json\/wp\/v2\/types\/product"}],"replies":[{"embeddable":true,"href":"https:\/\/demo8.izveide.id.lv\/de\/wp-json\/wp\/v2\/comments?post=5827"}],"wp:featuredmedia":[{"embeddable":true,"href":"https:\/\/demo8.izveide.id.lv\/de\/wp-json\/wp\/v2\/media\/5828"}],"wp:attachment":[{"href":"https:\/\/demo8.izveide.id.lv\/de\/wp-json\/wp\/v2\/media?parent=5827"}],"wp:term":[{"taxonomy":"product_brand","embeddable":true,"href":"https:\/\/demo8.izveide.id.lv\/de\/wp-json\/wp\/v2\/product_brand?post=5827"},{"taxonomy":"product_cat","embeddable":true,"href":"https:\/\/demo8.izveide.id.lv\/de\/wp-json\/wp\/v2\/product_cat?post=5827"},{"taxonomy":"product_tag","embeddable":true,"href":"https:\/\/demo8.izveide.id.lv\/de\/wp-json\/wp\/v2\/product_tag?post=5827"}],"curies":[{"name":"wp","href":"https:\/\/api.w.org\/{rel}","templated":true}]}}