{"id":5821,"date":"2026-02-03T15:41:26","date_gmt":"2026-02-03T15:41:26","guid":{"rendered":"https:\/\/demo8.izveide.id.lv\/?post_type=product&#038;p=5821"},"modified":"2026-02-03T15:41:35","modified_gmt":"2026-02-03T15:41:35","slug":"flamil-75-code-0075","status":"publish","type":"product","link":"https:\/\/demo8.izveide.id.lv\/de\/produkt\/flamil-75-code-0075\/","title":{"rendered":"Flamil 75 (Art.-Nr. 0075)"},"content":{"rendered":"<p><img decoding=\"async\" src=\"\/wp-content\/uploads\/2026\/01\/0075-PARENT_desc.jpg\"\/><\/p>\n<p><b>HOCHLEISTUNGSENTFETTER<\/b> <\/p>\n<p align=\"justify\"><b>FLAMIL\u00ae 75<\/b> <br \/>wird u.a. zur Metallentfettung eingesetzt und l\u00f6st hartn\u00e4ckigste Ablagerungen wie verharzte Fette, \u00d6le, Ru\u00df, Druckfarben sowie Moder und Schimmel und hinterl\u00e4sst eine absolut fettfreie Oberfl\u00e4che. Flamil\u00ae 75 ist hoch konzentriert und dadurch sehr wirtschaftlich, dabei umweltfreundlich und frei von AOX. <\/p>\n<p><b>ANWENDUNGSBEREICHE<\/b> <br \/>Maschinen, Industriefu\u00dfb\u00f6den, Motoren, Lkw, Kr\u00e4ne, Fassaden, Stra\u00dfentunnel, Fliesen, Kacheln, Heizkessel, Brenner etc. <\/p>\n<p><b>VERARBEITUNGSHINWEISE<\/b> <br \/>Flamil\u00ae 75 kann im Tauch-, Wisch-, Spr\u00fch- oder Sch\u00e4umerverfahren eingesetzt werden. Je nach Anwendungsbereich 1:10 bis 1:200 verd\u00fcnnen. Eine erh\u00f6hte Wassertemperatur steigert die Reinigungskraft. <\/p>\n<p><b>WEITERE HINWEISE<\/b> <br \/>Nicht zur Reinigung von Leicht- und Buntmetallen geeignet. Vor dem Einsatz auf nicht genannten Materialien Vortest an verdeckter Stelle durchf\u00fchren. Zum Erhalt der Produkteigenschaften Flamil\u00ae 75 frostfrei lagern. <\/p>\n<p><b>TECHNISCHE DATEN<\/b> <\/p>\n<p><b>Form<\/b>: fl\u00fcssig <br \/><b>Dichte (20 \u00b0C)<\/b>: ca. 1,18 g\/ml <br \/><b>pH-Wert (Konz.)<\/b>: &gt; 13 <br \/><b>pH-Wert (1 %ig)<\/b>: 12,5 <br \/><b>Siedebereich<\/b>: &gt; 100 \u00b0C <\/p>\n<p><b>INHALTSSTOFFE<\/b>: anionische und nichtionische Tenside, Metasilikat, Alkanolamine, Alkalihydroxid<\/p><\/p>\n","protected":false},"excerpt":{"rendered":"<p>HOCHLEISTUNGSENTFETTER FLAMIL\u00ae 75 wird u.a. zur Metallentfettung eingesetzt und l\u00f6st hartn\u00e4ckigste Ablagerungen wie verharzte Fette, \u00d6le, Ru\u00df, Druckfarben sowie Moder und Schimmel und hinterl\u00e4sst eine absolut fettfreie Oberfl\u00e4che. Flamil\u00ae 75 ist hoch konzentriert und dadurch sehr wirtschaftlich, dabei umweltfreundlich und frei von AOX. ANWENDUNGSBEREICHE Maschinen, Industriefu\u00dfb\u00f6den, Motoren, Lkw, Kr\u00e4ne, Fassaden, Stra\u00dfentunnel, Fliesen, Kacheln, Heizkessel, Brenner&#8230;<\/p>\n","protected":false},"featured_media":5822,"comment_status":"open","ping_status":"closed","template":"","meta":[],"product_brand":[337],"product_cat":[354,378,387],"product_tag":[],"class_list":{"0":"post-5821","1":"product","2":"type-product","3":"status-publish","4":"has-post-thumbnail","6":"product_brand-flore-chemie","7":"product_cat-flore-chemie-produkte","8":"product_cat-industrie-technik-maschinenbau-elektroanlagen","9":"product_cat-spezialprodukte-fuer-reinigung-und-pflege","11":"first","12":"instock","13":"shipping-taxable","14":"purchasable","15":"product-type-variable","16":"has-default-attributes"},"_links":{"self":[{"href":"https:\/\/demo8.izveide.id.lv\/de\/wp-json\/wp\/v2\/product\/5821","targetHints":{"allow":["GET"]}}],"collection":[{"href":"https:\/\/demo8.izveide.id.lv\/de\/wp-json\/wp\/v2\/product"}],"about":[{"href":"https:\/\/demo8.izveide.id.lv\/de\/wp-json\/wp\/v2\/types\/product"}],"replies":[{"embeddable":true,"href":"https:\/\/demo8.izveide.id.lv\/de\/wp-json\/wp\/v2\/comments?post=5821"}],"wp:featuredmedia":[{"embeddable":true,"href":"https:\/\/demo8.izveide.id.lv\/de\/wp-json\/wp\/v2\/media\/5822"}],"wp:attachment":[{"href":"https:\/\/demo8.izveide.id.lv\/de\/wp-json\/wp\/v2\/media?parent=5821"}],"wp:term":[{"taxonomy":"product_brand","embeddable":true,"href":"https:\/\/demo8.izveide.id.lv\/de\/wp-json\/wp\/v2\/product_brand?post=5821"},{"taxonomy":"product_cat","embeddable":true,"href":"https:\/\/demo8.izveide.id.lv\/de\/wp-json\/wp\/v2\/product_cat?post=5821"},{"taxonomy":"product_tag","embeddable":true,"href":"https:\/\/demo8.izveide.id.lv\/de\/wp-json\/wp\/v2\/product_tag?post=5821"}],"curies":[{"name":"wp","href":"https:\/\/api.w.org\/{rel}","templated":true}]}}