{"id":5755,"date":"2026-02-03T15:41:00","date_gmt":"2026-02-03T15:41:00","guid":{"rendered":"https:\/\/demo8.izveide.id.lv\/?post_type=product&#038;p=5755"},"modified":"2026-02-03T15:41:01","modified_gmt":"2026-02-03T15:41:01","slug":"florin-ar-code-0019","status":"publish","type":"product","link":"https:\/\/demo8.izveide.id.lv\/de\/produkt\/florin-ar-code-0019\/","title":{"rendered":"Florin AR (Art.-Nr. 0019)"},"content":{"rendered":"<p><img decoding=\"async\" src=\"\/wp-content\/uploads\/2026\/01\/0019-PARENT_desc.jpg\"\/><\/p>\n<p><b>ALUMINIUM-REINIGER<\/b><span style=\"padding: 0cm; border: 1pt windowtext;\"><b>FLORIN\u00ae A-R<\/b> <\/span><span style=\"padding: 0cm; border: 1pt windowtext;\">ist umweltvertr\u00e4glich und biologisch abbaubar, korrodierte Fl\u00e4chen werden wieder metallisch gl\u00e4nzend. <\/span><span style=\"padding: 0cm; border: 1pt windowtext;\">FLORIN\u00ae A-R hellt stumpfe und dunkle Oberfl\u00e4chen wieder auf, spezielle Konservierungsmittel wirken pflegend. Korrosionsschutzmittel unterbinden direkte Reaktionen mit Metallen und Lacken. <\/span><span style=\"padding: 0cm; border: 1pt windowtext;\"><\/p>\n<p><b>ANWENDUNGSBEREICHE<\/b> <\/span><span style=\"padding: 0cm; border: 1pt windowtext;\">Aluminiumaufbauten an Kraftfahrzeugen, Chassis, Aluminiumfelgen, Container und Entsorgungsbeh\u00e4lter, Geb\u00e4udeverkleidungen, Tore, Gitter und Roste aus Aluminium u.v.m. <\/span><span style=\"padding: 0cm; border: 1pt windowtext;\"><\/p>\n<p><b>VERARBEITUNGSHINWEISE<\/b> <\/span><span style=\"padding: 0cm; border: 1pt windowtext;\">FLORIN\u00ae A-R muss mit Wasser verd\u00fcnnt werden. Je nach Verschmutzung dem Konzentrat bei der Grundreinigung die 1- bis 3-fache Menge an Wasser zugeben. Bei regelm\u00e4\u00dfiger Anwendung gen\u00fcgt eine Verd\u00fcnnung von 1:25. FLORIN\u00ae A-R mit B\u00fcrste oder Schwamm auftragen und mehrere Minuten einwirken lassen. Anschlie\u00dfend mit gen\u00fcgend klarem Wasser absp\u00fclen. <\/span><span style=\"padding: 0cm; border: 1pt windowtext;\"><\/p>\n<p><b>WEITERER HINWEIS<\/b> <\/span><span style=\"padding: 0cm; border: 1pt windowtext;\">Insbesondere bei eloxiertem Aluminium Vorversuch an verdeckter Stelle vornehmen. Ab einer Anwendungskonzentration von 1:10 ist FLORIN\u00ae A-R nicht mehr kennzeichnungspflichtig. <\/span><span style=\"padding: 0cm; border: 1pt windowtext;\"><\/p>\n<p><b>TECHNISCHE DATEN<\/b> <\/span><span style=\"padding: 0cm; border: 1pt windowtext;\"><\/p>\n<p><b>Form<\/b>: fl\u00fcssig <\/span><span style=\"padding: 0cm; border: 1pt windowtext;\"><b>Geruch<\/b>: produktspezifisch, leicht glykolisch <\/span><span style=\"padding: 0cm; border: 1pt windowtext;\"><b>Dichte (20 \u00b0C)<\/b>: ca. 1,13 g\/ml <\/span><span style=\"padding: 0cm; border: 1pt windowtext;\"><b>pH-Wert (Konz)<\/b>: &lt; 1 <\/span><span style=\"padding: 0cm; border: 1pt windowtext;\"><b>pH-Wert (1%ig)<\/b>: ca. 2 <\/span><span style=\"padding: 0cm; border: 1pt windowtext;\"><\/p>\n<p><b>INHALTSSTOFFE<\/b>: w\u00e4ssrige, saure L\u00f6sung, mineralische und organische S\u00e4uren, nichtionischen Tensiden, Korrosionsinhibitoren<\/span><\/p>\n","protected":false},"excerpt":{"rendered":"<p>ALUMINIUM-REINIGERFLORIN\u00ae A-R ist umweltvertr\u00e4glich und biologisch abbaubar, korrodierte Fl\u00e4chen werden wieder metallisch gl\u00e4nzend. FLORIN\u00ae A-R hellt stumpfe und dunkle Oberfl\u00e4chen wieder auf, spezielle Konservierungsmittel wirken pflegend. Korrosionsschutzmittel unterbinden direkte Reaktionen mit Metallen und Lacken. ANWENDUNGSBEREICHE Aluminiumaufbauten an Kraftfahrzeugen, Chassis, Aluminiumfelgen, Container und Entsorgungsbeh\u00e4lter, Geb\u00e4udeverkleidungen, Tore, Gitter und Roste aus Aluminium u.v.m. VERARBEITUNGSHINWEISE FLORIN\u00ae A-R muss&#8230;<\/p>\n","protected":false},"featured_media":5756,"comment_status":"open","ping_status":"closed","template":"","meta":[],"product_brand":[337],"product_cat":[354,378,390],"product_tag":[],"class_list":{"0":"post-5755","1":"product","2":"type-product","3":"status-publish","4":"has-post-thumbnail","6":"product_brand-flore-chemie","7":"product_cat-flore-chemie-produkte","8":"product_cat-industrie-technik-maschinenbau-elektroanlagen","9":"product_cat-schutz-und-pflege-fuer-technik-rostentferner-elektroreiniger","11":"first","12":"instock","13":"shipping-taxable","14":"purchasable","15":"product-type-variable","16":"has-default-attributes"},"_links":{"self":[{"href":"https:\/\/demo8.izveide.id.lv\/de\/wp-json\/wp\/v2\/product\/5755","targetHints":{"allow":["GET"]}}],"collection":[{"href":"https:\/\/demo8.izveide.id.lv\/de\/wp-json\/wp\/v2\/product"}],"about":[{"href":"https:\/\/demo8.izveide.id.lv\/de\/wp-json\/wp\/v2\/types\/product"}],"replies":[{"embeddable":true,"href":"https:\/\/demo8.izveide.id.lv\/de\/wp-json\/wp\/v2\/comments?post=5755"}],"wp:featuredmedia":[{"embeddable":true,"href":"https:\/\/demo8.izveide.id.lv\/de\/wp-json\/wp\/v2\/media\/5756"}],"wp:attachment":[{"href":"https:\/\/demo8.izveide.id.lv\/de\/wp-json\/wp\/v2\/media?parent=5755"}],"wp:term":[{"taxonomy":"product_brand","embeddable":true,"href":"https:\/\/demo8.izveide.id.lv\/de\/wp-json\/wp\/v2\/product_brand?post=5755"},{"taxonomy":"product_cat","embeddable":true,"href":"https:\/\/demo8.izveide.id.lv\/de\/wp-json\/wp\/v2\/product_cat?post=5755"},{"taxonomy":"product_tag","embeddable":true,"href":"https:\/\/demo8.izveide.id.lv\/de\/wp-json\/wp\/v2\/product_tag?post=5755"}],"curies":[{"name":"wp","href":"https:\/\/api.w.org\/{rel}","templated":true}]}}