{"id":5745,"date":"2026-02-03T15:40:57","date_gmt":"2026-02-03T15:40:57","guid":{"rendered":"https:\/\/demo8.izveide.id.lv\/?post_type=product&#038;p=5745"},"modified":"2026-02-03T15:41:01","modified_gmt":"2026-02-03T15:41:01","slug":"floral-54-code-0167","status":"publish","type":"product","link":"https:\/\/demo8.izveide.id.lv\/de\/produkt\/floral-54-code-0167\/","title":{"rendered":"Floral 54 (Art.-Nr. 0167)"},"content":{"rendered":"<p><img decoding=\"async\" src=\"\/wp-content\/uploads\/2026\/01\/0167-PARENT_desc.jpg\"\/><\/p>\n<p><span style=\"padding: 0cm; border: 1pt windowtext;\"><\/p>\n<p><b>EIGENSCHAFTEN<\/b> <\/span><span style=\"padding: 0cm; border: 1pt windowtext;\">&#8211; schwach saures Entfettungs- und Phosphatierungsmittel.<\/span><span style=\"padding: 0cm; border: 1pt windowtext;\">&#8211; Durch spezielle Kombination der Inhaltsstoffe wird auf Stahl neben des Phosphatschichtaufbaus eine ausgezeichnete Reinigung erzielt.<\/span><span style=\"padding: 0cm; border: 1pt windowtext;\">&#8211; erzeugt blaue bis graue Phosphatschichten.<\/span><span style=\"padding: 0cm; border: 1pt windowtext;\">&#8211; Spezielle Inhibitoren vermeiden eine Nachrostung von Eisengu\u00df weitgehend.<\/span><span style=\"padding: 0cm; border: 1pt windowtext;\">&#8211; Eine anschlie\u00dfende Lackierung wird nicht beeinflusst.<\/span><span style=\"padding: 0cm; border: 1pt windowtext;\"><b>EINSATZGEBIETE<\/b> <\/span><span style=\"padding: 0cm; border: 1pt windowtext;\">&#8211; kombiniertes Entfettungs- und Phosphatierungsmittel f\u00fcr Dampfstrahl- und HD-Ger\u00e4te.<\/span><span style=\"padding: 0cm; border: 1pt windowtext;\"><\/p>\n<p><b>ANWENDUNG<\/b> <\/span><span style=\"padding: 0cm; border: 1pt windowtext;\">&#8211; 2,5 &#8211; 20% im Vorratsbeh\u00e4lter, 0,6 &#8211; 1% bei Verarbeitung mit der Lanze.<\/span><span style=\"padding: 0cm; border: 1pt windowtext;\">&#8211; Bei Unter- bzw. \u00dcberschreitung der Konzentrationen kann beim Abtrocknen der Teile Rost auftreten.<\/span><span style=\"padding: 0cm; border: 1pt windowtext;\"><\/p>\n<p><b>TECHNISCHE DATEN<\/b> <\/span><span style=\"padding: 0cm; border: 1pt windowtext;\"><\/p>\n<p><b>Form<\/b>: fl\u00fcssig <\/span><span style=\"padding: 0cm; border: 1pt windowtext;\"><b>Dichte (20 \u00b0C)<\/b>: ca. 1,16 &#8211; 1,19g\/cm\u00b3 <\/span><span style=\"padding: 0cm; border: 1pt windowtext;\"><b>pH-Wert (1%ig)<\/b>: ca. 2,8 &#8211; 3,6 <\/span><span style=\"padding: 0cm; border: 1pt windowtext;\"><\/p>\n<p><b>INHALTSSTOFFE<\/b>: Phosphors\u00e4ure, Phosphate, Beschleuniger, nichtionische Tenside, Phosphors\u00e4ureester<\/span><\/p>\n","protected":false},"excerpt":{"rendered":"<p>EIGENSCHAFTEN &#8211; schwach saures Entfettungs- und Phosphatierungsmittel.&#8211; Durch spezielle Kombination der Inhaltsstoffe wird auf Stahl neben des Phosphatschichtaufbaus eine ausgezeichnete Reinigung erzielt.&#8211; erzeugt blaue bis graue Phosphatschichten.&#8211; Spezielle Inhibitoren vermeiden eine Nachrostung von Eisengu\u00df weitgehend.&#8211; Eine anschlie\u00dfende Lackierung wird nicht beeinflusst.EINSATZGEBIETE &#8211; kombiniertes Entfettungs- und Phosphatierungsmittel f\u00fcr Dampfstrahl- und HD-Ger\u00e4te. ANWENDUNG &#8211; 2,5 &#8211; 20%&#8230;<\/p>\n","protected":false},"featured_media":5746,"comment_status":"open","ping_status":"closed","template":"","meta":[],"product_brand":[337],"product_cat":[354,378,390],"product_tag":[],"class_list":{"0":"post-5745","1":"product","2":"type-product","3":"status-publish","4":"has-post-thumbnail","6":"product_brand-flore-chemie","7":"product_cat-flore-chemie-produkte","8":"product_cat-industrie-technik-maschinenbau-elektroanlagen","9":"product_cat-schutz-und-pflege-fuer-technik-rostentferner-elektroreiniger","11":"first","12":"instock","13":"shipping-taxable","14":"purchasable","15":"product-type-variable","16":"has-default-attributes"},"_links":{"self":[{"href":"https:\/\/demo8.izveide.id.lv\/de\/wp-json\/wp\/v2\/product\/5745","targetHints":{"allow":["GET"]}}],"collection":[{"href":"https:\/\/demo8.izveide.id.lv\/de\/wp-json\/wp\/v2\/product"}],"about":[{"href":"https:\/\/demo8.izveide.id.lv\/de\/wp-json\/wp\/v2\/types\/product"}],"replies":[{"embeddable":true,"href":"https:\/\/demo8.izveide.id.lv\/de\/wp-json\/wp\/v2\/comments?post=5745"}],"wp:featuredmedia":[{"embeddable":true,"href":"https:\/\/demo8.izveide.id.lv\/de\/wp-json\/wp\/v2\/media\/5746"}],"wp:attachment":[{"href":"https:\/\/demo8.izveide.id.lv\/de\/wp-json\/wp\/v2\/media?parent=5745"}],"wp:term":[{"taxonomy":"product_brand","embeddable":true,"href":"https:\/\/demo8.izveide.id.lv\/de\/wp-json\/wp\/v2\/product_brand?post=5745"},{"taxonomy":"product_cat","embeddable":true,"href":"https:\/\/demo8.izveide.id.lv\/de\/wp-json\/wp\/v2\/product_cat?post=5745"},{"taxonomy":"product_tag","embeddable":true,"href":"https:\/\/demo8.izveide.id.lv\/de\/wp-json\/wp\/v2\/product_tag?post=5745"}],"curies":[{"name":"wp","href":"https:\/\/api.w.org\/{rel}","templated":true}]}}