{"id":5692,"date":"2026-02-03T15:40:38","date_gmt":"2026-02-03T15:40:38","guid":{"rendered":"https:\/\/demo8.izveide.id.lv\/?post_type=product&#038;p=5692"},"modified":"2026-02-03T15:40:39","modified_gmt":"2026-02-03T15:40:39","slug":"flore-gleisbahnfett-code-0865","status":"publish","type":"product","link":"https:\/\/demo8.izveide.id.lv\/de\/produkt\/flore-gleisbahnfett-code-0865\/","title":{"rendered":"Flore Gleisbahnfett (Art.-Nr. 0865)"},"content":{"rendered":"<p><img decoding=\"async\" src=\"\/wp-content\/uploads\/2026\/01\/0865-PARENT_desc.jpg\"\/><\/p>\n<p><b>CALCIUMVERSEIFTES SCHMIERFETT<\/b><b>FLORE GLEISBAHNFETT<\/b>ist ein calciumverseiftes Schmierfett, auf Basis biologisch abbaubarer Grund\u00f6le, verg\u00fctet mit Graphit. Flore Gleisbahnfett zeichnet sich durch nachstehende Eigenschaften aus:- wasserbest\u00e4ndig- sehr leicht f\u00f6rderbar- pump- und spr\u00fchf\u00e4hig im Temperaturbereich von -25 \u00b0C und + 80 \u00b0C- ausgezeichnetes Haftverm\u00f6gen <\/p>\n<p><b>ANWENDUNGSBEREICHE<\/b> Flore Gleisbahnfett eignet sich zur Schmierung der Ber\u00fchrungsfl\u00e4chen Radspurkranz \/ Schienenflanke von Fahrzeugen aller Art, sowie zur Schmierung der Gleitfl\u00e4chen an Weichen, Zug- und Sto\u00dfeinrichtungen, wo eine schnelle biologische Abbaubarkeit gew\u00fcnscht ist. Greift Metalle, Kunststoffe und Gummi nicht an und bietet einen angemessenen Korrosionsschutz. Das Produkt entspricht den Anforderungen der Deutschen Bahn AG. <b>VERARBEITUNSHINWEISE<\/b> Flore Gleisbahnfett ist aufgrund seiner weichen Konsistenz f\u00fcr automatische Schmierger\u00e4te hervorragend geeignet. <\/p>\n<p><b>TECHNISCHE DATEN<\/b> <b>Gebrauchstemperaturbereich bei Dauerschmierung<\/b>: -30 bis +85 \u00b0C <b>Tropfpunkt<\/b>: + 175 \u00b0C (DIN 2176) <b>Wasserbest\u00e4ndigkeit<\/b>: 1-90 (DIN 51 807) <b>Seifenbasis<\/b>: Calcium <b>Grund\u00f6lviskosit\u00e4t bei 40 \u00b0C<\/b>: 25 mm\u00b2\/s (DIN 51 562) <b>Grund\u00f6lviskosit\u00e4t bei 100 \u00b0C<\/b>: 6 mm\u00b2\/s (DIN 51 562) <b>Bezeichnung<\/b>: MFE 00 E-300 (DIN 51 502) <b>NLGI- Klasse<\/b>: 000 <b>Biologische Abbaubarkeit<\/b>: &gt;90% (21 Tage) <\/p>\n<p><b>INHALTSSTOFFE<\/b>: synthetische und native Ester, Graphit <\/p>\n","protected":false},"excerpt":{"rendered":"<p>CALCIUMVERSEIFTES SCHMIERFETTFLORE GLEISBAHNFETTist ein calciumverseiftes Schmierfett, auf Basis biologisch abbaubarer Grund\u00f6le, verg\u00fctet mit Graphit. Flore Gleisbahnfett zeichnet sich durch nachstehende Eigenschaften aus:- wasserbest\u00e4ndig- sehr leicht f\u00f6rderbar- pump- und spr\u00fchf\u00e4hig im Temperaturbereich von -25 \u00b0C und + 80 \u00b0C- ausgezeichnetes Haftverm\u00f6gen ANWENDUNGSBEREICHE Flore Gleisbahnfett eignet sich zur Schmierung der Ber\u00fchrungsfl\u00e4chen Radspurkranz \/ Schienenflanke von Fahrzeugen aller&#8230;<\/p>\n","protected":false},"featured_media":5693,"comment_status":"open","ping_status":"closed","template":"","meta":[],"product_brand":[337],"product_cat":[354,393,399],"product_tag":[],"class_list":{"0":"post-5692","1":"product","2":"type-product","3":"status-publish","4":"has-post-thumbnail","6":"product_brand-flore-chemie","7":"product_cat-flore-chemie-produkte","8":"product_cat-hochwirksame-reinigungs-und-schmiermittel","9":"product_cat-schmiermittel-lagerfett","11":"first","12":"instock","13":"shipping-taxable","14":"purchasable","15":"product-type-simple"},"_links":{"self":[{"href":"https:\/\/demo8.izveide.id.lv\/de\/wp-json\/wp\/v2\/product\/5692","targetHints":{"allow":["GET"]}}],"collection":[{"href":"https:\/\/demo8.izveide.id.lv\/de\/wp-json\/wp\/v2\/product"}],"about":[{"href":"https:\/\/demo8.izveide.id.lv\/de\/wp-json\/wp\/v2\/types\/product"}],"replies":[{"embeddable":true,"href":"https:\/\/demo8.izveide.id.lv\/de\/wp-json\/wp\/v2\/comments?post=5692"}],"wp:featuredmedia":[{"embeddable":true,"href":"https:\/\/demo8.izveide.id.lv\/de\/wp-json\/wp\/v2\/media\/5693"}],"wp:attachment":[{"href":"https:\/\/demo8.izveide.id.lv\/de\/wp-json\/wp\/v2\/media?parent=5692"}],"wp:term":[{"taxonomy":"product_brand","embeddable":true,"href":"https:\/\/demo8.izveide.id.lv\/de\/wp-json\/wp\/v2\/product_brand?post=5692"},{"taxonomy":"product_cat","embeddable":true,"href":"https:\/\/demo8.izveide.id.lv\/de\/wp-json\/wp\/v2\/product_cat?post=5692"},{"taxonomy":"product_tag","embeddable":true,"href":"https:\/\/demo8.izveide.id.lv\/de\/wp-json\/wp\/v2\/product_tag?post=5692"}],"curies":[{"name":"wp","href":"https:\/\/api.w.org\/{rel}","templated":true}]}}