{"id":5690,"date":"2026-02-03T15:40:38","date_gmt":"2026-02-03T15:40:38","guid":{"rendered":"https:\/\/demo8.izveide.id.lv\/?post_type=product&#038;p=5690"},"modified":"2026-02-03T15:40:38","modified_gmt":"2026-02-03T15:40:38","slug":"florin-walzlagerfett-code-0252","status":"publish","type":"product","link":"https:\/\/demo8.izveide.id.lv\/de\/produkt\/florin-walzlagerfett-code-0252\/","title":{"rendered":"Florin W\u00e4lzlagerfett (Art.-Nr. 0252)"},"content":{"rendered":"<p><img decoding=\"async\" alt=\"0252-PARENT\" class=\"alignnone size-full wp-image-2142\" src=\"\/wp-content\/uploads\/2026\/01\/0252-PARENT_desc.jpg\" width=\"100%\" srcset=\"https:\/\/demo8.izveide.id.lv\/wp-content\/uploads\/2026\/01\/0252-PARENT_desc.jpg 1984w, https:\/\/demo8.izveide.id.lv\/wp-content\/uploads\/2026\/01\/0252-PARENT_desc-600x450.jpg 600w, https:\/\/demo8.izveide.id.lv\/wp-content\/uploads\/2026\/01\/0252-PARENT_desc-300x225.jpg 300w, https:\/\/demo8.izveide.id.lv\/wp-content\/uploads\/2026\/01\/0252-PARENT_desc-1024x768.jpg 1024w\" sizes=\"(max-width: 1984px) 100vw, 1984px\" \/><\/p>\n<p><b>FLORIN\u00ae W\u00c4LZLAGERFETT<\/b> ist ein alterungsbest\u00e4ndiges, tropfpunktloses Hei\u00dflagerfett von geschmeidiger Konsistenz und guter F\u00f6rderbarkeit. Es ist wasserabweisend, bietet ausgezeichneten Korrosionsschutz und schmiert W\u00e4lz- und Gleitlager in hohen Temperaturbereichen. <\/p>\n<p><b>ANWENDUNGSBEREICHE<\/b> Wagen f\u00fcr H\u00e4rte-, Trocken- und Tunnel\u00f6fen, Lager in Bitumenmischanlagen, Krananlagen in Gie\u00dfereien, Gie\u00dfpfannen, Hei\u00dfluftgebl\u00e4se, Leimmaschinen und Sinterb\u00e4nder.<b>WEITERE HINWEISE<\/b> Bei Zusammentreffen hoher Temperaturen und hoher Drehzahlen ist eine regelm\u00e4\u00dfige Fetterneuerung notwendig. Vor dem Einsatz auf nicht genannten Materialien Vortest an verdeckter Stelle durchf\u00fchren. <\/p>\n<p><b>TECHNISCHE DATEN<\/b> <\/p>\n<p><b>Form<\/b>: past\u00f6s <b>Dichte (20 \u00b0C)<\/b>: 0,9 g\/cm\u00b3 <b>pH-Wert (5 %)<\/b>: 8,5 <\/p>\n<p><b>Flammpunkt<\/b>: 225 \u00b0C (Grund\u00f6l) <b>Kinetische Viskosit\u00e4t (40 \u00b0C)<\/b>: ca. 92 cSt (Grund\u00f6l) <b>Thermischer Anwendungsbereich<\/b>: -25 bis +150 \u00b0C obere <b>Anwendungstemperatur (bei h\u00e4ufiger Nachschmierung)<\/b>: ca. 220 \u00b0C<b>Korrosionsgrad = 0 Walkpenetration<\/b>: 265-295 0,1mm <\/p>\n<p><b>INHALTSSTOFFE<\/b>: Mineralschwer\u00f6l, Additivpackage, Gelbildner<\/p>\n","protected":false},"excerpt":{"rendered":"<p>FLORIN\u00ae W\u00c4LZLAGERFETT ist ein alterungsbest\u00e4ndiges, tropfpunktloses Hei\u00dflagerfett von geschmeidiger Konsistenz und guter F\u00f6rderbarkeit. Es ist wasserabweisend, bietet ausgezeichneten Korrosionsschutz und schmiert W\u00e4lz- und Gleitlager in hohen Temperaturbereichen. ANWENDUNGSBEREICHE Wagen f\u00fcr H\u00e4rte-, Trocken- und Tunnel\u00f6fen, Lager in Bitumenmischanlagen, Krananlagen in Gie\u00dfereien, Gie\u00dfpfannen, Hei\u00dfluftgebl\u00e4se, Leimmaschinen und Sinterb\u00e4nder.WEITERE HINWEISE Bei Zusammentreffen hoher Temperaturen und hoher Drehzahlen ist eine&#8230;<\/p>\n","protected":false},"featured_media":5691,"comment_status":"open","ping_status":"closed","template":"","meta":[],"product_brand":[337],"product_cat":[354,393,399],"product_tag":[],"class_list":{"0":"post-5690","1":"product","2":"type-product","3":"status-publish","4":"has-post-thumbnail","6":"product_brand-flore-chemie","7":"product_cat-flore-chemie-produkte","8":"product_cat-hochwirksame-reinigungs-und-schmiermittel","9":"product_cat-schmiermittel-lagerfett","11":"first","12":"instock","13":"shipping-taxable","14":"purchasable","15":"product-type-simple"},"_links":{"self":[{"href":"https:\/\/demo8.izveide.id.lv\/de\/wp-json\/wp\/v2\/product\/5690","targetHints":{"allow":["GET"]}}],"collection":[{"href":"https:\/\/demo8.izveide.id.lv\/de\/wp-json\/wp\/v2\/product"}],"about":[{"href":"https:\/\/demo8.izveide.id.lv\/de\/wp-json\/wp\/v2\/types\/product"}],"replies":[{"embeddable":true,"href":"https:\/\/demo8.izveide.id.lv\/de\/wp-json\/wp\/v2\/comments?post=5690"}],"wp:featuredmedia":[{"embeddable":true,"href":"https:\/\/demo8.izveide.id.lv\/de\/wp-json\/wp\/v2\/media\/5691"}],"wp:attachment":[{"href":"https:\/\/demo8.izveide.id.lv\/de\/wp-json\/wp\/v2\/media?parent=5690"}],"wp:term":[{"taxonomy":"product_brand","embeddable":true,"href":"https:\/\/demo8.izveide.id.lv\/de\/wp-json\/wp\/v2\/product_brand?post=5690"},{"taxonomy":"product_cat","embeddable":true,"href":"https:\/\/demo8.izveide.id.lv\/de\/wp-json\/wp\/v2\/product_cat?post=5690"},{"taxonomy":"product_tag","embeddable":true,"href":"https:\/\/demo8.izveide.id.lv\/de\/wp-json\/wp\/v2\/product_tag?post=5690"}],"curies":[{"name":"wp","href":"https:\/\/api.w.org\/{rel}","templated":true}]}}