{"id":5685,"date":"2026-02-03T15:40:36","date_gmt":"2026-02-03T15:40:36","guid":{"rendered":"https:\/\/demo8.izveide.id.lv\/?post_type=product&#038;p=5685"},"modified":"2026-02-03T15:40:46","modified_gmt":"2026-02-03T15:40:46","slug":"rutschbremse-code-0114","status":"publish","type":"product","link":"https:\/\/demo8.izveide.id.lv\/de\/produkt\/rutschbremse-code-0114\/","title":{"rendered":"Rutschbremse (Art.-Nr. 0114)"},"content":{"rendered":"<p><img decoding=\"async\" src=\"\/wp-content\/uploads\/2026\/01\/0114-PARENT_desc.jpg\"\/><\/p>\n<p><b>RUTSCHBREMSE<\/b><br \/><b>RUTSCHBREMSE<\/b><span style=\"text-align: justify;\"> <\/span><br \/>ist mit den meisten in Fu\u00dfbodenpflegemitteln gebr\u00e4uchlichen Rohstoffen vertr\u00e4glich. Sie verleiht Hartb\u00f6den tiefen Glanz, hohe H\u00e4rte, gute Schmutzabweisung und Rutschfestigkeit.<\/p>\n<p><b>VERARBEITUNGSHINWEISE<\/b> <br \/>Die RUTSCHBREMSE ca. 1:10 der gebrauchsfertigen Waschlauge zudosieren. Einstellungen unter einem pH-Wert von 8 sind zu vermeiden, um ein Koagulieren des Wachsfestk\u00f6rpers auszuschlie\u00dfen. Nach Abtrocknen der behandelten Fl\u00e4che ist der Boden begehbar.<\/p>\n<p><b>WEITERER HINWEIS<\/b> Zum Erhalt der Produkteigenschaften RUTSCHBREMSE frostfrei lagern. Ab einer Anwendungskonzentration von 1:10 ist RUTSCHBREMSE nicht mehr kennzeichnungspflichtig. <\/p>\n<p><b>TECHNISCHE DATEN<\/b> <\/p>\n<p><b>Form<\/b>: fl\u00fcssig <b>Dichte (20 \u00b0C)<\/b>: 0,97 g\/ml <\/p>\n<p><b>pH-Wert<\/b>: 8,5 &#8211; 9,5 <b>Viskosit\u00e4t (dyn.)<\/b>: &lt; 200 mPas <\/p>\n<p><b>INHALTSSTOFFE<\/b>: w\u00e4ssrige Polymerzubereitung mit Hilfsstoffen<\/p>\n","protected":false},"excerpt":{"rendered":"<p>RUTSCHBREMSERUTSCHBREMSE ist mit den meisten in Fu\u00dfbodenpflegemitteln gebr\u00e4uchlichen Rohstoffen vertr\u00e4glich. Sie verleiht Hartb\u00f6den tiefen Glanz, hohe H\u00e4rte, gute Schmutzabweisung und Rutschfestigkeit. VERARBEITUNGSHINWEISE Die RUTSCHBREMSE ca. 1:10 der gebrauchsfertigen Waschlauge zudosieren. Einstellungen unter einem pH-Wert von 8 sind zu vermeiden, um ein Koagulieren des Wachsfestk\u00f6rpers auszuschlie\u00dfen. Nach Abtrocknen der behandelten Fl\u00e4che ist der Boden begehbar. WEITERER&#8230;<\/p>\n","protected":false},"featured_media":5686,"comment_status":"open","ping_status":"closed","template":"","meta":[],"product_brand":[337],"product_cat":[354,402],"product_tag":[],"class_list":{"0":"post-5685","1":"product","2":"type-product","3":"status-publish","4":"has-post-thumbnail","6":"product_brand-flore-chemie","7":"product_cat-flore-chemie-produkte","8":"product_cat-spezialprodukte-additive","10":"first","11":"instock","12":"shipping-taxable","13":"purchasable","14":"product-type-variable","15":"has-default-attributes"},"_links":{"self":[{"href":"https:\/\/demo8.izveide.id.lv\/de\/wp-json\/wp\/v2\/product\/5685","targetHints":{"allow":["GET"]}}],"collection":[{"href":"https:\/\/demo8.izveide.id.lv\/de\/wp-json\/wp\/v2\/product"}],"about":[{"href":"https:\/\/demo8.izveide.id.lv\/de\/wp-json\/wp\/v2\/types\/product"}],"replies":[{"embeddable":true,"href":"https:\/\/demo8.izveide.id.lv\/de\/wp-json\/wp\/v2\/comments?post=5685"}],"wp:featuredmedia":[{"embeddable":true,"href":"https:\/\/demo8.izveide.id.lv\/de\/wp-json\/wp\/v2\/media\/5686"}],"wp:attachment":[{"href":"https:\/\/demo8.izveide.id.lv\/de\/wp-json\/wp\/v2\/media?parent=5685"}],"wp:term":[{"taxonomy":"product_brand","embeddable":true,"href":"https:\/\/demo8.izveide.id.lv\/de\/wp-json\/wp\/v2\/product_brand?post=5685"},{"taxonomy":"product_cat","embeddable":true,"href":"https:\/\/demo8.izveide.id.lv\/de\/wp-json\/wp\/v2\/product_cat?post=5685"},{"taxonomy":"product_tag","embeddable":true,"href":"https:\/\/demo8.izveide.id.lv\/de\/wp-json\/wp\/v2\/product_tag?post=5685"}],"curies":[{"name":"wp","href":"https:\/\/api.w.org\/{rel}","templated":true}]}}