{"id":5629,"date":"2026-02-03T15:40:18","date_gmt":"2026-02-03T15:40:18","guid":{"rendered":"https:\/\/demo8.izveide.id.lv\/?post_type=product&#038;p=5629"},"modified":"2026-02-03T15:40:30","modified_gmt":"2026-02-03T15:40:30","slug":"alk1353-lk","status":"publish","type":"product","link":"https:\/\/demo8.izveide.id.lv\/de\/produkt\/alk1353-lk\/","title":{"rendered":"ALK1353 LK"},"content":{"rendered":"<p><img decoding=\"async\" src=\"\/wp-content\/uploads\/2026\/01\/ALK1353-LK-PARENT_desc.jpg\"\/><\/p>\n<p><p><\/p>\n<p><strong>ALKALISCHER BREITBRANDREINIGER F\u00dcR <\/strong><b>MATERIALW<\/b><span style=\"font-family: Arial, Helvetica, sans-serif; font-weight: 700; letter-spacing: normal; background-color: rgba(255, 255, 255, 0.8);\">\u00c4<\/span><b>SCHER<\/b><strong> UND DIE MANUELLE REINIGUNG<\/strong><\/p>\n<p style=\"text-align: justify;\"><strong>Anwendungsgebiete<\/strong> <\/p>\n<p style=\"text-align: justify; \">&#8222;ALK1353 LK&#8220; ist ein universeller Reiniger f\u00fcr die Entfernung von \u00d6len, K\u00fchlschmierstoffr\u00fcckst\u00e4nden und Fetten auf Werkzeugen, Blechen, Werkst\u00fccken im Tauchverfahren, Materialw\u00e4scher und zur manuellen Reinigung. <\/p>\n<p style=\"text-align: justify; \"><span style=\"letter-spacing: normal;\">&#8222;ALK1353 LK&#8220;<\/span> ist extrem schaumarm und kann leicht abgesp\u00fclt werden. <\/p>\n<p style=\"text-align: justify; \"><span style=\"letter-spacing: normal;\">&#8222;ALK1353 LK&#8220;<\/span> ist geeignet f\u00fcr alle Eisen- und Stahlarten.<\/p>\n<p style=\"text-align: justify;\"><strong>Verarbeitung<\/strong> <\/p>\n<p style=\"text-align: justify;\"><span style=\"letter-spacing: normal;\">&#8222;ALK1353 LK&#8220;<\/span> wird bei der <span style=\"letter-spacing: normal;\">angewendet:<\/span><\/p>\n<p style=\"text-align: justify;\">manuellen Reinigung: 1-5 %ig <\/p>\n<p style=\"text-align: justify;\">Automatenreinigung: 1-5 %ig <\/p>\n<p style=\"text-align: justify;\">Spr\u00fchreinigung: 1-3 %ig <\/p>\n<p style=\"text-align: justify;\">Tauchreinigung: 1-5 %ig <\/p>\n<p style=\"\"><b>Hinweise:<\/b><\/p>\n<p style=\"\"><span style=\"letter-spacing: normal; text-align: justify;\">&#8222;ALK1353 LK&#8220;<\/span> enth\u00e4lt gem\u00e4\u00df EG 648\/2004 VO Detergenzien: nichtionogene Tenside &lt; 0,1 %; Glycole, Phosphate, Farb- und Duftstoffe.<b><br \/><\/b><\/p>\n<p style=\"text-align: justify;\"><strong>pH<\/strong>: 9,5 (Konz.) <\/p><\/p>\n","protected":false},"excerpt":{"rendered":"<p>ALKALISCHER BREITBRANDREINIGER F\u00dcR MATERIALW\u00c4SCHER UND DIE MANUELLE REINIGUNG Anwendungsgebiete &#8222;ALK1353 LK&#8220; ist ein universeller Reiniger f\u00fcr die Entfernung von \u00d6len, K\u00fchlschmierstoffr\u00fcckst\u00e4nden und Fetten auf Werkzeugen, Blechen, Werkst\u00fccken im Tauchverfahren, Materialw\u00e4scher und zur manuellen Reinigung. &#8222;ALK1353 LK&#8220; ist extrem schaumarm und kann leicht abgesp\u00fclt werden. &#8222;ALK1353 LK&#8220; ist geeignet f\u00fcr alle Eisen- und Stahlarten. Verarbeitung &#8222;ALK1353&#8230;<\/p>\n","protected":false},"featured_media":5630,"comment_status":"open","ping_status":"closed","template":"","meta":[],"product_brand":[319],"product_cat":[415,418,421],"product_tag":[],"class_list":{"0":"post-5629","1":"product","2":"type-product","3":"status-publish","4":"has-post-thumbnail","6":"product_brand-chemie-spezial","7":"product_cat-chemie-spezial-produkte","8":"product_cat-industrie","9":"product_cat-reinigung-und-entfettung","11":"first","12":"instock","13":"shipping-taxable","14":"purchasable","15":"product-type-variable","16":"has-default-attributes"},"_links":{"self":[{"href":"https:\/\/demo8.izveide.id.lv\/de\/wp-json\/wp\/v2\/product\/5629","targetHints":{"allow":["GET"]}}],"collection":[{"href":"https:\/\/demo8.izveide.id.lv\/de\/wp-json\/wp\/v2\/product"}],"about":[{"href":"https:\/\/demo8.izveide.id.lv\/de\/wp-json\/wp\/v2\/types\/product"}],"replies":[{"embeddable":true,"href":"https:\/\/demo8.izveide.id.lv\/de\/wp-json\/wp\/v2\/comments?post=5629"}],"wp:featuredmedia":[{"embeddable":true,"href":"https:\/\/demo8.izveide.id.lv\/de\/wp-json\/wp\/v2\/media\/5630"}],"wp:attachment":[{"href":"https:\/\/demo8.izveide.id.lv\/de\/wp-json\/wp\/v2\/media?parent=5629"}],"wp:term":[{"taxonomy":"product_brand","embeddable":true,"href":"https:\/\/demo8.izveide.id.lv\/de\/wp-json\/wp\/v2\/product_brand?post=5629"},{"taxonomy":"product_cat","embeddable":true,"href":"https:\/\/demo8.izveide.id.lv\/de\/wp-json\/wp\/v2\/product_cat?post=5629"},{"taxonomy":"product_tag","embeddable":true,"href":"https:\/\/demo8.izveide.id.lv\/de\/wp-json\/wp\/v2\/product_tag?post=5629"}],"curies":[{"name":"wp","href":"https:\/\/api.w.org\/{rel}","templated":true}]}}