{"id":5618,"date":"2026-02-03T15:40:12","date_gmt":"2026-02-03T15:40:12","guid":{"rendered":"https:\/\/demo8.izveide.id.lv\/?post_type=product&#038;p=5618"},"modified":"2026-02-03T15:40:30","modified_gmt":"2026-02-03T15:40:30","slug":"alk060-lk","status":"publish","type":"product","link":"https:\/\/demo8.izveide.id.lv\/de\/produkt\/alk060-lk\/","title":{"rendered":"ALK060 LK"},"content":{"rendered":"<p><img decoding=\"async\" src=\"\/wp-content\/uploads\/2026\/01\/ALK060-LK-PARENT_desc.jpg\"\/><\/p>\n<p><p><\/p>\n<p><b>DAS STARKE REINIGUNGSMITTEL MIT DEN VIELEN ANWENDUNGSM<\/b><span style=\"font-family: Arial, Helvetica, sans-serif; font-weight: 700; letter-spacing: normal; text-align: justify; background-color: rgba(255, 255, 255, 0.8);\">\u00d6<\/span><b>GLICHKEITEN<\/b><\/p>\n<p><b>Produkt beschreibung:<br \/><\/b><\/p>\n<p style=\"text-align: justify; \">&#8222;ALK060 LK&#8220; steht anwendungstechnisch zwischen einem Allzweck- und Grundreiniger. Je nach Dosierung kann dieses Produkt f\u00fcr beide Bereiche eingesetzt werden. <\/p>\n<p style=\"text-align: justify; \">Es ist als Allzweckreiniger in K\u00fcchen, Sanit\u00e4rbereichen, auf Glas, Kunststoffen etc. und als Grundreiniger f\u00fcr die Entfernung von Wachs-, \u00d6l- und Fettablagerungen einsetzbar. <\/p>\n<p style=\"text-align: justify; \">F\u00fcr die Industriereinigung kann <span style=\"letter-spacing: normal;\">&#8222;ALK060 LK&#8220;<\/span> bedenkenlos auf Maschinen, Blechen, Metallteilen und Werkzeugen angewendet werden. <\/p>\n<p style=\"text-align: justify; \"><span style=\"letter-spacing: normal;\">&#8222;ALK060 LK&#8220;<\/span> enth\u00e4lt Tenside und L\u00f6sungsvermittler die, nach OECD-Methode, in ihrer Abbaubarkeit die Anforderungen des deutschen Waschmittelgesetzes erf\u00fcllen.<b><br \/><\/b><\/p>\n<p style=\"text-align: justify; \"><b>Verarbeitung:<\/b><\/p>\n<p style=\"text-align: justify; \"><span style=\"letter-spacing: normal;\">&#8222;ALK060 LK&#8220;<\/span> wird als Allzweckreiniger 1:20 &#8211; 1:50 (1 &#8211; 2 Tassen) auf einen Eimer Wasser (8 Ltr.) verd\u00fcnnt. <\/p>\n<p style=\"text-align: justify; \">Bei der Grundreinigung <span style=\"letter-spacing: normal;\">&#8222;ALK060 LK&#8220;<\/span> 1:1 &#8211; 1:10 verd\u00fcnnen und auf die Verschmutzungen ca. 1 Minuten einwirken lassen. <\/p>\n<p style=\"text-align: justify; \">Auf Linoleumb\u00f6den sollte eine Verd\u00fcnnung von 1:10 nicht unterschritten werden.<b><br \/><\/b><\/p>\n<p style=\"text-align: justify; \"><b>Hinweise:<\/b><\/p>\n<p style=\"text-align: justify; \">Obwohl <span style=\"letter-spacing: normal;\">&#8222;ALK060 LK&#8220;<\/span> materialschonend ist, sollte, wie z. B. auf Linoleum, an verdeckter Stelle ein Probeauftrag durchgef\u00fchrt werden. <\/p>\n<p style=\"text-align: justify; \">Bei empfindlichen Personen k\u00f6nnen leicht Hautreizungen auftreten, welche durch Tragen von Gummihandschuhen verhindertwerden k\u00f6nnen.<b><br \/><\/b><\/p>\n<p style=\"text-align: justify; \"><b>pH (konz.):<\/b> 8 &#8211; 10<\/p><\/p>\n","protected":false},"excerpt":{"rendered":"<p>DAS STARKE REINIGUNGSMITTEL MIT DEN VIELEN ANWENDUNGSM\u00d6GLICHKEITEN Produkt beschreibung: &#8222;ALK060 LK&#8220; steht anwendungstechnisch zwischen einem Allzweck- und Grundreiniger. Je nach Dosierung kann dieses Produkt f\u00fcr beide Bereiche eingesetzt werden. Es ist als Allzweckreiniger in K\u00fcchen, Sanit\u00e4rbereichen, auf Glas, Kunststoffen etc. und als Grundreiniger f\u00fcr die Entfernung von Wachs-, \u00d6l- und Fettablagerungen einsetzbar. F\u00fcr die Industriereinigung&#8230;<\/p>\n","protected":false},"featured_media":5619,"comment_status":"open","ping_status":"closed","template":"","meta":[],"product_brand":[319],"product_cat":[415,418,433,421,442],"product_tag":[],"class_list":{"0":"post-5618","1":"product","2":"type-product","3":"status-publish","4":"has-post-thumbnail","6":"product_brand-chemie-spezial","7":"product_cat-chemie-spezial-produkte","8":"product_cat-industrie","9":"product_cat-kfz-motorrad-und-lkw-reiniger","10":"product_cat-reinigung-und-entfettung","11":"product_cat-spezialprodukte-und-felgenreiniger","13":"first","14":"instock","15":"shipping-taxable","16":"purchasable","17":"product-type-variable","18":"has-default-attributes"},"_links":{"self":[{"href":"https:\/\/demo8.izveide.id.lv\/de\/wp-json\/wp\/v2\/product\/5618","targetHints":{"allow":["GET"]}}],"collection":[{"href":"https:\/\/demo8.izveide.id.lv\/de\/wp-json\/wp\/v2\/product"}],"about":[{"href":"https:\/\/demo8.izveide.id.lv\/de\/wp-json\/wp\/v2\/types\/product"}],"replies":[{"embeddable":true,"href":"https:\/\/demo8.izveide.id.lv\/de\/wp-json\/wp\/v2\/comments?post=5618"}],"wp:featuredmedia":[{"embeddable":true,"href":"https:\/\/demo8.izveide.id.lv\/de\/wp-json\/wp\/v2\/media\/5619"}],"wp:attachment":[{"href":"https:\/\/demo8.izveide.id.lv\/de\/wp-json\/wp\/v2\/media?parent=5618"}],"wp:term":[{"taxonomy":"product_brand","embeddable":true,"href":"https:\/\/demo8.izveide.id.lv\/de\/wp-json\/wp\/v2\/product_brand?post=5618"},{"taxonomy":"product_cat","embeddable":true,"href":"https:\/\/demo8.izveide.id.lv\/de\/wp-json\/wp\/v2\/product_cat?post=5618"},{"taxonomy":"product_tag","embeddable":true,"href":"https:\/\/demo8.izveide.id.lv\/de\/wp-json\/wp\/v2\/product_tag?post=5618"}],"curies":[{"name":"wp","href":"https:\/\/api.w.org\/{rel}","templated":true}]}}